{"id":941,"date":"2024-07-18T14:53:34","date_gmt":"2024-07-18T11:53:34","guid":{"rendered":"https:\/\/shop.tampere.fi\/vapriikki\/tuote\/eppu-normaali-valkoinen-kupla-rajoitettu-erikoispainos\/"},"modified":"2026-03-24T15:31:19","modified_gmt":"2026-03-24T13:31:19","slug":"eppu-normaali-valkoinen-kupla-rajoitettu-erikoispainos","status":"publish","type":"product","link":"https:\/\/shop.tampere.fi\/vapriikki\/tuote\/eppu-normaali-valkoinen-kupla-rajoitettu-erikoispainos\/","title":{"rendered":"Eppu Normaali: Valkoinen kupla &#8211; rajoitettu erikoispainos!"},"content":{"rendered":"<p><strong>RAJOITETTU 200kpl ERIKOISPAINOS, SAATAVILLA VAIN VAPRIIKIN MUSEOKAUPALTA!<\/strong><\/p>\n<p>\u00a0<\/p>\n<p>L\u00e4pin\u00e4kyv\u00e4 160 g vinyyli LP (33rpm)<\/p>\n<p>Avattavat kannet, lyriikkaliite<\/p>\n<p>\u00a0<\/p>\n<p>EPPU NORMAALI &#8211; VALKOINEN KUPLA<\/p>\n<p>\u00a0<\/p>\n<p>A<\/p>\n<p>1. En Saa Mielest\u00e4 Sinua<\/p>\n<p>2. Kaikki H\u00e4ipyy, On Vain Nyt<\/p>\n<p>3. Pois Meluun Ja Tuiskeeseen<\/p>\n<p>4. Kultaista Sadetta<\/p>\n<p>5. Kun Jatsia Kuunneltiin<\/p>\n<p>\u00a0<\/p>\n<p>B<\/p>\n<p>1. Valkoinen Kupla<\/p>\n<p>2. Joka P\u00e4iv\u00e4 Ja Joka Ikinen Y\u00f6<\/p>\n<p>3. Mutta Ihmeist\u00e4 Suurin (Joka J\u00e4i N\u00e4kem\u00e4tt\u00e4)<\/p>\n<p>4. Eih\u00e4n T\u00e4m\u00e4n Nyt N\u00e4in Pit\u00e4nyt Olla<\/p>\n<p>5. Paha Taika<\/p>\n<p>\u00a0<\/p>\n<p>Vinyylipainoksen uudelleenmasterointi: Samu Oittinen, Fantom Studio<\/p>\n<p>Julkaisuvuosi: 1986 \/ 2024<\/p>\n<p>Julkaisija: Backstage Rock Shop Oy<\/p>\n<p>Levykoodi: BRS-014<\/p>\n<p>\u00a0<\/p>\n<p>www.backstagerockshop.com<\/p>\n<p>www.eppunormaali.com<\/p>\n","protected":false},"excerpt":{"rendered":"<p>RAJOITETTU 200kpl ERIKOISPAINOS, SAATAVILLA VAIN VAPRIIKIN MUSEOKAUPALTA! \u00a0 L\u00e4pin\u00e4kyv\u00e4 160 g vinyyli LP (33rpm) Avattavat kannet, lyriikkaliite \u00a0 EPPU NORMAALI &#8211; VALKOINEN KUPLA \u00a0 A 1. En Saa Mielest\u00e4 Sinua 2. Kaikki H\u00e4ipyy, On Vain Nyt 3. Pois Meluun Ja Tuiskeeseen 4. Kultaista Sadetta 5. Kun Jatsia Kuunneltiin \u00a0 B 1. Valkoinen Kupla 2. Joka [&hellip;]<\/p>\n","protected":false},"featured_media":938,"template":"","meta":[],"product_brand":[],"product_cat":[67],"product_tag":[],"class_list":{"0":"post-941","1":"product","2":"type-product","3":"status-publish","4":"has-post-thumbnail","6":"product_cat-manserock","8":"first","9":"instock","10":"taxable","11":"shipping-taxable","12":"purchasable","13":"product-type-simple"},"_links":{"self":[{"href":"https:\/\/shop.tampere.fi\/vapriikki\/wp-json\/wp\/v2\/product\/941","targetHints":{"allow":["GET"]}}],"collection":[{"href":"https:\/\/shop.tampere.fi\/vapriikki\/wp-json\/wp\/v2\/product"}],"about":[{"href":"https:\/\/shop.tampere.fi\/vapriikki\/wp-json\/wp\/v2\/types\/product"}],"wp:featuredmedia":[{"embeddable":true,"href":"https:\/\/shop.tampere.fi\/vapriikki\/wp-json\/wp\/v2\/media\/938"}],"wp:attachment":[{"href":"https:\/\/shop.tampere.fi\/vapriikki\/wp-json\/wp\/v2\/media?parent=941"}],"wp:term":[{"taxonomy":"product_brand","embeddable":true,"href":"https:\/\/shop.tampere.fi\/vapriikki\/wp-json\/wp\/v2\/product_brand?post=941"},{"taxonomy":"product_cat","embeddable":true,"href":"https:\/\/shop.tampere.fi\/vapriikki\/wp-json\/wp\/v2\/product_cat?post=941"},{"taxonomy":"product_tag","embeddable":true,"href":"https:\/\/shop.tampere.fi\/vapriikki\/wp-json\/wp\/v2\/product_tag?post=941"}],"curies":[{"name":"wp","href":"https:\/\/api.w.org\/{rel}","templated":true}]}}