{"id":935,"date":"2024-07-18T14:53:26","date_gmt":"2024-07-18T11:53:26","guid":{"rendered":"https:\/\/shop.tampere.fi\/vapriikki\/tuote\/eppu-normaali-imperiumin-vastaisku-rajoitettu-erikoispainos\/"},"modified":"2026-03-24T15:31:17","modified_gmt":"2026-03-24T13:31:17","slug":"eppu-normaali-imperiumin-vastaisku-rajoitettu-erikoispainos","status":"publish","type":"product","link":"https:\/\/shop.tampere.fi\/vapriikki\/tuote\/eppu-normaali-imperiumin-vastaisku-rajoitettu-erikoispainos\/","title":{"rendered":"Eppu Normaali: Imperiumin vastaisku &#8211; rajoitettu erikoispainos!"},"content":{"rendered":"<p><strong>RAJOITETTU 200kpl ERIKOISPAINOS, SAATAVILLA VAIN VAPRIIKIN MUSEOKAUPALTA!<\/strong><\/p>\n<p>\u00a0<\/p>\n<p>L\u00e4pin\u00e4kyv\u00e4 punainen 160 g vinyyli LP (33rpm), lyriikkaliite<\/p>\n<p>\u00a0<\/p>\n<p>EPPU NORMAALI &#8211; IMPERIUMIN VASTAISKU<\/p>\n<p>\u00a0<\/p>\n<p>A\u00a0<\/p>\n<p>1. Afrikka, Sarvikuonojen Maa<\/p>\n<p>2. N\u00e4in Kulutan Aikaa<\/p>\n<p>3. Linnunradan Laidalla<\/p>\n<p>4. Baarik\u00e4rp\u00e4nen<\/p>\n<p>5. Kalkkiviivoilla<\/p>\n<p>\u00a0<\/p>\n<p>B\u00a0<\/p>\n<p>1. Osa Luonnollista Karsintaa<\/p>\n<p>2. Samaan Aikaan Toisaalla<\/p>\n<p>3. Keskiy\u00f6n Cowboy<\/p>\n<p>4. Roudan Rutinaa<\/p>\n<p>\u00a0<\/p>\n<p>Vinyylipainoksen uudelleenmasterointi: Samu Oittinen, Fantom Studio<\/p>\n<p>Julkaisuvuosi: 1988 \/ 2024<\/p>\n<p>Julkaisija: Backstage Rock Shop Oy<\/p>\n<p>Levykoodi: BRS-015<\/p>\n<p>\u00a0<\/p>\n<p>www.backstagerockshop.com<\/p>\n<p>www.eppunormaali.com<\/p>\n","protected":false},"excerpt":{"rendered":"<p>RAJOITETTU 200kpl ERIKOISPAINOS, SAATAVILLA VAIN VAPRIIKIN MUSEOKAUPALTA! \u00a0 L\u00e4pin\u00e4kyv\u00e4 punainen 160 g vinyyli LP (33rpm), lyriikkaliite \u00a0 EPPU NORMAALI &#8211; IMPERIUMIN VASTAISKU \u00a0 A\u00a0 1. Afrikka, Sarvikuonojen Maa 2. N\u00e4in Kulutan Aikaa 3. Linnunradan Laidalla 4. Baarik\u00e4rp\u00e4nen 5. Kalkkiviivoilla \u00a0 B\u00a0 1. Osa Luonnollista Karsintaa 2. Samaan Aikaan Toisaalla 3. Keskiy\u00f6n Cowboy 4. Roudan Rutinaa [&hellip;]<\/p>\n","protected":false},"featured_media":932,"template":"","meta":[],"product_brand":[],"product_cat":[67],"product_tag":[],"class_list":{"0":"post-935","1":"product","2":"type-product","3":"status-publish","4":"has-post-thumbnail","6":"product_cat-manserock","8":"first","9":"instock","10":"taxable","11":"shipping-taxable","12":"purchasable","13":"product-type-simple"},"_links":{"self":[{"href":"https:\/\/shop.tampere.fi\/vapriikki\/wp-json\/wp\/v2\/product\/935","targetHints":{"allow":["GET"]}}],"collection":[{"href":"https:\/\/shop.tampere.fi\/vapriikki\/wp-json\/wp\/v2\/product"}],"about":[{"href":"https:\/\/shop.tampere.fi\/vapriikki\/wp-json\/wp\/v2\/types\/product"}],"wp:featuredmedia":[{"embeddable":true,"href":"https:\/\/shop.tampere.fi\/vapriikki\/wp-json\/wp\/v2\/media\/932"}],"wp:attachment":[{"href":"https:\/\/shop.tampere.fi\/vapriikki\/wp-json\/wp\/v2\/media?parent=935"}],"wp:term":[{"taxonomy":"product_brand","embeddable":true,"href":"https:\/\/shop.tampere.fi\/vapriikki\/wp-json\/wp\/v2\/product_brand?post=935"},{"taxonomy":"product_cat","embeddable":true,"href":"https:\/\/shop.tampere.fi\/vapriikki\/wp-json\/wp\/v2\/product_cat?post=935"},{"taxonomy":"product_tag","embeddable":true,"href":"https:\/\/shop.tampere.fi\/vapriikki\/wp-json\/wp\/v2\/product_tag?post=935"}],"curies":[{"name":"wp","href":"https:\/\/api.w.org\/{rel}","templated":true}]}}