{"id":931,"date":"2024-07-18T14:53:17","date_gmt":"2024-07-18T11:53:17","guid":{"rendered":"https:\/\/shop.tampere.fi\/vapriikki\/tuote\/eppu-normaali-kahdeksas-ihme-limited-special-edition\/"},"modified":"2026-03-24T15:31:15","modified_gmt":"2026-03-24T13:31:15","slug":"eppu-normaali-kahdeksas-ihme-limited-special-edition","status":"publish","type":"product","link":"https:\/\/shop.tampere.fi\/vapriikki\/tuote\/eppu-normaali-kahdeksas-ihme-limited-special-edition\/?lang=en","title":{"rendered":"Eppu Normaali: Kahdeksas ihme &#8211; Limited Special Edition!"},"content":{"rendered":"<p><strong>LIMITED SPECIAL EDITION, ONLY AVAILABLE AT VAPRIIKKI MUSEUM SHOP!<\/strong><\/p>\n<p>\u00a0<\/p>\n<p>\u00a0Transparent 160g vinyl LP (33rpm)<\/p>\n<p>\u00a0Folded covers, lyric sheet<\/p>\n<p>\u00a0<\/p>\n<p>EPPU NORMAALI &#8211; KAHDEKSAS IHME<\/p>\n<p>\u00a0<\/p>\n<p>A<\/p>\n<p>1. Tien P\u00e4\u00e4ll\u00e4 Taas<\/p>\n<p>2. Voi Kuinka Me Sinua Kaivataan<\/p>\n<p>3. Vuonna &#8217;85<\/p>\n<p>4. El\u00e4m\u00e4n Tarkoitus<\/p>\n<p>\u00a0<\/p>\n<p>B<\/p>\n<p>1. Kitara, Taivas Ja T\u00e4hdet<\/p>\n<p>2. Tihkumme Seksi\u00e4<\/p>\n<p>3. Vihre\u00e4n Joen Rannalla (Kauan Sitten)<\/p>\n<p>4. Y\u00f6juttu<\/p>\n<p>5. L\u00e4pivalaistu<\/p>\n<p>\u00a0<\/p>\n<p>Recorded at MSL studio 1985<\/p>\n<p>Remastering of the vinyl edition: Samu Oittinen, Fantom Studio<\/p>\n<p>\u00a0<\/p>\n<p>Published: 1985 \/ 2024<\/p>\n<p>Publisher: Backstage Rock Shop Oy<\/p>\n<p>Disc code: BRS-008<\/p>\n<p>\u00a0<\/p>\n<p>www.backstagerockshop.com<\/p>\n<p>www.eppunormaali.com<\/p>\n","protected":false},"excerpt":{"rendered":"<p>LIMITED SPECIAL EDITION, ONLY AVAILABLE AT VAPRIIKKI MUSEUM SHOP! \u00a0 \u00a0Transparent 160g vinyl LP (33rpm) \u00a0Folded covers, lyric sheet \u00a0 EPPU NORMAALI &#8211; KAHDEKSAS IHME \u00a0 A 1. Tien P\u00e4\u00e4ll\u00e4 Taas 2. Voi Kuinka Me Sinua Kaivataan 3. Vuonna &#8217;85 4. El\u00e4m\u00e4n Tarkoitus \u00a0 B 1. Kitara, Taivas Ja T\u00e4hdet 2. Tihkumme Seksi\u00e4 3. Vihre\u00e4n [&hellip;]<\/p>\n","protected":false},"featured_media":927,"template":"","meta":[],"product_brand":[],"product_cat":[68],"product_tag":[],"class_list":{"0":"post-931","1":"product","2":"type-product","3":"status-publish","4":"has-post-thumbnail","6":"product_cat-manserock-0","8":"first","9":"outofstock","10":"taxable","11":"shipping-taxable","12":"purchasable","13":"product-type-simple"},"_links":{"self":[{"href":"https:\/\/shop.tampere.fi\/vapriikki\/wp-json\/wp\/v2\/product\/931","targetHints":{"allow":["GET"]}}],"collection":[{"href":"https:\/\/shop.tampere.fi\/vapriikki\/wp-json\/wp\/v2\/product"}],"about":[{"href":"https:\/\/shop.tampere.fi\/vapriikki\/wp-json\/wp\/v2\/types\/product"}],"wp:featuredmedia":[{"embeddable":true,"href":"https:\/\/shop.tampere.fi\/vapriikki\/wp-json\/wp\/v2\/media\/927"}],"wp:attachment":[{"href":"https:\/\/shop.tampere.fi\/vapriikki\/wp-json\/wp\/v2\/media?parent=931"}],"wp:term":[{"taxonomy":"product_brand","embeddable":true,"href":"https:\/\/shop.tampere.fi\/vapriikki\/wp-json\/wp\/v2\/product_brand?post=931"},{"taxonomy":"product_cat","embeddable":true,"href":"https:\/\/shop.tampere.fi\/vapriikki\/wp-json\/wp\/v2\/product_cat?post=931"},{"taxonomy":"product_tag","embeddable":true,"href":"https:\/\/shop.tampere.fi\/vapriikki\/wp-json\/wp\/v2\/product_tag?post=931"}],"curies":[{"name":"wp","href":"https:\/\/api.w.org\/{rel}","templated":true}]}}