{"id":929,"date":"2024-07-18T14:53:17","date_gmt":"2024-07-18T11:53:17","guid":{"rendered":"https:\/\/shop.tampere.fi\/vapriikki\/tuote\/eppu-normaali-kahdeksas-ihme-rajoitettu-erikoispainos\/"},"modified":"2026-03-24T15:31:14","modified_gmt":"2026-03-24T13:31:14","slug":"eppu-normaali-kahdeksas-ihme-rajoitettu-erikoispainos","status":"publish","type":"product","link":"https:\/\/shop.tampere.fi\/vapriikki\/tuote\/eppu-normaali-kahdeksas-ihme-rajoitettu-erikoispainos\/","title":{"rendered":"Eppu Normaali: Kahdeksas ihme &#8211; rajoitettu erikoispainos!"},"content":{"rendered":"<p><strong>RAJOITETTU 200kpl ERIKOISPAINOS, SAATAVILLA VAIN VAPRIIKIN MUSEOKAUPALTA!<\/strong><\/p>\n<p>\u00a0<\/p>\n<p>L\u00e4pin\u00e4kyv\u00e4 160 g vinyyli LP (33rpm)<\/p>\n<p>Avattavat kannet, lyriikkaliite<\/p>\n<p>\u00a0<\/p>\n<p>EPPU NORMAALI &#8211; KAHDEKSAS IHME<\/p>\n<p>\u00a0<\/p>\n<p>A<\/p>\n<p>1. Tien P\u00e4\u00e4ll\u00e4 Taas<\/p>\n<p>2. Voi Kuinka Me Sinua Kaivataan<\/p>\n<p>3. Vuonna &#8217;85<\/p>\n<p>4. El\u00e4m\u00e4n Tarkoitus<\/p>\n<p>\u00a0<\/p>\n<p>B<\/p>\n<p>1. Kitara, Taivas Ja T\u00e4hdet<\/p>\n<p>2. Tihkumme Seksi\u00e4<\/p>\n<p>3. Vihre\u00e4n Joen Rannalla (Kauan Sitten)<\/p>\n<p>4. Y\u00f6juttu<\/p>\n<p>5. L\u00e4pivalaistu<\/p>\n<p>\u00a0<\/p>\n<p>\u00c4\u00e4nitys: MSL-studio 1985<\/p>\n<p>Vinyylipainoksen uudelleenmasterointi: Samu Oittinen, Fantom Studio<\/p>\n<p>\u00a0<\/p>\n<p>Julkaisuvuosi 1985 \/ 2024<\/p>\n<p>Julkaisija: Backstage Rock Shop Oy<\/p>\n<p>Levykoodi: BRS-008<\/p>\n<p>\u00a0<\/p>\n<p>www.backstagerockshop.com<\/p>\n<p>www.eppunormaali.com<\/p>\n","protected":false},"excerpt":{"rendered":"<p>RAJOITETTU 200kpl ERIKOISPAINOS, SAATAVILLA VAIN VAPRIIKIN MUSEOKAUPALTA! \u00a0 L\u00e4pin\u00e4kyv\u00e4 160 g vinyyli LP (33rpm) Avattavat kannet, lyriikkaliite \u00a0 EPPU NORMAALI &#8211; KAHDEKSAS IHME \u00a0 A 1. Tien P\u00e4\u00e4ll\u00e4 Taas 2. Voi Kuinka Me Sinua Kaivataan 3. Vuonna &#8217;85 4. El\u00e4m\u00e4n Tarkoitus \u00a0 B 1. Kitara, Taivas Ja T\u00e4hdet 2. Tihkumme Seksi\u00e4 3. Vihre\u00e4n Joen Rannalla [&hellip;]<\/p>\n","protected":false},"featured_media":926,"template":"","meta":[],"product_brand":[],"product_cat":[67],"product_tag":[],"class_list":{"0":"post-929","1":"product","2":"type-product","3":"status-publish","4":"has-post-thumbnail","6":"product_cat-manserock","8":"first","9":"outofstock","10":"taxable","11":"shipping-taxable","12":"purchasable","13":"product-type-simple"},"_links":{"self":[{"href":"https:\/\/shop.tampere.fi\/vapriikki\/wp-json\/wp\/v2\/product\/929","targetHints":{"allow":["GET"]}}],"collection":[{"href":"https:\/\/shop.tampere.fi\/vapriikki\/wp-json\/wp\/v2\/product"}],"about":[{"href":"https:\/\/shop.tampere.fi\/vapriikki\/wp-json\/wp\/v2\/types\/product"}],"wp:featuredmedia":[{"embeddable":true,"href":"https:\/\/shop.tampere.fi\/vapriikki\/wp-json\/wp\/v2\/media\/926"}],"wp:attachment":[{"href":"https:\/\/shop.tampere.fi\/vapriikki\/wp-json\/wp\/v2\/media?parent=929"}],"wp:term":[{"taxonomy":"product_brand","embeddable":true,"href":"https:\/\/shop.tampere.fi\/vapriikki\/wp-json\/wp\/v2\/product_brand?post=929"},{"taxonomy":"product_cat","embeddable":true,"href":"https:\/\/shop.tampere.fi\/vapriikki\/wp-json\/wp\/v2\/product_cat?post=929"},{"taxonomy":"product_tag","embeddable":true,"href":"https:\/\/shop.tampere.fi\/vapriikki\/wp-json\/wp\/v2\/product_tag?post=929"}],"curies":[{"name":"wp","href":"https:\/\/api.w.org\/{rel}","templated":true}]}}