{"id":922,"date":"2024-07-18T13:48:47","date_gmt":"2024-07-18T10:48:47","guid":{"rendered":"https:\/\/shop.tampere.fi\/vapriikki\/tuote\/manserock-20-vuotta-sikana-7-yellow-vinyl-single\/"},"modified":"2026-03-24T15:33:20","modified_gmt":"2026-03-24T13:33:20","slug":"manserock-20-vuotta-sikana-7-yellow-vinyl-single","status":"publish","type":"product","link":"https:\/\/shop.tampere.fi\/vapriikki\/tuote\/manserock-20-vuotta-sikana-7-yellow-vinyl-single\/?lang=en","title":{"rendered":"MANSEROCK 20 vuotta sikana 7&#8243; yellow vinyl single"},"content":{"rendered":"<p><strong>Second edition, yellow vinyl<\/strong><\/p>\n<p>7&#8243; vinyl single<\/p>\n<p>A: Vapriikki Manserock-version<\/p>\n<p>B: Karaoke version<\/p>\n<p>\u00a0<\/p>\n<p>Vapriikki Manserock-orchestra<\/p>\n<p>Martti Syrj\u00e4: vocals<\/p>\n<p>Pate Mustaj\u00e4rvi: vocals<\/p>\n<p>Juha Torvinen: guitar<\/p>\n<p>Costello Hautam\u00e4ki: guitar, vocals<\/p>\n<p>Sami Ruusukallio: bass, vocals<\/p>\n<p>Aku Syrj\u00e4: drums<\/p>\n<p>Mikko Kangasj\u00e4rvi: piano<\/p>\n<p>Masa Orpana: Saxophones<\/p>\n<p>Backing vocals: Toni L\u00e4hteenm\u00e4ki, Noora Louhimo, Anton \u00c4ik\u00e4s, Vesa Holmala\u00a0<\/p>\n<p>Production: Otto Hallamaa, Mikko Kangasj\u00e4rvi ja Juuso Nordlund<\/p>\n<p>Recording and mixing: Juuso Nordlund ja Otto Hallamaa \/ JJ Studio<\/p>\n<p>Additional recordings: Mikko Kangasj\u00e4rvi ja Onni Pietil\u00e4 \/ Headline Studio<\/p>\n<p>Mastering: Mikko Saarinen<\/p>\n<p>Wondering and cheering: Jukka Junttila<\/p>\n<p>Photos: Juha Torvinen, Seija-Leena Nevala, Olli-Pekka Myyr\u00e4, Sami Ruusukalllio<\/p>\n<p>Graphic design: Kari Lahtinen<\/p>\n<p>Publisher: Vapriikki, Hiljaiset levyt<\/p>\n<p>Published: 2024<\/p>\n<p>Vapr-001<\/p>\n","protected":false},"excerpt":{"rendered":"<p>Second edition, yellow vinyl 7&#8243; vinyl single A: Vapriikki Manserock-version B: Karaoke version \u00a0 Vapriikki Manserock-orchestra Martti Syrj\u00e4: vocals Pate Mustaj\u00e4rvi: vocals Juha Torvinen: guitar Costello Hautam\u00e4ki: guitar, vocals Sami Ruusukallio: bass, vocals Aku Syrj\u00e4: drums Mikko Kangasj\u00e4rvi: piano Masa Orpana: Saxophones Backing vocals: Toni L\u00e4hteenm\u00e4ki, Noora Louhimo, Anton \u00c4ik\u00e4s, Vesa Holmala\u00a0 Production: Otto Hallamaa, [&hellip;]<\/p>\n","protected":false},"featured_media":918,"template":"","meta":[],"product_brand":[],"product_cat":[68],"product_tag":[],"class_list":{"0":"post-922","1":"product","2":"type-product","3":"status-publish","4":"has-post-thumbnail","6":"product_cat-manserock-0","8":"first","9":"instock","10":"taxable","11":"shipping-taxable","12":"purchasable","13":"product-type-simple"},"_links":{"self":[{"href":"https:\/\/shop.tampere.fi\/vapriikki\/wp-json\/wp\/v2\/product\/922","targetHints":{"allow":["GET"]}}],"collection":[{"href":"https:\/\/shop.tampere.fi\/vapriikki\/wp-json\/wp\/v2\/product"}],"about":[{"href":"https:\/\/shop.tampere.fi\/vapriikki\/wp-json\/wp\/v2\/types\/product"}],"wp:featuredmedia":[{"embeddable":true,"href":"https:\/\/shop.tampere.fi\/vapriikki\/wp-json\/wp\/v2\/media\/918"}],"wp:attachment":[{"href":"https:\/\/shop.tampere.fi\/vapriikki\/wp-json\/wp\/v2\/media?parent=922"}],"wp:term":[{"taxonomy":"product_brand","embeddable":true,"href":"https:\/\/shop.tampere.fi\/vapriikki\/wp-json\/wp\/v2\/product_brand?post=922"},{"taxonomy":"product_cat","embeddable":true,"href":"https:\/\/shop.tampere.fi\/vapriikki\/wp-json\/wp\/v2\/product_cat?post=922"},{"taxonomy":"product_tag","embeddable":true,"href":"https:\/\/shop.tampere.fi\/vapriikki\/wp-json\/wp\/v2\/product_tag?post=922"}],"curies":[{"name":"wp","href":"https:\/\/api.w.org\/{rel}","templated":true}]}}