{"id":896,"date":"2024-07-11T16:40:38","date_gmt":"2024-07-11T13:40:38","guid":{"rendered":"https:\/\/shop.tampere.fi\/vapriikki\/tuote\/pongista-pleikkaan\/"},"modified":"2026-04-13T10:45:01","modified_gmt":"2026-04-13T07:45:01","slug":"pongista-pleikkaan","status":"publish","type":"product","link":"https:\/\/shop.tampere.fi\/vapriikki\/tuote\/pongista-pleikkaan\/","title":{"rendered":"Pongista Pleikkaan"},"content":{"rendered":"<p>\u00a0<\/p>\n<p>S\u00e4hk\u00f6ist\u00e4 pelikulttuuria Electrasta Pongiin<\/p>\n<p>\u00a0<\/p>\n<p>Julkaisija: Mediamuseo Rupriikki, Perinneyhdistys Elektra ry<\/p>\n<p>Toimittajat: Kimmo Kyll\u00f6nen, Saija Lehtonen<\/p>\n<p>Taitto ja kuvitus: Vilja Heinonen<\/p>\n<p>88 sivua, pehme\u00e4kantinen<\/p>\n<p>Kieli: Suomi<\/p>\n<p>ISBN: 978 951 609 454 3<\/p>\n","protected":false},"excerpt":{"rendered":"<p>\u00a0 S\u00e4hk\u00f6ist\u00e4 pelikulttuuria Electrasta Pongiin \u00a0 Julkaisija: Mediamuseo Rupriikki, Perinneyhdistys Elektra ry Toimittajat: Kimmo Kyll\u00f6nen, Saija Lehtonen Taitto ja kuvitus: Vilja Heinonen 88 sivua, pehme\u00e4kantinen Kieli: Suomi ISBN: 978 951 609 454 3<\/p>\n","protected":false},"featured_media":893,"template":"","meta":[],"product_brand":[],"product_cat":[83],"product_tag":[],"class_list":{"0":"post-896","1":"product","2":"type-product","3":"status-publish","4":"has-post-thumbnail","6":"product_cat-suomen-pelimuseo","8":"first","9":"instock","10":"taxable","11":"shipping-taxable","12":"purchasable","13":"product-type-simple"},"_links":{"self":[{"href":"https:\/\/shop.tampere.fi\/vapriikki\/wp-json\/wp\/v2\/product\/896","targetHints":{"allow":["GET"]}}],"collection":[{"href":"https:\/\/shop.tampere.fi\/vapriikki\/wp-json\/wp\/v2\/product"}],"about":[{"href":"https:\/\/shop.tampere.fi\/vapriikki\/wp-json\/wp\/v2\/types\/product"}],"wp:featuredmedia":[{"embeddable":true,"href":"https:\/\/shop.tampere.fi\/vapriikki\/wp-json\/wp\/v2\/media\/893"}],"wp:attachment":[{"href":"https:\/\/shop.tampere.fi\/vapriikki\/wp-json\/wp\/v2\/media?parent=896"}],"wp:term":[{"taxonomy":"product_brand","embeddable":true,"href":"https:\/\/shop.tampere.fi\/vapriikki\/wp-json\/wp\/v2\/product_brand?post=896"},{"taxonomy":"product_cat","embeddable":true,"href":"https:\/\/shop.tampere.fi\/vapriikki\/wp-json\/wp\/v2\/product_cat?post=896"},{"taxonomy":"product_tag","embeddable":true,"href":"https:\/\/shop.tampere.fi\/vapriikki\/wp-json\/wp\/v2\/product_tag?post=896"}],"curies":[{"name":"wp","href":"https:\/\/api.w.org\/{rel}","templated":true}]}}