{"id":735,"date":"2024-05-15T11:55:31","date_gmt":"2024-05-15T08:55:31","guid":{"rendered":"https:\/\/shop.tampere.fi\/vapriikki\/tuote\/lahjalippu-perheet\/"},"modified":"2026-03-24T15:31:43","modified_gmt":"2026-03-24T13:31:43","slug":"lahjalippu-perheet","status":"publish","type":"product","link":"https:\/\/shop.tampere.fi\/vapriikki\/tuote\/lahjalippu-perheet\/","title":{"rendered":"Lahjalippu: Perhe"},"content":{"rendered":"<p>2 aikuista ja 1-4 alle 18-vuotiasta lasta.<\/p>\n<p>P\u00e4\u00e4sylippu kattaa kaikki Vapriikin n\u00e4yttelyt.<\/p>\n<p>Museo on avoinna ti-su 10:00-18:00.<\/p>\n<p>Poikkeukset aukioloihin: www.vapriikki.fi<\/p>\n","protected":false},"excerpt":{"rendered":"<p>2 aikuista ja 1-4 alle 18-vuotiasta lasta. P\u00e4\u00e4sylippu kattaa kaikki Vapriikin n\u00e4yttelyt. Museo on avoinna ti-su 10:00-18:00. Poikkeukset aukioloihin: www.vapriikki.fi<\/p>\n","protected":false},"featured_media":2045,"template":"","meta":[],"product_brand":[],"product_cat":[58],"product_tag":[],"class_list":{"0":"post-735","1":"product","2":"type-product","3":"status-publish","4":"has-post-thumbnail","6":"product_cat-paasyliput","8":"first","9":"instock","10":"virtual","11":"taxable","12":"purchasable","13":"product-type-simple"},"_links":{"self":[{"href":"https:\/\/shop.tampere.fi\/vapriikki\/wp-json\/wp\/v2\/product\/735","targetHints":{"allow":["GET"]}}],"collection":[{"href":"https:\/\/shop.tampere.fi\/vapriikki\/wp-json\/wp\/v2\/product"}],"about":[{"href":"https:\/\/shop.tampere.fi\/vapriikki\/wp-json\/wp\/v2\/types\/product"}],"wp:featuredmedia":[{"embeddable":true,"href":"https:\/\/shop.tampere.fi\/vapriikki\/wp-json\/wp\/v2\/media\/2045"}],"wp:attachment":[{"href":"https:\/\/shop.tampere.fi\/vapriikki\/wp-json\/wp\/v2\/media?parent=735"}],"wp:term":[{"taxonomy":"product_brand","embeddable":true,"href":"https:\/\/shop.tampere.fi\/vapriikki\/wp-json\/wp\/v2\/product_brand?post=735"},{"taxonomy":"product_cat","embeddable":true,"href":"https:\/\/shop.tampere.fi\/vapriikki\/wp-json\/wp\/v2\/product_cat?post=735"},{"taxonomy":"product_tag","embeddable":true,"href":"https:\/\/shop.tampere.fi\/vapriikki\/wp-json\/wp\/v2\/product_tag?post=735"}],"curies":[{"name":"wp","href":"https:\/\/api.w.org\/{rel}","templated":true}]}}