{"id":732,"date":"2024-05-15T11:55:27","date_gmt":"2024-05-15T08:55:27","guid":{"rendered":"https:\/\/shop.tampere.fi\/vapriikki\/tuote\/kadonnut-fortuna-seikkailu-antiikin-ostiassa-2\/"},"modified":"2026-03-24T15:32:29","modified_gmt":"2026-03-24T13:32:29","slug":"kadonnut-fortuna-seikkailu-antiikin-ostiassa-2","status":"publish","type":"product","link":"https:\/\/shop.tampere.fi\/vapriikki\/tuote\/kadonnut-fortuna-seikkailu-antiikin-ostiassa-2\/","title":{"rendered":"Kadonnut Fortuna, seikkailu antiikin Ostiassa"},"content":{"rendered":"<p>Felix on tavallinen poika, jolla on lemmikkiel\u00e4imin\u00e4\u00e4n kissa ja apina. Perheen muutto Karthagosta Ostiaan, Rooman keisarikunnan t\u00e4rkeimp\u00e4\u00e4n satamakaupunkiin, mullistaa Felixin el\u00e4m\u00e4n. Antiikintutkija Ria Berg on kirjoittanut ja kuvittanut vauhdikkaan salapoliisitarinan.<\/p>\n<p>Sis\u00e4lt\u00f6 sopii 8-13 -vuotiaille ja kaikille seikkailusta ja historiasta kiinnostuneille. Kirja sopii mainiosti historian oheislukemistoksi peruskoulun ala-asteelle.<\/p>\n<p>Julkaistu: 2019<\/p>\n<p>Julkaisija: Vapriikki \/ Satukustannus Oy<\/p>\n<p>Kirjoitus ja kuvitus: Ria Berg<\/p>\n<p>Kuvaus: Kovakantinen, 82 sivua<\/p>\n<p>Kieli: Suomi<\/p>\n<p>ISBN: 978-951-866-960-2<\/p>\n","protected":false},"excerpt":{"rendered":"<p>Felix on tavallinen poika, jolla on lemmikkiel\u00e4imin\u00e4\u00e4n kissa ja apina. Perheen muutto Karthagosta Ostiaan, Rooman keisarikunnan t\u00e4rkeimp\u00e4\u00e4n satamakaupunkiin, mullistaa Felixin el\u00e4m\u00e4n. Antiikintutkija Ria Berg on kirjoittanut ja kuvittanut vauhdikkaan salapoliisitarinan. Sis\u00e4lt\u00f6 sopii 8-13 -vuotiaille ja kaikille seikkailusta ja historiasta kiinnostuneille. Kirja sopii mainiosti historian oheislukemistoksi peruskoulun ala-asteelle. Julkaistu: 2019 Julkaisija: Vapriikki \/ Satukustannus Oy Kirjoitus [&hellip;]<\/p>\n","protected":false},"featured_media":349,"template":"","meta":[],"product_brand":[],"product_cat":[64],"product_tag":[],"class_list":{"0":"post-732","1":"product","2":"type-product","3":"status-publish","4":"has-post-thumbnail","6":"product_cat-kirjat","8":"first","9":"instock","10":"sale","11":"taxable","12":"shipping-taxable","13":"purchasable","14":"product-type-simple"},"_links":{"self":[{"href":"https:\/\/shop.tampere.fi\/vapriikki\/wp-json\/wp\/v2\/product\/732","targetHints":{"allow":["GET"]}}],"collection":[{"href":"https:\/\/shop.tampere.fi\/vapriikki\/wp-json\/wp\/v2\/product"}],"about":[{"href":"https:\/\/shop.tampere.fi\/vapriikki\/wp-json\/wp\/v2\/types\/product"}],"wp:featuredmedia":[{"embeddable":true,"href":"https:\/\/shop.tampere.fi\/vapriikki\/wp-json\/wp\/v2\/media\/349"}],"wp:attachment":[{"href":"https:\/\/shop.tampere.fi\/vapriikki\/wp-json\/wp\/v2\/media?parent=732"}],"wp:term":[{"taxonomy":"product_brand","embeddable":true,"href":"https:\/\/shop.tampere.fi\/vapriikki\/wp-json\/wp\/v2\/product_brand?post=732"},{"taxonomy":"product_cat","embeddable":true,"href":"https:\/\/shop.tampere.fi\/vapriikki\/wp-json\/wp\/v2\/product_cat?post=732"},{"taxonomy":"product_tag","embeddable":true,"href":"https:\/\/shop.tampere.fi\/vapriikki\/wp-json\/wp\/v2\/product_tag?post=732"}],"curies":[{"name":"wp","href":"https:\/\/api.w.org\/{rel}","templated":true}]}}