{"id":729,"date":"2024-05-15T11:55:24","date_gmt":"2024-05-15T08:55:24","guid":{"rendered":"https:\/\/shop.tampere.fi\/vapriikki\/tuote\/pirkan-maan-alta-17-2\/"},"modified":"2026-04-02T17:16:17","modified_gmt":"2026-04-02T14:16:17","slug":"pirkan-maan-alta-17-2","status":"publish","type":"product","link":"https:\/\/shop.tampere.fi\/vapriikki\/tuote\/pirkan-maan-alta-17-2\/","title":{"rendered":"Pirkan maan alta 17"},"content":{"rendered":"<p>ARKEOLOGISIA TUTKIMUKSIA<\/p>\n<p>\u00a0<\/p>\n<p>&#8211; Arkeologinen perint\u00f6 alueidenk\u00e4yt\u00f6ss\u00e4 &#8211; tietoja Pirkanmaan muinaisj\u00e4\u00e4nn\u00f6sten s\u00e4ilymisest\u00e4 nyky-ymp\u00e4rist\u00f6ss\u00e4<\/p>\n<p>&#8211; Rautakautisia l\u00f6yt\u00f6j\u00e4 H\u00e4meen museon kokoelmissa<\/p>\n<p>&#8211; Maatutkaus Yl\u00f6j\u00e4rven Mikkolan ja Valkeakosken Moijasen ruumiskalmistoilla<\/p>\n<p>&#8211; Pirkanmaan suomenhevoset rakantavat kokonaiskuvaa rodun varhaisvaiheista<\/p>\n<p>&#8211; Tutkimus Pirkkalan Tursiannotkon alueen vedenalaisesta arkeologisesta potentiaalista<\/p>\n<p>&#8211; Vanhat kalastusrakenteet P\u00e4lk\u00e4neen Luikalan Pirtlahdessa<\/p>\n<p>&#8211; Kolme ruuhta Pirkanmaalta<\/p>\n<p>\u00a0<\/p>\n<p>Tampereen museoiden julkaisuja 169<\/p>\n<p>Julkaisija: Tampereen historialliset museot &#8211; Pirkanmaan maakuntamuseo, 2022<\/p>\n<p>Toimitus: Vadim Adel, Kreetta Lesell<\/p>\n<p>Graafinen suunnittelu: Tuija Rikala<\/p>\n<p>Taitto: Paula Hihnala<\/p>\n<p>K\u00e4\u00e4nn\u00f6kset: Tomi Snellmann\u00a0<\/p>\n<p>Kieli: Suomi<\/p>\n<p>Pehme\u00e4kantinen, 87 sivua<\/p>\n<p>ISBN: 978 952 371 051 1<\/p>\n","protected":false},"excerpt":{"rendered":"<p>ARKEOLOGISIA TUTKIMUKSIA \u00a0 &#8211; Arkeologinen perint\u00f6 alueidenk\u00e4yt\u00f6ss\u00e4 &#8211; tietoja Pirkanmaan muinaisj\u00e4\u00e4nn\u00f6sten s\u00e4ilymisest\u00e4 nyky-ymp\u00e4rist\u00f6ss\u00e4 &#8211; Rautakautisia l\u00f6yt\u00f6j\u00e4 H\u00e4meen museon kokoelmissa &#8211; Maatutkaus Yl\u00f6j\u00e4rven Mikkolan ja Valkeakosken Moijasen ruumiskalmistoilla &#8211; Pirkanmaan suomenhevoset rakantavat kokonaiskuvaa rodun varhaisvaiheista &#8211; Tutkimus Pirkkalan Tursiannotkon alueen vedenalaisesta arkeologisesta potentiaalista &#8211; Vanhat kalastusrakenteet P\u00e4lk\u00e4neen Luikalan Pirtlahdessa &#8211; Kolme ruuhta Pirkanmaalta \u00a0 Tampereen museoiden [&hellip;]<\/p>\n","protected":false},"featured_media":726,"template":"","meta":[],"product_brand":[],"product_cat":[76],"product_tag":[],"class_list":{"0":"post-729","1":"product","2":"type-product","3":"status-publish","4":"has-post-thumbnail","6":"product_cat-pirkanmaan-maakuntamuseo","8":"first","9":"instock","10":"sale","11":"taxable","12":"shipping-taxable","13":"purchasable","14":"product-type-simple"},"_links":{"self":[{"href":"https:\/\/shop.tampere.fi\/vapriikki\/wp-json\/wp\/v2\/product\/729","targetHints":{"allow":["GET"]}}],"collection":[{"href":"https:\/\/shop.tampere.fi\/vapriikki\/wp-json\/wp\/v2\/product"}],"about":[{"href":"https:\/\/shop.tampere.fi\/vapriikki\/wp-json\/wp\/v2\/types\/product"}],"wp:featuredmedia":[{"embeddable":true,"href":"https:\/\/shop.tampere.fi\/vapriikki\/wp-json\/wp\/v2\/media\/726"}],"wp:attachment":[{"href":"https:\/\/shop.tampere.fi\/vapriikki\/wp-json\/wp\/v2\/media?parent=729"}],"wp:term":[{"taxonomy":"product_brand","embeddable":true,"href":"https:\/\/shop.tampere.fi\/vapriikki\/wp-json\/wp\/v2\/product_brand?post=729"},{"taxonomy":"product_cat","embeddable":true,"href":"https:\/\/shop.tampere.fi\/vapriikki\/wp-json\/wp\/v2\/product_cat?post=729"},{"taxonomy":"product_tag","embeddable":true,"href":"https:\/\/shop.tampere.fi\/vapriikki\/wp-json\/wp\/v2\/product_tag?post=729"}],"curies":[{"name":"wp","href":"https:\/\/api.w.org\/{rel}","templated":true}]}}