{"id":725,"date":"2024-05-15T11:55:13","date_gmt":"2024-05-15T08:55:13","guid":{"rendered":"https:\/\/shop.tampere.fi\/vapriikki\/tuote\/hyva-tasta-viela-tulee-perinnerakennusmestarin-parhaat-vinkit-3\/"},"modified":"2026-03-24T15:33:02","modified_gmt":"2026-03-24T13:33:02","slug":"hyva-tasta-viela-tulee-perinnerakennusmestarin-parhaat-vinkit-3","status":"publish","type":"product","link":"https:\/\/shop.tampere.fi\/vapriikki\/tuote\/hyva-tasta-viela-tulee-perinnerakennusmestarin-parhaat-vinkit-3\/?lang=en","title":{"rendered":"Hyv\u00e4 t\u00e4st\u00e4 viel\u00e4 tulee &#8211; Perinnerakennusmestarin parhaat vinkit"},"content":{"rendered":"<p>Writers: Tapani Koiranen, Mari Imppola, Tuire Savolainen<\/p>\n<p>Edit: Miinu M\u00e4kel\u00e4<\/p>\n<p>Graphic design: Teemu Helenius<\/p>\n<p>Cover picture: Teemu Helenius<\/p>\n<p>Publisher: Pirkanmaan maakuntamuseo, kulttuuriymp\u00e4rist\u00f6yksikk\u00f6 2004<\/p>\n<p>ISBN: 951-609-251-9<\/p>\n","protected":false},"excerpt":{"rendered":"<p>Writers: Tapani Koiranen, Mari Imppola, Tuire Savolainen Edit: Miinu M\u00e4kel\u00e4 Graphic design: Teemu Helenius Cover picture: Teemu Helenius Publisher: Pirkanmaan maakuntamuseo, kulttuuriymp\u00e4rist\u00f6yksikk\u00f6 2004 ISBN: 951-609-251-9<\/p>\n","protected":false},"featured_media":332,"template":"","meta":[],"product_brand":[],"product_cat":[77],"product_tag":[],"class_list":{"0":"post-725","1":"product","2":"type-product","3":"status-publish","4":"has-post-thumbnail","6":"product_cat-pirkanmaa-regional-museum","8":"first","9":"outofstock","10":"taxable","11":"shipping-taxable","12":"purchasable","13":"product-type-simple"},"_links":{"self":[{"href":"https:\/\/shop.tampere.fi\/vapriikki\/wp-json\/wp\/v2\/product\/725","targetHints":{"allow":["GET"]}}],"collection":[{"href":"https:\/\/shop.tampere.fi\/vapriikki\/wp-json\/wp\/v2\/product"}],"about":[{"href":"https:\/\/shop.tampere.fi\/vapriikki\/wp-json\/wp\/v2\/types\/product"}],"wp:featuredmedia":[{"embeddable":true,"href":"https:\/\/shop.tampere.fi\/vapriikki\/wp-json\/wp\/v2\/media\/332"}],"wp:attachment":[{"href":"https:\/\/shop.tampere.fi\/vapriikki\/wp-json\/wp\/v2\/media?parent=725"}],"wp:term":[{"taxonomy":"product_brand","embeddable":true,"href":"https:\/\/shop.tampere.fi\/vapriikki\/wp-json\/wp\/v2\/product_brand?post=725"},{"taxonomy":"product_cat","embeddable":true,"href":"https:\/\/shop.tampere.fi\/vapriikki\/wp-json\/wp\/v2\/product_cat?post=725"},{"taxonomy":"product_tag","embeddable":true,"href":"https:\/\/shop.tampere.fi\/vapriikki\/wp-json\/wp\/v2\/product_tag?post=725"}],"curies":[{"name":"wp","href":"https:\/\/api.w.org\/{rel}","templated":true}]}}