{"id":723,"date":"2024-05-15T11:55:13","date_gmt":"2024-05-15T08:55:13","guid":{"rendered":"https:\/\/shop.tampere.fi\/vapriikki\/tuote\/hyva-tasta-viela-tulee-perinnerakennusmestarin-parhaat-vinkit-2\/"},"modified":"2026-03-24T15:33:01","modified_gmt":"2026-03-24T13:33:01","slug":"hyva-tasta-viela-tulee-perinnerakennusmestarin-parhaat-vinkit-2","status":"publish","type":"product","link":"https:\/\/shop.tampere.fi\/vapriikki\/tuote\/hyva-tasta-viela-tulee-perinnerakennusmestarin-parhaat-vinkit-2\/","title":{"rendered":"Hyv\u00e4 t\u00e4st\u00e4 viel\u00e4 tulee &#8211; Perinnerakennusmestarin parhaat vinkit"},"content":{"rendered":"<p>Hyv\u00e4 t\u00e4st\u00e4 viel\u00e4 tulee, toteaa perinnerakennusmestari. Vanhan talon korjaaja selvi\u00e4\u00e4 usein oletettua pienemm\u00e4ll\u00e4 remontilla, kun ei yrit\u00e4 rakentaa uutta taloa vanhojen seinien ymp\u00e4rille, vaan pit\u00e4ytyy perinteisiss\u00e4 ty\u00f6tavoissa. Vanhat rakenteet kunnostetaan samoilla menetelmill\u00e4 ja materiaaleilla kuin ne on rakennettukin.<\/p>\n<p>Pirkanmaan maakuntamuseon perinnerakennusmestari on kiert\u00e4nyt neuvomassa vanhojen rakennusten kunnostajia vuodesta 1999 l\u00e4htien. Osa n\u00e4ist\u00e4 ohjeista ja kokemuksista on ker\u00e4tty t\u00e4h\u00e4n kirjaan.<\/p>\n<p>Kirjoittajat: Tapani Koiranen, Mari Imppola, Tuire Savolainen<\/p>\n<p>Toimittanut: Miinu M\u00e4kel\u00e4<\/p>\n<p>Graafinen suunnittelu ja taitto: Teemu Helenius<\/p>\n<p>Kannen kuva: Teemu Helenius<\/p>\n<p>Pehme\u00e4, kierrekansi<\/p>\n<p>Julkaisija: Pirkanmaan maakuntamuseo, kulttuuriymp\u00e4rist\u00f6yksikk\u00f6 2004<\/p>\n<p>3. tarkistettu painos<\/p>\n<p>ISBN: 951-609-251-9<\/p>\n","protected":false},"excerpt":{"rendered":"<p>Hyv\u00e4 t\u00e4st\u00e4 viel\u00e4 tulee, toteaa perinnerakennusmestari. Vanhan talon korjaaja selvi\u00e4\u00e4 usein oletettua pienemm\u00e4ll\u00e4 remontilla, kun ei yrit\u00e4 rakentaa uutta taloa vanhojen seinien ymp\u00e4rille, vaan pit\u00e4ytyy perinteisiss\u00e4 ty\u00f6tavoissa. Vanhat rakenteet kunnostetaan samoilla menetelmill\u00e4 ja materiaaleilla kuin ne on rakennettukin. Pirkanmaan maakuntamuseon perinnerakennusmestari on kiert\u00e4nyt neuvomassa vanhojen rakennusten kunnostajia vuodesta 1999 l\u00e4htien. Osa n\u00e4ist\u00e4 ohjeista ja kokemuksista [&hellip;]<\/p>\n","protected":false},"featured_media":331,"template":"","meta":[],"product_brand":[],"product_cat":[76],"product_tag":[],"class_list":{"0":"post-723","1":"product","2":"type-product","3":"status-publish","4":"has-post-thumbnail","6":"product_cat-pirkanmaan-maakuntamuseo","8":"first","9":"outofstock","10":"taxable","11":"shipping-taxable","12":"purchasable","13":"product-type-simple"},"_links":{"self":[{"href":"https:\/\/shop.tampere.fi\/vapriikki\/wp-json\/wp\/v2\/product\/723","targetHints":{"allow":["GET"]}}],"collection":[{"href":"https:\/\/shop.tampere.fi\/vapriikki\/wp-json\/wp\/v2\/product"}],"about":[{"href":"https:\/\/shop.tampere.fi\/vapriikki\/wp-json\/wp\/v2\/types\/product"}],"wp:featuredmedia":[{"embeddable":true,"href":"https:\/\/shop.tampere.fi\/vapriikki\/wp-json\/wp\/v2\/media\/331"}],"wp:attachment":[{"href":"https:\/\/shop.tampere.fi\/vapriikki\/wp-json\/wp\/v2\/media?parent=723"}],"wp:term":[{"taxonomy":"product_brand","embeddable":true,"href":"https:\/\/shop.tampere.fi\/vapriikki\/wp-json\/wp\/v2\/product_brand?post=723"},{"taxonomy":"product_cat","embeddable":true,"href":"https:\/\/shop.tampere.fi\/vapriikki\/wp-json\/wp\/v2\/product_cat?post=723"},{"taxonomy":"product_tag","embeddable":true,"href":"https:\/\/shop.tampere.fi\/vapriikki\/wp-json\/wp\/v2\/product_tag?post=723"}],"curies":[{"name":"wp","href":"https:\/\/api.w.org\/{rel}","templated":true}]}}