{"id":720,"date":"2024-05-15T11:55:09","date_gmt":"2024-05-15T08:55:09","guid":{"rendered":"https:\/\/shop.tampere.fi\/vapriikki\/tuote\/global-tampere-an-economic-history-of-the-city\/"},"modified":"2026-03-24T15:32:59","modified_gmt":"2026-03-24T13:32:59","slug":"global-tampere-an-economic-history-of-the-city","status":"publish","type":"product","link":"https:\/\/shop.tampere.fi\/vapriikki\/tuote\/global-tampere-an-economic-history-of-the-city\/","title":{"rendered":"Global Tampere \u2013 An Economic History of the City"},"content":{"rendered":"<p>Tampere on ollut osa globaalia maailmaa kaupungin perustamisesta asti. Kaupunki ei syntynyt tyhj\u00e4st\u00e4, eik\u00e4 koskesta, vaan osana teollista vallankumousta, josta tuli maailmanlaajuinen ilmi\u00f6. Globaali Tampere keskittyy Tampereen kansainv\u00e4liseen taloushistoriaan kaupungin alusta nykyp\u00e4iv\u00e4\u00e4n.<\/p>\n<p>Julkaistu: 2019<\/p>\n<p>Julkaisija: Tampereen museot<\/p>\n<p>Kirjailijat: Pertti Haapala, Jarmo Peltola<\/p>\n<p>Kuvaus: Kovakantinen, 187 sivua<\/p>\n<p>Kieli: Englanti<\/p>\n<p>ISBN: 978-951-609-973-9<\/p>\n","protected":false},"excerpt":{"rendered":"<p>Tampere on ollut osa globaalia maailmaa kaupungin perustamisesta asti. Kaupunki ei syntynyt tyhj\u00e4st\u00e4, eik\u00e4 koskesta, vaan osana teollista vallankumousta, josta tuli maailmanlaajuinen ilmi\u00f6. Globaali Tampere keskittyy Tampereen kansainv\u00e4liseen taloushistoriaan kaupungin alusta nykyp\u00e4iv\u00e4\u00e4n. Julkaistu: 2019 Julkaisija: Tampereen museot Kirjailijat: Pertti Haapala, Jarmo Peltola Kuvaus: Kovakantinen, 187 sivua Kieli: Englanti ISBN: 978-951-609-973-9<\/p>\n","protected":false},"featured_media":463,"template":"","meta":[],"product_brand":[],"product_cat":[64],"product_tag":[],"class_list":{"0":"post-720","1":"product","2":"type-product","3":"status-publish","4":"has-post-thumbnail","6":"product_cat-kirjat","8":"first","9":"instock","10":"taxable","11":"shipping-taxable","12":"purchasable","13":"product-type-simple"},"_links":{"self":[{"href":"https:\/\/shop.tampere.fi\/vapriikki\/wp-json\/wp\/v2\/product\/720","targetHints":{"allow":["GET"]}}],"collection":[{"href":"https:\/\/shop.tampere.fi\/vapriikki\/wp-json\/wp\/v2\/product"}],"about":[{"href":"https:\/\/shop.tampere.fi\/vapriikki\/wp-json\/wp\/v2\/types\/product"}],"wp:featuredmedia":[{"embeddable":true,"href":"https:\/\/shop.tampere.fi\/vapriikki\/wp-json\/wp\/v2\/media\/463"}],"wp:attachment":[{"href":"https:\/\/shop.tampere.fi\/vapriikki\/wp-json\/wp\/v2\/media?parent=720"}],"wp:term":[{"taxonomy":"product_brand","embeddable":true,"href":"https:\/\/shop.tampere.fi\/vapriikki\/wp-json\/wp\/v2\/product_brand?post=720"},{"taxonomy":"product_cat","embeddable":true,"href":"https:\/\/shop.tampere.fi\/vapriikki\/wp-json\/wp\/v2\/product_cat?post=720"},{"taxonomy":"product_tag","embeddable":true,"href":"https:\/\/shop.tampere.fi\/vapriikki\/wp-json\/wp\/v2\/product_tag?post=720"}],"curies":[{"name":"wp","href":"https:\/\/api.w.org\/{rel}","templated":true}]}}