{"id":711,"date":"2024-05-15T11:54:59","date_gmt":"2024-05-15T08:54:59","guid":{"rendered":"https:\/\/shop.tampere.fi\/vapriikki\/tuote\/foster-sons-and-cotton-girls-nine-tales-from-tampere\/"},"modified":"2026-03-24T15:32:06","modified_gmt":"2026-03-24T13:32:06","slug":"foster-sons-and-cotton-girls-nine-tales-from-tampere","status":"publish","type":"product","link":"https:\/\/shop.tampere.fi\/vapriikki\/tuote\/foster-sons-and-cotton-girls-nine-tales-from-tampere\/","title":{"rendered":"Foster Sons and Cotton Girls &#8211; Nine Tales from Tampere"},"content":{"rendered":"<p>Rautakauden ottopoika, teollisen vallankumouksen aikainen ty\u00f6l\u00e4istytt\u00f6 ja muut historialliset hahmot viev\u00e4t lukijan kuvitteelliselle matkalle yli 230-vuotiaan Tammerkosken kaupungin historiaan. Sarjakuvateos kuvittaa Tampereen kehityst\u00e4 kyl\u00e4st\u00e4 kaupungiksi.<\/p>\n<p>\u00a0<\/p>\n<p>Julkaistu: 2013<\/p>\n<p>Julkaisija: Tampereen museot<\/p>\n<p>Teksti: Pauli Kallio,<\/p>\n<p>Kuvitus: Tiitu Takalo<\/p>\n<p>Kuvaus: Pehme\u00e4kantinen, 61 sivua<\/p>\n<p>Kieli: Englanti<\/p>\n<p>ISBN:978-951-609-707-0<\/p>\n<p>\u00a0<\/p>\n","protected":false},"excerpt":{"rendered":"<p>Rautakauden ottopoika, teollisen vallankumouksen aikainen ty\u00f6l\u00e4istytt\u00f6 ja muut historialliset hahmot viev\u00e4t lukijan kuvitteelliselle matkalle yli 230-vuotiaan Tammerkosken kaupungin historiaan. Sarjakuvateos kuvittaa Tampereen kehityst\u00e4 kyl\u00e4st\u00e4 kaupungiksi. \u00a0 Julkaistu: 2013 Julkaisija: Tampereen museot Teksti: Pauli Kallio, Kuvitus: Tiitu Takalo Kuvaus: Pehme\u00e4kantinen, 61 sivua Kieli: Englanti ISBN:978-951-609-707-0 \u00a0<\/p>\n","protected":false},"featured_media":445,"template":"","meta":[],"product_brand":[],"product_cat":[64],"product_tag":[],"class_list":{"0":"post-711","1":"product","2":"type-product","3":"status-publish","4":"has-post-thumbnail","6":"product_cat-kirjat","8":"first","9":"instock","10":"sale","11":"taxable","12":"shipping-taxable","13":"purchasable","14":"product-type-simple"},"_links":{"self":[{"href":"https:\/\/shop.tampere.fi\/vapriikki\/wp-json\/wp\/v2\/product\/711","targetHints":{"allow":["GET"]}}],"collection":[{"href":"https:\/\/shop.tampere.fi\/vapriikki\/wp-json\/wp\/v2\/product"}],"about":[{"href":"https:\/\/shop.tampere.fi\/vapriikki\/wp-json\/wp\/v2\/types\/product"}],"wp:featuredmedia":[{"embeddable":true,"href":"https:\/\/shop.tampere.fi\/vapriikki\/wp-json\/wp\/v2\/media\/445"}],"wp:attachment":[{"href":"https:\/\/shop.tampere.fi\/vapriikki\/wp-json\/wp\/v2\/media?parent=711"}],"wp:term":[{"taxonomy":"product_brand","embeddable":true,"href":"https:\/\/shop.tampere.fi\/vapriikki\/wp-json\/wp\/v2\/product_brand?post=711"},{"taxonomy":"product_cat","embeddable":true,"href":"https:\/\/shop.tampere.fi\/vapriikki\/wp-json\/wp\/v2\/product_cat?post=711"},{"taxonomy":"product_tag","embeddable":true,"href":"https:\/\/shop.tampere.fi\/vapriikki\/wp-json\/wp\/v2\/product_tag?post=711"}],"curies":[{"name":"wp","href":"https:\/\/api.w.org\/{rel}","templated":true}]}}