{"id":702,"date":"2024-05-15T11:54:49","date_gmt":"2024-05-15T08:54:49","guid":{"rendered":"https:\/\/shop.tampere.fi\/vapriikki\/tuote\/muinaishaudan-salaisuus-ja-kuinka-se-paljastetaan-2\/"},"modified":"2026-03-24T15:32:26","modified_gmt":"2026-03-24T13:32:26","slug":"muinaishaudan-salaisuus-ja-kuinka-se-paljastetaan-2","status":"publish","type":"product","link":"https:\/\/shop.tampere.fi\/vapriikki\/tuote\/muinaishaudan-salaisuus-ja-kuinka-se-paljastetaan-2\/","title":{"rendered":"Muinaishaudan salaisuus ja kuinka se paljastetaan"},"content":{"rendered":"<p>Kes\u00e4lomalla Siiri, Jenni, Eetu ja Aleksi p\u00e4\u00e4tt\u00e4v\u00e4t selvitt\u00e4\u00e4, miksi kirkon takana oleva m\u00e4ki on nimelt\u00e4\u00e4n Raatom\u00e4ki. Pian he huomaavat olevansa arkeologian salaisuuksien \u00e4\u00e4rell\u00e4. Mit\u00e4 Raatom\u00e4ell\u00e4 oikein selvi\u00e4\u00e4?<\/p>\n<p>Julkaistu: 2013<\/p>\n<p>Julkaisija: Tampereen museot \/ Pirkanmaan maakuntamuseo<\/p>\n<p>Kirjoittanut: Aino Nissinaho<\/p>\n<p>Kuvaus: Kovakantinen, 128 sivua<\/p>\n<p>Kieli: Suomi<\/p>\n<p>ISBN: 978-951-609-694-3<\/p>\n","protected":false},"excerpt":{"rendered":"<p>Kes\u00e4lomalla Siiri, Jenni, Eetu ja Aleksi p\u00e4\u00e4tt\u00e4v\u00e4t selvitt\u00e4\u00e4, miksi kirkon takana oleva m\u00e4ki on nimelt\u00e4\u00e4n Raatom\u00e4ki. Pian he huomaavat olevansa arkeologian salaisuuksien \u00e4\u00e4rell\u00e4. Mit\u00e4 Raatom\u00e4ell\u00e4 oikein selvi\u00e4\u00e4? Julkaistu: 2013 Julkaisija: Tampereen museot \/ Pirkanmaan maakuntamuseo Kirjoittanut: Aino Nissinaho Kuvaus: Kovakantinen, 128 sivua Kieli: Suomi ISBN: 978-951-609-694-3<\/p>\n","protected":false},"featured_media":343,"template":"","meta":[],"product_brand":[],"product_cat":[76],"product_tag":[],"class_list":{"0":"post-702","1":"product","2":"type-product","3":"status-publish","4":"has-post-thumbnail","6":"product_cat-pirkanmaan-maakuntamuseo","8":"first","9":"instock","10":"taxable","11":"shipping-taxable","12":"purchasable","13":"product-type-simple"},"_links":{"self":[{"href":"https:\/\/shop.tampere.fi\/vapriikki\/wp-json\/wp\/v2\/product\/702","targetHints":{"allow":["GET"]}}],"collection":[{"href":"https:\/\/shop.tampere.fi\/vapriikki\/wp-json\/wp\/v2\/product"}],"about":[{"href":"https:\/\/shop.tampere.fi\/vapriikki\/wp-json\/wp\/v2\/types\/product"}],"wp:featuredmedia":[{"embeddable":true,"href":"https:\/\/shop.tampere.fi\/vapriikki\/wp-json\/wp\/v2\/media\/343"}],"wp:attachment":[{"href":"https:\/\/shop.tampere.fi\/vapriikki\/wp-json\/wp\/v2\/media?parent=702"}],"wp:term":[{"taxonomy":"product_brand","embeddable":true,"href":"https:\/\/shop.tampere.fi\/vapriikki\/wp-json\/wp\/v2\/product_brand?post=702"},{"taxonomy":"product_cat","embeddable":true,"href":"https:\/\/shop.tampere.fi\/vapriikki\/wp-json\/wp\/v2\/product_cat?post=702"},{"taxonomy":"product_tag","embeddable":true,"href":"https:\/\/shop.tampere.fi\/vapriikki\/wp-json\/wp\/v2\/product_tag?post=702"}],"curies":[{"name":"wp","href":"https:\/\/api.w.org\/{rel}","templated":true}]}}