{"id":690,"date":"2024-05-15T11:54:36","date_gmt":"2024-05-15T08:54:36","guid":{"rendered":"https:\/\/shop.tampere.fi\/vapriikki\/tuote\/lahjalippu-lapset\/"},"modified":"2026-03-24T15:31:59","modified_gmt":"2026-03-24T13:31:59","slug":"lahjalippu-lapset","status":"publish","type":"product","link":"https:\/\/shop.tampere.fi\/vapriikki\/tuote\/lahjalippu-lapset\/","title":{"rendered":"Lahjalippu: Lapsi"},"content":{"rendered":"<p>Vapriikin lahjalippu kattaa kaikki Vapriikin n\u00e4yttelyt 7-17 vuotiaille lapsille. Alle 7-vuotiaat lapset saavat tutustua Vapriikin n\u00e4yttelyihin veloituksetta. Tapahtumaliput myyd\u00e4\u00e4n erikseen.<\/p>\n<p>Lahjalippu toimitetaan valitsemaasi s\u00e4hk\u00f6postiosoitteeseen.<\/p>\n<p>Tutustu Vapriikin n\u00e4yttelytarjontaan ja aukioloaikoihin osoitteessa <a href=\"https:\/\/www.vapriikki.fi\/\" target=\"_blank\">www.vapriikki.fi<\/a>.<\/p>\n<p><strong>Lahjalippu on voimassa 1 vuoden ostop\u00e4iv\u00e4st\u00e4.<\/strong><\/p>\n<p><strong>P\u00e4\u00e4sylipputuotteita ei vaihdeta eik\u00e4 lunasteta takaisin.<\/strong><\/p>\n","protected":false},"excerpt":{"rendered":"<p>Vapriikin lahjalippu kattaa kaikki Vapriikin n\u00e4yttelyt 7-17 vuotiaille lapsille. Alle 7-vuotiaat lapset saavat tutustua Vapriikin n\u00e4yttelyihin veloituksetta. Tapahtumaliput myyd\u00e4\u00e4n erikseen. Lahjalippu toimitetaan valitsemaasi s\u00e4hk\u00f6postiosoitteeseen. Tutustu Vapriikin n\u00e4yttelytarjontaan ja aukioloaikoihin osoitteessa www.vapriikki.fi. Lahjalippu on voimassa 1 vuoden ostop\u00e4iv\u00e4st\u00e4. P\u00e4\u00e4sylipputuotteita ei vaihdeta eik\u00e4 lunasteta takaisin.<\/p>\n","protected":false},"featured_media":769,"template":"","meta":[],"product_brand":[],"product_cat":[58],"product_tag":[],"class_list":{"0":"post-690","1":"product","2":"type-product","3":"status-publish","4":"has-post-thumbnail","6":"product_cat-paasyliput","8":"first","9":"instock","10":"virtual","11":"taxable","12":"purchasable","13":"product-type-simple"},"_links":{"self":[{"href":"https:\/\/shop.tampere.fi\/vapriikki\/wp-json\/wp\/v2\/product\/690","targetHints":{"allow":["GET"]}}],"collection":[{"href":"https:\/\/shop.tampere.fi\/vapriikki\/wp-json\/wp\/v2\/product"}],"about":[{"href":"https:\/\/shop.tampere.fi\/vapriikki\/wp-json\/wp\/v2\/types\/product"}],"wp:featuredmedia":[{"embeddable":true,"href":"https:\/\/shop.tampere.fi\/vapriikki\/wp-json\/wp\/v2\/media\/769"}],"wp:attachment":[{"href":"https:\/\/shop.tampere.fi\/vapriikki\/wp-json\/wp\/v2\/media?parent=690"}],"wp:term":[{"taxonomy":"product_brand","embeddable":true,"href":"https:\/\/shop.tampere.fi\/vapriikki\/wp-json\/wp\/v2\/product_brand?post=690"},{"taxonomy":"product_cat","embeddable":true,"href":"https:\/\/shop.tampere.fi\/vapriikki\/wp-json\/wp\/v2\/product_cat?post=690"},{"taxonomy":"product_tag","embeddable":true,"href":"https:\/\/shop.tampere.fi\/vapriikki\/wp-json\/wp\/v2\/product_tag?post=690"}],"curies":[{"name":"wp","href":"https:\/\/api.w.org\/{rel}","templated":true}]}}