{"id":573,"date":"2024-05-15T03:42:05","date_gmt":"2024-05-15T00:42:05","guid":{"rendered":"https:\/\/shop.tampere.fi\/vapriikki\/tuote\/pinssi-ei-elamasta-selvia-hengissa\/"},"modified":"2026-04-04T13:08:17","modified_gmt":"2026-04-04T10:08:17","slug":"pinssi-ei-elamasta-selvia-hengissa","status":"publish","type":"product","link":"https:\/\/shop.tampere.fi\/vapriikki\/tuote\/pinssi-ei-elamasta-selvia-hengissa\/","title":{"rendered":"Pinssi: Ei el\u00e4m\u00e4st\u00e4 selvi\u00e4 hengiss\u00e4"},"content":{"rendered":"<p>56mm rintamerkki hakaneulakiinnityksell\u00e4.<\/p>\n<p>Ei el\u00e4m\u00e4st\u00e4 selvi\u00e4 hengiss\u00e4<\/p>\n<p>-Juice Leskinen<\/p>\n<p>Tuotteen valmistuttaja: Rockpaidat.com<\/p>\n","protected":false},"excerpt":{"rendered":"<p>56mm rintamerkki hakaneulakiinnityksell\u00e4. Ei el\u00e4m\u00e4st\u00e4 selvi\u00e4 hengiss\u00e4 -Juice Leskinen Tuotteen valmistuttaja: Rockpaidat.com<\/p>\n","protected":false},"featured_media":259,"template":"","meta":[],"product_brand":[],"product_cat":[67],"product_tag":[],"class_list":{"0":"post-573","1":"product","2":"type-product","3":"status-publish","4":"has-post-thumbnail","6":"product_cat-manserock","8":"first","9":"instock","10":"taxable","11":"shipping-taxable","12":"purchasable","13":"product-type-simple"},"_links":{"self":[{"href":"https:\/\/shop.tampere.fi\/vapriikki\/wp-json\/wp\/v2\/product\/573","targetHints":{"allow":["GET"]}}],"collection":[{"href":"https:\/\/shop.tampere.fi\/vapriikki\/wp-json\/wp\/v2\/product"}],"about":[{"href":"https:\/\/shop.tampere.fi\/vapriikki\/wp-json\/wp\/v2\/types\/product"}],"wp:featuredmedia":[{"embeddable":true,"href":"https:\/\/shop.tampere.fi\/vapriikki\/wp-json\/wp\/v2\/media\/259"}],"wp:attachment":[{"href":"https:\/\/shop.tampere.fi\/vapriikki\/wp-json\/wp\/v2\/media?parent=573"}],"wp:term":[{"taxonomy":"product_brand","embeddable":true,"href":"https:\/\/shop.tampere.fi\/vapriikki\/wp-json\/wp\/v2\/product_brand?post=573"},{"taxonomy":"product_cat","embeddable":true,"href":"https:\/\/shop.tampere.fi\/vapriikki\/wp-json\/wp\/v2\/product_cat?post=573"},{"taxonomy":"product_tag","embeddable":true,"href":"https:\/\/shop.tampere.fi\/vapriikki\/wp-json\/wp\/v2\/product_tag?post=573"}],"curies":[{"name":"wp","href":"https:\/\/api.w.org\/{rel}","templated":true}]}}