{"id":567,"date":"2024-05-15T03:41:58","date_gmt":"2024-05-15T00:41:58","guid":{"rendered":"https:\/\/shop.tampere.fi\/vapriikki\/tuote\/tampere-ennen-ja-nyt-2\/"},"modified":"2026-03-24T15:31:50","modified_gmt":"2026-03-24T13:31:50","slug":"tampere-ennen-ja-nyt-2","status":"publish","type":"product","link":"https:\/\/shop.tampere.fi\/vapriikki\/tuote\/tampere-ennen-ja-nyt-2\/","title":{"rendered":"Tampere ennen ja nyt"},"content":{"rendered":"<p><strong>Loppu verkkokaupasta,<\/strong><\/p>\n<p><strong>lis\u00e4tietoja osoitteesta museokauppa@tampere.fi<\/strong><\/p>\n<p>Tampere ennen ja nyt on n\u00e4ytt\u00e4v\u00e4 kuvateos Tampereen kaupunkikuvan muutoksesta.<\/p>\n<p>Rakennettu ymp\u00e4rist\u00f6mme muuttuu jatkuvasti. Tampere on nuori kaupunki, mutta sekin on ajan saatossa ehtinyt muuttua moneen kertaan. Muutoksen hahmottaa parhaiten tarkastelemalla menneisyytt\u00e4, erityisesti vanhojen valokuvien avulla<\/p>\n<p>Kirjan esittelem\u00e4t 30 aluetta kuvastavat monipuolisesti kaupungin rakennetun ymp\u00e4rist\u00f6n piirteit\u00e4 ja historiaa. Mukana ovat Tampereen keskeisimm\u00e4t paikat H\u00e4meenkatu, Keskustori, Tammerkoski ja H\u00e4meenpuisto, entinen kartanoalue Hatanp\u00e4\u00e4, ty\u00f6v\u00e4est\u00f6n puutaloalueet Amuri ja Pispala, Kissanmaan rintamamiestaloalue j\u00e4\u00e4halleineen, varhaiset l\u00e4hi\u00f6t Kaukaj\u00e4rvi, Peltolammi ja Tesoma, liitosalueet Kytt\u00e4l\u00e4, Messukyl\u00e4 ja Teisko, voimakkaasti muuttuva Lielahti, tuleva kaupunginosa Tampereen Kansi, meid\u00e4n aikamme suuret kehityshankkeet ja paljon muuta. Lis\u00e4ksi kirja esittelee Tampereen kaikki 115 kaupunginosaa ennen ja nyt -kuvapareina. Teos muistuttaa my\u00f6s rakennus- ja ymp\u00e4rist\u00f6nsuojelun merkityksest\u00e4: kerran menetetty\u00e4 ei saa koskaan takaisin.<\/p>\n<p>Kirjan runsas kuvitus ja kuva-aarteet on per\u00e4isin Vapriikin kuva-arkiston kokoelmista.<\/p>\n<p>Julkaisija: Tampereen historialliset museot<\/p>\n<p>Toimitus: Suvi Harju, Antti Liuttunen, Saarni S\u00e4ilynoja<\/p>\n<p>Editointi: Marjo-Riitta Saloniemi<\/p>\n<p>Teksti: Antti Liuttunen<\/p>\n<p>Graafinen suunnittelu ja taitto: Kaarina Marttila<\/p>\n<p>Julkaisuvuosi: 2023<\/p>\n<p>ISBN: 9789523710696<\/p>\n<p>Tampereen museoiden julkaisuja 170<\/p>\n","protected":false},"excerpt":{"rendered":"<p>Loppu verkkokaupasta, lis\u00e4tietoja osoitteesta museokauppa@tampere.fi Tampere ennen ja nyt on n\u00e4ytt\u00e4v\u00e4 kuvateos Tampereen kaupunkikuvan muutoksesta. Rakennettu ymp\u00e4rist\u00f6mme muuttuu jatkuvasti. Tampere on nuori kaupunki, mutta sekin on ajan saatossa ehtinyt muuttua moneen kertaan. Muutoksen hahmottaa parhaiten tarkastelemalla menneisyytt\u00e4, erityisesti vanhojen valokuvien avulla Kirjan esittelem\u00e4t 30 aluetta kuvastavat monipuolisesti kaupungin rakennetun ymp\u00e4rist\u00f6n piirteit\u00e4 ja historiaa. Mukana ovat [&hellip;]<\/p>\n","protected":false},"featured_media":271,"template":"","meta":[],"product_brand":[],"product_cat":[64],"product_tag":[],"class_list":{"0":"post-567","1":"product","2":"type-product","3":"status-publish","4":"has-post-thumbnail","6":"product_cat-kirjat","8":"first","9":"outofstock","10":"taxable","11":"shipping-taxable","12":"purchasable","13":"product-type-simple"},"_links":{"self":[{"href":"https:\/\/shop.tampere.fi\/vapriikki\/wp-json\/wp\/v2\/product\/567","targetHints":{"allow":["GET"]}}],"collection":[{"href":"https:\/\/shop.tampere.fi\/vapriikki\/wp-json\/wp\/v2\/product"}],"about":[{"href":"https:\/\/shop.tampere.fi\/vapriikki\/wp-json\/wp\/v2\/types\/product"}],"wp:featuredmedia":[{"embeddable":true,"href":"https:\/\/shop.tampere.fi\/vapriikki\/wp-json\/wp\/v2\/media\/271"}],"wp:attachment":[{"href":"https:\/\/shop.tampere.fi\/vapriikki\/wp-json\/wp\/v2\/media?parent=567"}],"wp:term":[{"taxonomy":"product_brand","embeddable":true,"href":"https:\/\/shop.tampere.fi\/vapriikki\/wp-json\/wp\/v2\/product_brand?post=567"},{"taxonomy":"product_cat","embeddable":true,"href":"https:\/\/shop.tampere.fi\/vapriikki\/wp-json\/wp\/v2\/product_cat?post=567"},{"taxonomy":"product_tag","embeddable":true,"href":"https:\/\/shop.tampere.fi\/vapriikki\/wp-json\/wp\/v2\/product_tag?post=567"}],"curies":[{"name":"wp","href":"https:\/\/api.w.org\/{rel}","templated":true}]}}