{"id":564,"date":"2024-05-15T03:41:55","date_gmt":"2024-05-15T00:41:55","guid":{"rendered":"https:\/\/shop.tampere.fi\/vapriikki\/tuote\/manserock-lasinalunen-paatuote\/"},"modified":"2026-03-24T15:35:17","modified_gmt":"2026-03-24T13:35:17","slug":"manserock-lasinalunen-paatuote","status":"publish","type":"product","link":"https:\/\/shop.tampere.fi\/vapriikki\/tuote\/manserock-lasinalunen-paatuote\/","title":{"rendered":"MANSEROCK lasinalunen"},"content":{"rendered":"<p>Koivuviilusta valmistettu, 100mm leve\u00e4, 2mm paksu, py\u00f6re\u00e4 Manserock -lasinalunen.<\/p>\n<p>Nelj\u00e4 erilaista:<\/p>\n<p><strong>1. Vihre\u00e4 Manserock<\/strong><\/p>\n<p><strong>2. Sensuuri, 957, Ilona, Epe&#8217;s, Kaseva, Moog Konttinen, Kari Peitsamo, Soundi, Eppu Normaali, Mikko Alatalo, Tabula<\/strong><\/p>\n<p><strong>Rasa, Virtanen, Popeda, Juice Leskinen, Alwari Tuohitorvi<\/strong><\/p>\n<p><strong>3. Musta Manserock<\/strong><\/p>\n<p><strong>4. Tao Tao, Catwalk, Hank and his Milkmen, Alivaltiosihteeri, Salmela Komitea, Martiz, Kohu-63, Gasoline Girls and Petrol Boys, Sidi ja Hermottomat, Horsepower, Kollaa kest\u00e4\u00e4, Karanteeni, Pojat, Punk Lurex OK, Pyh\u00e4t Nuket<\/strong><\/p>\n<p>Manserock logon on suunnitellut graafikko Kari Lahtinen.<\/p>\n<p>Valmistettu Suomessa.<\/p>\n","protected":false},"excerpt":{"rendered":"<p>Koivuviilusta valmistettu, 100mm leve\u00e4, 2mm paksu, py\u00f6re\u00e4 Manserock -lasinalunen. Nelj\u00e4 erilaista: 1. Vihre\u00e4 Manserock 2. Sensuuri, 957, Ilona, Epe&#8217;s, Kaseva, Moog Konttinen, Kari Peitsamo, Soundi, Eppu Normaali, Mikko Alatalo, Tabula Rasa, Virtanen, Popeda, Juice Leskinen, Alwari Tuohitorvi 3. Musta Manserock 4. Tao Tao, Catwalk, Hank and his Milkmen, Alivaltiosihteeri, Salmela Komitea, Martiz, Kohu-63, Gasoline Girls [&hellip;]<\/p>\n","protected":false},"featured_media":247,"template":"","meta":[],"product_brand":[],"product_cat":[67],"product_tag":[],"class_list":{"0":"post-564","1":"product","2":"type-product","3":"status-publish","4":"has-post-thumbnail","6":"product_cat-manserock","8":"first","9":"instock","10":"taxable","11":"shipping-taxable","12":"purchasable","13":"product-type-variable"},"_links":{"self":[{"href":"https:\/\/shop.tampere.fi\/vapriikki\/wp-json\/wp\/v2\/product\/564","targetHints":{"allow":["GET"]}}],"collection":[{"href":"https:\/\/shop.tampere.fi\/vapriikki\/wp-json\/wp\/v2\/product"}],"about":[{"href":"https:\/\/shop.tampere.fi\/vapriikki\/wp-json\/wp\/v2\/types\/product"}],"wp:featuredmedia":[{"embeddable":true,"href":"https:\/\/shop.tampere.fi\/vapriikki\/wp-json\/wp\/v2\/media\/247"}],"wp:attachment":[{"href":"https:\/\/shop.tampere.fi\/vapriikki\/wp-json\/wp\/v2\/media?parent=564"}],"wp:term":[{"taxonomy":"product_brand","embeddable":true,"href":"https:\/\/shop.tampere.fi\/vapriikki\/wp-json\/wp\/v2\/product_brand?post=564"},{"taxonomy":"product_cat","embeddable":true,"href":"https:\/\/shop.tampere.fi\/vapriikki\/wp-json\/wp\/v2\/product_cat?post=564"},{"taxonomy":"product_tag","embeddable":true,"href":"https:\/\/shop.tampere.fi\/vapriikki\/wp-json\/wp\/v2\/product_tag?post=564"}],"curies":[{"name":"wp","href":"https:\/\/api.w.org\/{rel}","templated":true}]}}