{"id":561,"date":"2024-05-15T03:41:51","date_gmt":"2024-05-15T00:41:51","guid":{"rendered":"https:\/\/shop.tampere.fi\/vapriikki\/tuote\/manserock-tiskiratti\/"},"modified":"2026-03-24T15:29:58","modified_gmt":"2026-03-24T13:29:58","slug":"manserock-tiskiratti","status":"publish","type":"product","link":"https:\/\/shop.tampere.fi\/vapriikki\/tuote\/manserock-tiskiratti\/","title":{"rendered":"MANSEROCK tiskir\u00e4tti"},"content":{"rendered":"<p>Koti kiilt\u00e4v\u00e4ksi Parkanolla valmistetun, kompostoituvan Manserock-tiskir\u00e4tin voimin!<\/p>\n<p>Sensuuri, 957, Ilona, Epe&#8217;s, Kaseva, Moog Konttinen, Kari Peitsamo, Soundi, Eppu Normaali, Mikko Alatalo, Tabula Rasa, Virtanen, Popeda, Juice Leskinen, Alwari Tuohitorvi<\/p>\n<p>Manserock-logon on suunnitellut graafikko Kari Lahtinen.\u00a0<\/p>\n<p>Materiaali selluloosa \/ puuvilla<\/p>\n<p>Konepest\u00e4v\u00e4 60\u00b0<\/p>\n<p>Valmistaja More Joy Oy<\/p>\n<p>www.morejoy.fi<\/p>\n","protected":false},"excerpt":{"rendered":"<p>Koti kiilt\u00e4v\u00e4ksi Parkanolla valmistetun, kompostoituvan Manserock-tiskir\u00e4tin voimin! Sensuuri, 957, Ilona, Epe&#8217;s, Kaseva, Moog Konttinen, Kari Peitsamo, Soundi, Eppu Normaali, Mikko Alatalo, Tabula Rasa, Virtanen, Popeda, Juice Leskinen, Alwari Tuohitorvi Manserock-logon on suunnitellut graafikko Kari Lahtinen.\u00a0 Materiaali selluloosa \/ puuvilla Konepest\u00e4v\u00e4 60\u00b0 Valmistaja More Joy Oy www.morejoy.fi<\/p>\n","protected":false},"featured_media":361,"template":"","meta":[],"product_brand":[],"product_cat":[67],"product_tag":[],"class_list":{"0":"post-561","1":"product","2":"type-product","3":"status-publish","4":"has-post-thumbnail","6":"product_cat-manserock","8":"first","9":"instock","10":"taxable","11":"shipping-taxable","12":"purchasable","13":"product-type-simple"},"_links":{"self":[{"href":"https:\/\/shop.tampere.fi\/vapriikki\/wp-json\/wp\/v2\/product\/561","targetHints":{"allow":["GET"]}}],"collection":[{"href":"https:\/\/shop.tampere.fi\/vapriikki\/wp-json\/wp\/v2\/product"}],"about":[{"href":"https:\/\/shop.tampere.fi\/vapriikki\/wp-json\/wp\/v2\/types\/product"}],"wp:featuredmedia":[{"embeddable":true,"href":"https:\/\/shop.tampere.fi\/vapriikki\/wp-json\/wp\/v2\/media\/361"}],"wp:attachment":[{"href":"https:\/\/shop.tampere.fi\/vapriikki\/wp-json\/wp\/v2\/media?parent=561"}],"wp:term":[{"taxonomy":"product_brand","embeddable":true,"href":"https:\/\/shop.tampere.fi\/vapriikki\/wp-json\/wp\/v2\/product_brand?post=561"},{"taxonomy":"product_cat","embeddable":true,"href":"https:\/\/shop.tampere.fi\/vapriikki\/wp-json\/wp\/v2\/product_cat?post=561"},{"taxonomy":"product_tag","embeddable":true,"href":"https:\/\/shop.tampere.fi\/vapriikki\/wp-json\/wp\/v2\/product_tag?post=561"}],"curies":[{"name":"wp","href":"https:\/\/api.w.org\/{rel}","templated":true}]}}