{"id":543,"date":"2024-05-15T03:41:34","date_gmt":"2024-05-15T00:41:34","guid":{"rendered":"https:\/\/shop.tampere.fi\/vapriikki\/tuote\/manserock-hihamerkki\/"},"modified":"2026-03-24T15:34:16","modified_gmt":"2026-03-24T13:34:16","slug":"manserock-hihamerkki","status":"publish","type":"product","link":"https:\/\/shop.tampere.fi\/vapriikki\/tuote\/manserock-hihamerkki\/","title":{"rendered":"MANSEROCK hihamerkki"},"content":{"rendered":"<p>Ommeltava 80mm hihamerkki Manserockin kuumimmilla nimill\u00e4!<\/p>\n<p>Valitse suosikkisi kahdesta vaihtoehdosta:<\/p>\n<p>1. Sensuuri, 957, Ilona, Epe&#8217;s, Kaseva, Moog Konttinen, Kari Peitsamo, Soundi, Eppu Normaali, Mikko Alatalo, Tabula Rasa, Virtanen, Popeda, Juice Leskinen, Alwari Tuohitorvi<\/p>\n<p>2. Tao Tao, Catwalk, Hank and his Milkmen, Alivaltiosihteeri, Salmela Komitea, Martiz, Kohu-63, Gasoline Girls and Petrol Boys, Sidi ja Hermottomat, Horsepower, Kollaa kest\u00e4\u00e4, Karanteeni, Pojat, Punk Lurex OK, Pyh\u00e4t Nuket<\/p>\n<p>Manserock-logon on suunnitellut graafikko Kari Lahtinen.<\/p>\n<p>Tuotteet on valmistettu yhteisty\u00f6ss\u00e4 Backstage Rock Shopin kanssa.<\/p>\n","protected":false},"excerpt":{"rendered":"<p>Ommeltava 80mm hihamerkki Manserockin kuumimmilla nimill\u00e4! Valitse suosikkisi kahdesta vaihtoehdosta: 1. Sensuuri, 957, Ilona, Epe&#8217;s, Kaseva, Moog Konttinen, Kari Peitsamo, Soundi, Eppu Normaali, Mikko Alatalo, Tabula Rasa, Virtanen, Popeda, Juice Leskinen, Alwari Tuohitorvi 2. Tao Tao, Catwalk, Hank and his Milkmen, Alivaltiosihteeri, Salmela Komitea, Martiz, Kohu-63, Gasoline Girls and Petrol Boys, Sidi ja Hermottomat, Horsepower, [&hellip;]<\/p>\n","protected":false},"featured_media":193,"template":"","meta":[],"product_brand":[],"product_cat":[67],"product_tag":[],"class_list":{"0":"post-543","1":"product","2":"type-product","3":"status-publish","4":"has-post-thumbnail","6":"product_cat-manserock","8":"first","9":"instock","10":"taxable","11":"shipping-taxable","12":"purchasable","13":"product-type-variable"},"_links":{"self":[{"href":"https:\/\/shop.tampere.fi\/vapriikki\/wp-json\/wp\/v2\/product\/543","targetHints":{"allow":["GET"]}}],"collection":[{"href":"https:\/\/shop.tampere.fi\/vapriikki\/wp-json\/wp\/v2\/product"}],"about":[{"href":"https:\/\/shop.tampere.fi\/vapriikki\/wp-json\/wp\/v2\/types\/product"}],"wp:featuredmedia":[{"embeddable":true,"href":"https:\/\/shop.tampere.fi\/vapriikki\/wp-json\/wp\/v2\/media\/193"}],"wp:attachment":[{"href":"https:\/\/shop.tampere.fi\/vapriikki\/wp-json\/wp\/v2\/media?parent=543"}],"wp:term":[{"taxonomy":"product_brand","embeddable":true,"href":"https:\/\/shop.tampere.fi\/vapriikki\/wp-json\/wp\/v2\/product_brand?post=543"},{"taxonomy":"product_cat","embeddable":true,"href":"https:\/\/shop.tampere.fi\/vapriikki\/wp-json\/wp\/v2\/product_cat?post=543"},{"taxonomy":"product_tag","embeddable":true,"href":"https:\/\/shop.tampere.fi\/vapriikki\/wp-json\/wp\/v2\/product_tag?post=543"}],"curies":[{"name":"wp","href":"https:\/\/api.w.org\/{rel}","templated":true}]}}