{"id":531,"date":"2024-05-15T03:41:21","date_gmt":"2024-05-15T00:41:21","guid":{"rendered":"https:\/\/shop.tampere.fi\/vapriikki\/tuote\/manse-tiskiratti-2\/"},"modified":"2026-03-24T15:33:50","modified_gmt":"2026-03-24T13:33:50","slug":"manse-tiskiratti-2","status":"publish","type":"product","link":"https:\/\/shop.tampere.fi\/vapriikki\/tuote\/manse-tiskiratti-2\/","title":{"rendered":"MANSE tiskir\u00e4tti"},"content":{"rendered":"<p>Ty\u00f6v\u00e4enmuseo Werstaan ja Vapriikin yhteiseen Manse-tuoteperheeseen kuuluu matkamuistoja, koruja ja herkkuja. Tuotteet on valmistettu yhteisty\u00f6ss\u00e4 manselaisten yritysten kanssa ja niit\u00e4 on saatavilla kummankin museon museokaupoista.<\/p>\n<p>Manse-merkin takaa l\u00f6yd\u00e4t my\u00f6s Parkanolla valmistetut, kompostoituvat tiskir\u00e4tit.<\/p>\n<p>Materiaali selluloosa \/ puuvilla<\/p>\n<p>Konepest\u00e4v\u00e4 60\u00b0<\/p>\n<p>Valmistaja More Joy Oy<\/p>\n<p>www.morejoy.fi<\/p>\n","protected":false},"excerpt":{"rendered":"<p>Ty\u00f6v\u00e4enmuseo Werstaan ja Vapriikin yhteiseen Manse-tuoteperheeseen kuuluu matkamuistoja, koruja ja herkkuja. Tuotteet on valmistettu yhteisty\u00f6ss\u00e4 manselaisten yritysten kanssa ja niit\u00e4 on saatavilla kummankin museon museokaupoista. Manse-merkin takaa l\u00f6yd\u00e4t my\u00f6s Parkanolla valmistetut, kompostoituvat tiskir\u00e4tit. Materiaali selluloosa \/ puuvilla Konepest\u00e4v\u00e4 60\u00b0 Valmistaja More Joy Oy www.morejoy.fi<\/p>\n","protected":false},"featured_media":241,"template":"","meta":[],"product_brand":[],"product_cat":[73],"product_tag":[],"class_list":{"0":"post-531","1":"product","2":"type-product","3":"status-publish","4":"has-post-thumbnail","6":"product_cat-manse","8":"first","9":"instock","10":"taxable","11":"shipping-taxable","12":"purchasable","13":"product-type-variable"},"_links":{"self":[{"href":"https:\/\/shop.tampere.fi\/vapriikki\/wp-json\/wp\/v2\/product\/531","targetHints":{"allow":["GET"]}}],"collection":[{"href":"https:\/\/shop.tampere.fi\/vapriikki\/wp-json\/wp\/v2\/product"}],"about":[{"href":"https:\/\/shop.tampere.fi\/vapriikki\/wp-json\/wp\/v2\/types\/product"}],"wp:featuredmedia":[{"embeddable":true,"href":"https:\/\/shop.tampere.fi\/vapriikki\/wp-json\/wp\/v2\/media\/241"}],"wp:attachment":[{"href":"https:\/\/shop.tampere.fi\/vapriikki\/wp-json\/wp\/v2\/media?parent=531"}],"wp:term":[{"taxonomy":"product_brand","embeddable":true,"href":"https:\/\/shop.tampere.fi\/vapriikki\/wp-json\/wp\/v2\/product_brand?post=531"},{"taxonomy":"product_cat","embeddable":true,"href":"https:\/\/shop.tampere.fi\/vapriikki\/wp-json\/wp\/v2\/product_cat?post=531"},{"taxonomy":"product_tag","embeddable":true,"href":"https:\/\/shop.tampere.fi\/vapriikki\/wp-json\/wp\/v2\/product_tag?post=531"}],"curies":[{"name":"wp","href":"https:\/\/api.w.org\/{rel}","templated":true}]}}