{"id":528,"date":"2024-05-15T03:41:17","date_gmt":"2024-05-15T00:41:17","guid":{"rendered":"https:\/\/shop.tampere.fi\/vapriikki\/tuote\/manse-mustamakkarasukat-2\/"},"modified":"2026-04-09T22:43:04","modified_gmt":"2026-04-09T19:43:04","slug":"manse-mustamakkarasukat-2","status":"publish","type":"product","link":"https:\/\/shop.tampere.fi\/vapriikki\/tuote\/manse-mustamakkarasukat-2\/","title":{"rendered":"MANSE mustamakkarasukat"},"content":{"rendered":"<p>Ty\u00f6v\u00e4enmuseo Werstaan ja Vapriikin yhteiseen Manse-tuoteperheeseen kuuluu matkamuistoja, koruja ja herkkuja. Tuotteet on valmistettu yhteisty\u00f6ss\u00e4 manselaisten yritysten kanssa ja niit\u00e4 on saatavilla kummankin museon museokaupoista. Manse-merkin takaa l\u00f6yd\u00e4t esimerkiksi Tamperelaisen Sidosteen valmistamat herkulliset mustamakkarasukat.<\/p>\n<p>40% Kierr\u00e4tyspuuvilla<\/p>\n<p>30% Polyamidi<\/p>\n<p>18% Kierr\u00e4tyspolyesteri<\/p>\n<p>8% Kampapuuvilla<\/p>\n<p>4% Lycra<\/p>\n<p>Konepest\u00e4v\u00e4t, tuote on valmistettu Suomessa, Sidosteen sukkatehtaalla.<\/p>\n","protected":false},"excerpt":{"rendered":"<p>Ty\u00f6v\u00e4enmuseo Werstaan ja Vapriikin yhteiseen Manse-tuoteperheeseen kuuluu matkamuistoja, koruja ja herkkuja. Tuotteet on valmistettu yhteisty\u00f6ss\u00e4 manselaisten yritysten kanssa ja niit\u00e4 on saatavilla kummankin museon museokaupoista. Manse-merkin takaa l\u00f6yd\u00e4t esimerkiksi Tamperelaisen Sidosteen valmistamat herkulliset mustamakkarasukat. 40% Kierr\u00e4tyspuuvilla 30% Polyamidi 18% Kierr\u00e4tyspolyesteri 8% Kampapuuvilla 4% Lycra Konepest\u00e4v\u00e4t, tuote on valmistettu Suomessa, Sidosteen sukkatehtaalla.<\/p>\n","protected":false},"featured_media":301,"template":"","meta":[],"product_brand":[],"product_cat":[73],"product_tag":[],"class_list":{"0":"post-528","1":"product","2":"type-product","3":"status-publish","4":"has-post-thumbnail","6":"product_cat-manse","8":"first","9":"instock","10":"taxable","11":"shipping-taxable","12":"purchasable","13":"product-type-variable"},"_links":{"self":[{"href":"https:\/\/shop.tampere.fi\/vapriikki\/wp-json\/wp\/v2\/product\/528","targetHints":{"allow":["GET"]}}],"collection":[{"href":"https:\/\/shop.tampere.fi\/vapriikki\/wp-json\/wp\/v2\/product"}],"about":[{"href":"https:\/\/shop.tampere.fi\/vapriikki\/wp-json\/wp\/v2\/types\/product"}],"wp:featuredmedia":[{"embeddable":true,"href":"https:\/\/shop.tampere.fi\/vapriikki\/wp-json\/wp\/v2\/media\/301"}],"wp:attachment":[{"href":"https:\/\/shop.tampere.fi\/vapriikki\/wp-json\/wp\/v2\/media?parent=528"}],"wp:term":[{"taxonomy":"product_brand","embeddable":true,"href":"https:\/\/shop.tampere.fi\/vapriikki\/wp-json\/wp\/v2\/product_brand?post=528"},{"taxonomy":"product_cat","embeddable":true,"href":"https:\/\/shop.tampere.fi\/vapriikki\/wp-json\/wp\/v2\/product_cat?post=528"},{"taxonomy":"product_tag","embeddable":true,"href":"https:\/\/shop.tampere.fi\/vapriikki\/wp-json\/wp\/v2\/product_tag?post=528"}],"curies":[{"name":"wp","href":"https:\/\/api.w.org\/{rel}","templated":true}]}}