{"id":525,"date":"2024-05-15T03:41:14","date_gmt":"2024-05-15T00:41:14","guid":{"rendered":"https:\/\/shop.tampere.fi\/vapriikki\/tuote\/manserock-spesiaali-soundi\/"},"modified":"2026-03-24T15:31:25","modified_gmt":"2026-03-24T13:31:25","slug":"manserock-spesiaali-soundi","status":"publish","type":"product","link":"https:\/\/shop.tampere.fi\/vapriikki\/tuote\/manserock-spesiaali-soundi\/","title":{"rendered":"MANSEROCK-spesiaali Soundi"},"content":{"rendered":"<p>Kaikki ilmi\u00f6st\u00e4 joka muutti Suomi-rockin!<\/p>\n<p>&#8221;Sata sivua parhaita manserockiin liittyvi\u00e4 Soundi-artikkeleita vuosikymmenten varrelta. Soundia vuosina 1975-2013 luotsanneen p\u00e4\u00e4toimittaja Timo Kanervan kokoama julkaisu pit\u00e4\u00e4 sis\u00e4ll\u00e4\u00e4n pitki\u00e4, syv\u00e4lle menevi\u00e4 ja usein hervottoman hauskoja haastatteluja muun muassa Juice Leskisest\u00e4, Alwari Tuohitorvesta, Eppu Normaalista, Tabula Rasasta, Popedasta, Kasevasta, Ilonasta, Mikko Alatalosta ja lukuisista muista. Mukana on my\u00f6s muuta niiden aikojen Soundeille tyypillist\u00e4 materiaalia, kuten Juho Juntusen sarjakuvia, Poikamme musisoivat -lautapeli sek\u00e4 aikakauden mainoksia.&#8221;<\/p>\n<p>&#8211; Mikko Meril\u00e4inen, Soundi 1\/2024<\/p>\n<p>\u00a0<\/p>\n<p>Museokeskus Vapriikin julkaisuja 171<\/p>\n<p>P\u00e4\u00e4toimittaja: Timo Kanerva<\/p>\n<p>Taitto: Jari Mattila ja Kari Lahtinen<\/p>\n<p>ISBN: 978-952-371-070-2<\/p>\n<p>\u00a0<\/p>\n","protected":false},"excerpt":{"rendered":"<p>Kaikki ilmi\u00f6st\u00e4 joka muutti Suomi-rockin! &#8221;Sata sivua parhaita manserockiin liittyvi\u00e4 Soundi-artikkeleita vuosikymmenten varrelta. Soundia vuosina 1975-2013 luotsanneen p\u00e4\u00e4toimittaja Timo Kanervan kokoama julkaisu pit\u00e4\u00e4 sis\u00e4ll\u00e4\u00e4n pitki\u00e4, syv\u00e4lle menevi\u00e4 ja usein hervottoman hauskoja haastatteluja muun muassa Juice Leskisest\u00e4, Alwari Tuohitorvesta, Eppu Normaalista, Tabula Rasasta, Popedasta, Kasevasta, Ilonasta, Mikko Alatalosta ja lukuisista muista. Mukana on my\u00f6s muuta niiden [&hellip;]<\/p>\n","protected":false},"featured_media":199,"template":"","meta":[],"product_brand":[],"product_cat":[67],"product_tag":[],"class_list":{"0":"post-525","1":"product","2":"type-product","3":"status-publish","4":"has-post-thumbnail","6":"product_cat-manserock","8":"first","9":"instock","10":"taxable","11":"shipping-taxable","12":"purchasable","13":"product-type-simple"},"_links":{"self":[{"href":"https:\/\/shop.tampere.fi\/vapriikki\/wp-json\/wp\/v2\/product\/525","targetHints":{"allow":["GET"]}}],"collection":[{"href":"https:\/\/shop.tampere.fi\/vapriikki\/wp-json\/wp\/v2\/product"}],"about":[{"href":"https:\/\/shop.tampere.fi\/vapriikki\/wp-json\/wp\/v2\/types\/product"}],"wp:featuredmedia":[{"embeddable":true,"href":"https:\/\/shop.tampere.fi\/vapriikki\/wp-json\/wp\/v2\/media\/199"}],"wp:attachment":[{"href":"https:\/\/shop.tampere.fi\/vapriikki\/wp-json\/wp\/v2\/media?parent=525"}],"wp:term":[{"taxonomy":"product_brand","embeddable":true,"href":"https:\/\/shop.tampere.fi\/vapriikki\/wp-json\/wp\/v2\/product_brand?post=525"},{"taxonomy":"product_cat","embeddable":true,"href":"https:\/\/shop.tampere.fi\/vapriikki\/wp-json\/wp\/v2\/product_cat?post=525"},{"taxonomy":"product_tag","embeddable":true,"href":"https:\/\/shop.tampere.fi\/vapriikki\/wp-json\/wp\/v2\/product_tag?post=525"}],"curies":[{"name":"wp","href":"https:\/\/api.w.org\/{rel}","templated":true}]}}