{"id":522,"date":"2024-05-15T03:41:11","date_gmt":"2024-05-15T00:41:11","guid":{"rendered":"https:\/\/shop.tampere.fi\/vapriikki\/tuote\/fantastinen-floppi\/"},"modified":"2026-04-13T10:45:01","modified_gmt":"2026-04-13T07:45:01","slug":"fantastinen-floppi","status":"publish","type":"product","link":"https:\/\/shop.tampere.fi\/vapriikki\/tuote\/fantastinen-floppi\/","title":{"rendered":"Fantastinen Floppi"},"content":{"rendered":"<p>Vuonna 2003 julkaistu pelipuhelin N-Gage oli maailmanlaajuinen tuotelanseeraus. Nokian suunnitelma laajentaa viihdebisnekseen meni kuitenkin pahasti m\u00f6nk\u00e4\u00e4n. N-Gagesta tuli kansainv\u00e4linen naurunaihe. Floppi oli ensimm\u00e4inen oire k\u00e4nnykk\u00e4j\u00e4tin ongelmista.<\/p>\n<p>Heikki Jungman on peleihin erikoistunut historiantutkija, joka ty\u00f6skentelee Suomen pelimuseossa Tampereella.<\/p>\n<p>Julkaistu: 2024<\/p>\n<p>Julkaisija: Vastapaino<\/p>\n<p>Toimitus: Heikki Jungman<\/p>\n<p>Ulkoasu: Mirkka Hietanen<\/p>\n<p>Kuvaus: Kovakantinen, 240 sivua<\/p>\n<p>Kieli: Suomi<\/p>\n<p>ISBN: 9789523971738\u00a0<\/p>\n","protected":false},"excerpt":{"rendered":"<p>Vuonna 2003 julkaistu pelipuhelin N-Gage oli maailmanlaajuinen tuotelanseeraus. Nokian suunnitelma laajentaa viihdebisnekseen meni kuitenkin pahasti m\u00f6nk\u00e4\u00e4n. N-Gagesta tuli kansainv\u00e4linen naurunaihe. Floppi oli ensimm\u00e4inen oire k\u00e4nnykk\u00e4j\u00e4tin ongelmista. Heikki Jungman on peleihin erikoistunut historiantutkija, joka ty\u00f6skentelee Suomen pelimuseossa Tampereella. Julkaistu: 2024 Julkaisija: Vastapaino Toimitus: Heikki Jungman Ulkoasu: Mirkka Hietanen Kuvaus: Kovakantinen, 240 sivua Kieli: Suomi ISBN: 9789523971738\u00a0<\/p>\n","protected":false},"featured_media":519,"template":"","meta":[],"product_brand":[],"product_cat":[83],"product_tag":[],"class_list":{"0":"post-522","1":"product","2":"type-product","3":"status-publish","4":"has-post-thumbnail","6":"product_cat-suomen-pelimuseo","8":"first","9":"instock","10":"sale","11":"taxable","12":"shipping-taxable","13":"purchasable","14":"product-type-simple"},"_links":{"self":[{"href":"https:\/\/shop.tampere.fi\/vapriikki\/wp-json\/wp\/v2\/product\/522","targetHints":{"allow":["GET"]}}],"collection":[{"href":"https:\/\/shop.tampere.fi\/vapriikki\/wp-json\/wp\/v2\/product"}],"about":[{"href":"https:\/\/shop.tampere.fi\/vapriikki\/wp-json\/wp\/v2\/types\/product"}],"wp:featuredmedia":[{"embeddable":true,"href":"https:\/\/shop.tampere.fi\/vapriikki\/wp-json\/wp\/v2\/media\/519"}],"wp:attachment":[{"href":"https:\/\/shop.tampere.fi\/vapriikki\/wp-json\/wp\/v2\/media?parent=522"}],"wp:term":[{"taxonomy":"product_brand","embeddable":true,"href":"https:\/\/shop.tampere.fi\/vapriikki\/wp-json\/wp\/v2\/product_brand?post=522"},{"taxonomy":"product_cat","embeddable":true,"href":"https:\/\/shop.tampere.fi\/vapriikki\/wp-json\/wp\/v2\/product_cat?post=522"},{"taxonomy":"product_tag","embeddable":true,"href":"https:\/\/shop.tampere.fi\/vapriikki\/wp-json\/wp\/v2\/product_tag?post=522"}],"curies":[{"name":"wp","href":"https:\/\/api.w.org\/{rel}","templated":true}]}}