{"id":516,"date":"2024-05-15T03:41:01","date_gmt":"2024-05-15T00:41:01","guid":{"rendered":"https:\/\/shop.tampere.fi\/vapriikki\/tuote\/teollisuusmuseo-opas-2\/"},"modified":"2026-03-24T15:31:22","modified_gmt":"2026-03-24T13:31:22","slug":"teollisuusmuseo-opas-2","status":"publish","type":"product","link":"https:\/\/shop.tampere.fi\/vapriikki\/tuote\/teollisuusmuseo-opas-2\/","title":{"rendered":"Teollisuusmuseo opas"},"content":{"rendered":"<p>Suomen teollistuminen alkoi Tammerkosken rannoilta. Tampereesta kasvoi ty\u00f6v\u00e4en kaupunki, jossa tehdasty\u00f6 muovasi tekij\u00f6idens\u00e4 arkea. Teollisuusmuseossa selvi\u00e4\u00e4, miten tehtaiden ty\u00f6ntekij\u00e4t asuivat 1800-luvulla, milt\u00e4 n\u00e4ytt\u00e4\u00e4 varhainen tehdastekoinen kenk\u00e4 ja mit\u00e4 kaupungissa nyky\u00e4\u00e4n tuotetaan.<\/p>\n<p>Finlaysonin vanhassa tehdasrakennuksessa sijaitseva Teollisuusmuseo on Ty\u00f6v\u00e4enmuseo Werstaan ja Vapriikin yhteistuotanto.<\/p>\n<p>T\u00e4m\u00e4 opaskirja johdattaa tamperelaisen teollisuuden tarinaan.<\/p>\n<p>\u00a0<\/p>\n<p>Ty\u00f6v\u00e4enmuseo Werstaan julkaisuja 2024.<\/p>\n<p>Tampereen museoiden julkaisuja 173.<\/p>\n<p>Oppaan toimitus: Inka Tuominen<\/p>\n<p>Taitto: Kati Lehtinen<\/p>\n<p>116 sivua<\/p>\n<p>suomi-englanti<\/p>\n<p>ISBN 978-952-68778-8-4<\/p>\n","protected":false},"excerpt":{"rendered":"<p>Suomen teollistuminen alkoi Tammerkosken rannoilta. Tampereesta kasvoi ty\u00f6v\u00e4en kaupunki, jossa tehdasty\u00f6 muovasi tekij\u00f6idens\u00e4 arkea. Teollisuusmuseossa selvi\u00e4\u00e4, miten tehtaiden ty\u00f6ntekij\u00e4t asuivat 1800-luvulla, milt\u00e4 n\u00e4ytt\u00e4\u00e4 varhainen tehdastekoinen kenk\u00e4 ja mit\u00e4 kaupungissa nyky\u00e4\u00e4n tuotetaan. Finlaysonin vanhassa tehdasrakennuksessa sijaitseva Teollisuusmuseo on Ty\u00f6v\u00e4enmuseo Werstaan ja Vapriikin yhteistuotanto. T\u00e4m\u00e4 opaskirja johdattaa tamperelaisen teollisuuden tarinaan. \u00a0 Ty\u00f6v\u00e4enmuseo Werstaan julkaisuja 2024. Tampereen museoiden [&hellip;]<\/p>\n","protected":false},"featured_media":295,"template":"","meta":[],"product_brand":[],"product_cat":[73],"product_tag":[],"class_list":{"0":"post-516","1":"product","2":"type-product","3":"status-publish","4":"has-post-thumbnail","6":"product_cat-manse","8":"first","9":"instock","10":"taxable","11":"shipping-taxable","12":"purchasable","13":"product-type-simple"},"_links":{"self":[{"href":"https:\/\/shop.tampere.fi\/vapriikki\/wp-json\/wp\/v2\/product\/516","targetHints":{"allow":["GET"]}}],"collection":[{"href":"https:\/\/shop.tampere.fi\/vapriikki\/wp-json\/wp\/v2\/product"}],"about":[{"href":"https:\/\/shop.tampere.fi\/vapriikki\/wp-json\/wp\/v2\/types\/product"}],"wp:featuredmedia":[{"embeddable":true,"href":"https:\/\/shop.tampere.fi\/vapriikki\/wp-json\/wp\/v2\/media\/295"}],"wp:attachment":[{"href":"https:\/\/shop.tampere.fi\/vapriikki\/wp-json\/wp\/v2\/media?parent=516"}],"wp:term":[{"taxonomy":"product_brand","embeddable":true,"href":"https:\/\/shop.tampere.fi\/vapriikki\/wp-json\/wp\/v2\/product_brand?post=516"},{"taxonomy":"product_cat","embeddable":true,"href":"https:\/\/shop.tampere.fi\/vapriikki\/wp-json\/wp\/v2\/product_cat?post=516"},{"taxonomy":"product_tag","embeddable":true,"href":"https:\/\/shop.tampere.fi\/vapriikki\/wp-json\/wp\/v2\/product_tag?post=516"}],"curies":[{"name":"wp","href":"https:\/\/api.w.org\/{rel}","templated":true}]}}