{"id":507,"date":"2024-05-15T03:40:51","date_gmt":"2024-05-15T00:40:51","guid":{"rendered":"https:\/\/shop.tampere.fi\/vapriikki\/tuote\/tampereen-kartanot-2\/"},"modified":"2026-03-24T15:31:47","modified_gmt":"2026-03-24T13:31:47","slug":"tampereen-kartanot-2","status":"publish","type":"product","link":"https:\/\/shop.tampere.fi\/vapriikki\/tuote\/tampereen-kartanot-2\/","title":{"rendered":"Tampereen kartanot"},"content":{"rendered":"<p>Tampereen kartanot johdattaa lukijansa kaupungin kiehtovaan kartanohistoriaan.<\/p>\n<p>N\u00e4ytt\u00e4v\u00e4sti kuvitettui teos tarkastelee laajasti kartanoiden el\u00e4m\u00e4\u00e4: omistajaperheit\u00e4 ja ty\u00f6ntekij\u00f6it\u00e4, rakennuksia ja puistoja, maanviljely\u00e4 ja karjanhoitoa, kartanoiden arkea ja juhlaa. Tarinan punaisena lankana kulkee alueen kartanoiden ja niiden omistajaperheiden l\u00e4heinen suhde Tampereen kaupunkiin.<\/p>\n<p>Mirja M\u00e4ntyl\u00e4<\/p>\n<p>Tampereen museoiden julkaisuja 168<\/p>\n<p>Kovakantinen, 303 sivua<\/p>\n<p>ISBN 978-952-371-049-8<\/p>\n","protected":false},"excerpt":{"rendered":"<p>Tampereen kartanot johdattaa lukijansa kaupungin kiehtovaan kartanohistoriaan. N\u00e4ytt\u00e4v\u00e4sti kuvitettui teos tarkastelee laajasti kartanoiden el\u00e4m\u00e4\u00e4: omistajaperheit\u00e4 ja ty\u00f6ntekij\u00f6it\u00e4, rakennuksia ja puistoja, maanviljely\u00e4 ja karjanhoitoa, kartanoiden arkea ja juhlaa. Tarinan punaisena lankana kulkee alueen kartanoiden ja niiden omistajaperheiden l\u00e4heinen suhde Tampereen kaupunkiin. Mirja M\u00e4ntyl\u00e4 Tampereen museoiden julkaisuja 168 Kovakantinen, 303 sivua ISBN 978-952-371-049-8<\/p>\n","protected":false},"featured_media":265,"template":"","meta":[],"product_brand":[],"product_cat":[64],"product_tag":[],"class_list":{"0":"post-507","1":"product","2":"type-product","3":"status-publish","4":"has-post-thumbnail","6":"product_cat-kirjat","8":"first","9":"instock","10":"taxable","11":"shipping-taxable","12":"purchasable","13":"product-type-simple"},"_links":{"self":[{"href":"https:\/\/shop.tampere.fi\/vapriikki\/wp-json\/wp\/v2\/product\/507","targetHints":{"allow":["GET"]}}],"collection":[{"href":"https:\/\/shop.tampere.fi\/vapriikki\/wp-json\/wp\/v2\/product"}],"about":[{"href":"https:\/\/shop.tampere.fi\/vapriikki\/wp-json\/wp\/v2\/types\/product"}],"wp:featuredmedia":[{"embeddable":true,"href":"https:\/\/shop.tampere.fi\/vapriikki\/wp-json\/wp\/v2\/media\/265"}],"wp:attachment":[{"href":"https:\/\/shop.tampere.fi\/vapriikki\/wp-json\/wp\/v2\/media?parent=507"}],"wp:term":[{"taxonomy":"product_brand","embeddable":true,"href":"https:\/\/shop.tampere.fi\/vapriikki\/wp-json\/wp\/v2\/product_brand?post=507"},{"taxonomy":"product_cat","embeddable":true,"href":"https:\/\/shop.tampere.fi\/vapriikki\/wp-json\/wp\/v2\/product_cat?post=507"},{"taxonomy":"product_tag","embeddable":true,"href":"https:\/\/shop.tampere.fi\/vapriikki\/wp-json\/wp\/v2\/product_tag?post=507"}],"curies":[{"name":"wp","href":"https:\/\/api.w.org\/{rel}","templated":true}]}}