{"id":2471,"date":"2026-05-01T15:38:39","date_gmt":"2026-05-01T12:38:39","guid":{"rendered":"https:\/\/shop.tampere.fi\/vapriikki\/tuote\/pelimuseon-tukipaketti-4\/"},"modified":"2026-05-08T15:13:27","modified_gmt":"2026-05-08T12:13:27","slug":"pelimuseon-tukipaketti-4","status":"publish","type":"product","link":"https:\/\/shop.tampere.fi\/vapriikki\/tuote\/pelimuseon-tukipaketti-4\/","title":{"rendered":"Pelimuseon tukipaketti M"},"content":{"rendered":"<p>Varmista etuk\u00e4teen p\u00e4\u00e4sysi uudistettuun museoon, kiinnit\u00e4 komea tarra vaikka l\u00e4pp\u00e4riin ja ikuista nimesi museon verkkosivuille!<br \/>T\u00e4m\u00e4 Suomen pelimuseon remontin tukituote sis\u00e4lt\u00e4\u00e4 kolme erilaista vastinetta. Saat p\u00e4\u00e4sylipun museoon (arvo 16 \u20ac, voimassa 12 kk uudistetun pelimuseon avajaisp\u00e4iv\u00e4st\u00e4), upean Harri \u201dWallu\u201d Vaalion suunnitteleman remonttitarran ja nimesi n\u00e4kyviin Suomen pelimuseon verkkosivuille uudistuksen valmistuttua.<\/p>\n<p>Varaamme oikeuden muokata sopimattomaksi katsottuja nimi\u00e4 tai j\u00e4tt\u00e4\u00e4 ne julkaisematta.<\/p>\n","protected":false},"excerpt":{"rendered":"<p>Varmista etuk\u00e4teen p\u00e4\u00e4sysi uudistettuun museoon, kiinnit\u00e4 komea tarra vaikka l\u00e4pp\u00e4riin ja ikuista nimesi museon verkkosivuille!T\u00e4m\u00e4 Suomen pelimuseon remontin tukituote sis\u00e4lt\u00e4\u00e4 kolme erilaista vastinetta. Saat p\u00e4\u00e4sylipun museoon (arvo 16 \u20ac, voimassa 12 kk uudistetun pelimuseon avajaisp\u00e4iv\u00e4st\u00e4), upean Harri \u201dWallu\u201d Vaalion suunnitteleman remonttitarran ja nimesi n\u00e4kyviin Suomen pelimuseon verkkosivuille uudistuksen valmistuttua. Varaamme oikeuden muokata sopimattomaksi katsottuja nimi\u00e4 [&hellip;]<\/p>\n","protected":false},"featured_media":2360,"template":"","meta":[],"product_brand":[],"product_cat":[83],"product_tag":[],"class_list":{"0":"post-2471","1":"product","2":"type-product","3":"status-publish","4":"has-post-thumbnail","6":"product_cat-suomen-pelimuseo","8":"first","9":"instock","10":"virtual","11":"taxable","12":"purchasable","13":"product-type-ceepos_grouped"},"_links":{"self":[{"href":"https:\/\/shop.tampere.fi\/vapriikki\/wp-json\/wp\/v2\/product\/2471","targetHints":{"allow":["GET"]}}],"collection":[{"href":"https:\/\/shop.tampere.fi\/vapriikki\/wp-json\/wp\/v2\/product"}],"about":[{"href":"https:\/\/shop.tampere.fi\/vapriikki\/wp-json\/wp\/v2\/types\/product"}],"wp:featuredmedia":[{"embeddable":true,"href":"https:\/\/shop.tampere.fi\/vapriikki\/wp-json\/wp\/v2\/media\/2360"}],"wp:attachment":[{"href":"https:\/\/shop.tampere.fi\/vapriikki\/wp-json\/wp\/v2\/media?parent=2471"}],"wp:term":[{"taxonomy":"product_brand","embeddable":true,"href":"https:\/\/shop.tampere.fi\/vapriikki\/wp-json\/wp\/v2\/product_brand?post=2471"},{"taxonomy":"product_cat","embeddable":true,"href":"https:\/\/shop.tampere.fi\/vapriikki\/wp-json\/wp\/v2\/product_cat?post=2471"},{"taxonomy":"product_tag","embeddable":true,"href":"https:\/\/shop.tampere.fi\/vapriikki\/wp-json\/wp\/v2\/product_tag?post=2471"}],"curies":[{"name":"wp","href":"https:\/\/api.w.org\/{rel}","templated":true}]}}