{"id":2468,"date":"2026-05-01T15:38:37","date_gmt":"2026-05-01T12:38:37","guid":{"rendered":"https:\/\/shop.tampere.fi\/vapriikki\/tuote\/pelimuseon-tukipaketti-6\/"},"modified":"2026-05-08T15:22:03","modified_gmt":"2026-05-08T12:22:03","slug":"pelimuseon-tukipaketti-6","status":"publish","type":"product","link":"https:\/\/shop.tampere.fi\/vapriikki\/tuote\/pelimuseon-tukipaketti-6\/","title":{"rendered":"Pelimuseon tukipaketti XL"},"content":{"rendered":"<p>T\u00e4ll\u00e4 paketilla annat museohankkeelle reilusti tukea, saat nimesi n\u00e4yttelyyn ja p\u00e4\u00e4set mukaan upeisiin VIP-avajaisiin lokakuussa 2026!<\/p>\n<p>T\u00e4m\u00e4n tukituotteen ostaneiden nimet asetetaan n\u00e4kyviin uudistetun Suomen pelimuseon sis\u00e4\u00e4nk\u00e4ynnin yhteyteen koko uuden n\u00e4yttelyn ajaksi. Lis\u00e4ksi nimi tulee n\u00e4kyviin Suomen pelimuseon verkkosivuille n\u00e4yttelyn uudistuksen valmistuttua.\u00a0<\/p>\n<p>Tukipakettiin kuuluu my\u00f6s kutsu kahdelle uudistetun pelimuseon VIP-avajaisiin perjantaina 9.10.2026, kaksi p\u00e4\u00e4sylippua museoon (arvo 32 \u20ac, voimassa 12 kk uudistetun pelimuseon avajaisp\u00e4iv\u00e4st\u00e4) sek\u00e4 Harri \u201dWallu\u201d Vaalion suunnittelema remonttitarra.<\/p>\n<p>Varaamme oikeuden muokata sopimattomaksi katsottuja nimi\u00e4 tai j\u00e4tt\u00e4\u00e4 ne julkaisematta.<\/p>\n","protected":false},"excerpt":{"rendered":"<p>T\u00e4ll\u00e4 paketilla annat museohankkeelle reilusti tukea, saat nimesi n\u00e4yttelyyn ja p\u00e4\u00e4set mukaan upeisiin VIP-avajaisiin lokakuussa 2026! T\u00e4m\u00e4n tukituotteen ostaneiden nimet asetetaan n\u00e4kyviin uudistetun Suomen pelimuseon sis\u00e4\u00e4nk\u00e4ynnin yhteyteen koko uuden n\u00e4yttelyn ajaksi. Lis\u00e4ksi nimi tulee n\u00e4kyviin Suomen pelimuseon verkkosivuille n\u00e4yttelyn uudistuksen valmistuttua.\u00a0 Tukipakettiin kuuluu my\u00f6s kutsu kahdelle uudistetun pelimuseon VIP-avajaisiin perjantaina 9.10.2026, kaksi p\u00e4\u00e4sylippua museoon (arvo [&hellip;]<\/p>\n","protected":false},"featured_media":2360,"template":"","meta":[],"product_brand":[],"product_cat":[83],"product_tag":[],"class_list":{"0":"post-2468","1":"product","2":"type-product","3":"status-publish","4":"has-post-thumbnail","6":"product_cat-suomen-pelimuseo","8":"first","9":"instock","10":"virtual","11":"taxable","12":"purchasable","13":"product-type-ceepos_grouped"},"_links":{"self":[{"href":"https:\/\/shop.tampere.fi\/vapriikki\/wp-json\/wp\/v2\/product\/2468","targetHints":{"allow":["GET"]}}],"collection":[{"href":"https:\/\/shop.tampere.fi\/vapriikki\/wp-json\/wp\/v2\/product"}],"about":[{"href":"https:\/\/shop.tampere.fi\/vapriikki\/wp-json\/wp\/v2\/types\/product"}],"wp:featuredmedia":[{"embeddable":true,"href":"https:\/\/shop.tampere.fi\/vapriikki\/wp-json\/wp\/v2\/media\/2360"}],"wp:attachment":[{"href":"https:\/\/shop.tampere.fi\/vapriikki\/wp-json\/wp\/v2\/media?parent=2468"}],"wp:term":[{"taxonomy":"product_brand","embeddable":true,"href":"https:\/\/shop.tampere.fi\/vapriikki\/wp-json\/wp\/v2\/product_brand?post=2468"},{"taxonomy":"product_cat","embeddable":true,"href":"https:\/\/shop.tampere.fi\/vapriikki\/wp-json\/wp\/v2\/product_cat?post=2468"},{"taxonomy":"product_tag","embeddable":true,"href":"https:\/\/shop.tampere.fi\/vapriikki\/wp-json\/wp\/v2\/product_tag?post=2468"}],"curies":[{"name":"wp","href":"https:\/\/api.w.org\/{rel}","templated":true}]}}