{"id":2465,"date":"2026-05-01T15:38:31","date_gmt":"2026-05-01T12:38:31","guid":{"rendered":"https:\/\/shop.tampere.fi\/vapriikki\/tuote\/pelimuseon-tukituote-nimi-verkkosivulle\/"},"modified":"2026-05-08T12:35:32","modified_gmt":"2026-05-08T09:35:32","slug":"pelimuseon-tukituote-nimi-verkkosivulle","status":"publish","type":"product","link":"https:\/\/shop.tampere.fi\/vapriikki\/tuote\/pelimuseon-tukituote-nimi-verkkosivulle\/","title":{"rendered":"Pelimuseon tukipaketti S"},"content":{"rendered":"<p>Tue Suomen pelimuseon remonttia ja saat nimesi n\u00e4kyviin museon verkkosivuille!<\/p>\n<p>Kaikkien t\u00e4m\u00e4n tuotteen ostaneiden nimet tulevat n\u00e4kyviin Suomen pelimuseon verkkosivuille museon uudistuksen valmistuttua.\u00a0<br \/>Huomaa, ett\u00e4 t\u00e4m\u00e4 tukituote ei sis\u00e4ll\u00e4 mit\u00e4\u00e4n fyysist\u00e4 vastinetta tai p\u00e4\u00e4sy\u00e4 museoon. Varaamme oikeuden muokata sopimattomaksi katsottuja nimi\u00e4 tai j\u00e4tt\u00e4\u00e4 ne julkaisematta.<\/p>\n","protected":false},"excerpt":{"rendered":"<p>Tue Suomen pelimuseon remonttia ja saat nimesi n\u00e4kyviin museon verkkosivuille! Kaikkien t\u00e4m\u00e4n tuotteen ostaneiden nimet tulevat n\u00e4kyviin Suomen pelimuseon verkkosivuille museon uudistuksen valmistuttua.\u00a0Huomaa, ett\u00e4 t\u00e4m\u00e4 tukituote ei sis\u00e4ll\u00e4 mit\u00e4\u00e4n fyysist\u00e4 vastinetta tai p\u00e4\u00e4sy\u00e4 museoon. Varaamme oikeuden muokata sopimattomaksi katsottuja nimi\u00e4 tai j\u00e4tt\u00e4\u00e4 ne julkaisematta.<\/p>\n","protected":false},"featured_media":2375,"template":"","meta":[],"product_brand":[],"product_cat":[83],"product_tag":[],"class_list":{"0":"post-2465","1":"product","2":"type-product","3":"status-publish","4":"has-post-thumbnail","6":"product_cat-suomen-pelimuseo","8":"first","9":"instock","10":"virtual","11":"taxable","12":"purchasable","13":"product-type-simple"},"_links":{"self":[{"href":"https:\/\/shop.tampere.fi\/vapriikki\/wp-json\/wp\/v2\/product\/2465","targetHints":{"allow":["GET"]}}],"collection":[{"href":"https:\/\/shop.tampere.fi\/vapriikki\/wp-json\/wp\/v2\/product"}],"about":[{"href":"https:\/\/shop.tampere.fi\/vapriikki\/wp-json\/wp\/v2\/types\/product"}],"wp:featuredmedia":[{"embeddable":true,"href":"https:\/\/shop.tampere.fi\/vapriikki\/wp-json\/wp\/v2\/media\/2375"}],"wp:attachment":[{"href":"https:\/\/shop.tampere.fi\/vapriikki\/wp-json\/wp\/v2\/media?parent=2465"}],"wp:term":[{"taxonomy":"product_brand","embeddable":true,"href":"https:\/\/shop.tampere.fi\/vapriikki\/wp-json\/wp\/v2\/product_brand?post=2465"},{"taxonomy":"product_cat","embeddable":true,"href":"https:\/\/shop.tampere.fi\/vapriikki\/wp-json\/wp\/v2\/product_cat?post=2465"},{"taxonomy":"product_tag","embeddable":true,"href":"https:\/\/shop.tampere.fi\/vapriikki\/wp-json\/wp\/v2\/product_tag?post=2465"}],"curies":[{"name":"wp","href":"https:\/\/api.w.org\/{rel}","templated":true}]}}