{"id":2382,"date":"2026-03-24T15:20:32","date_gmt":"2026-03-24T13:20:32","guid":{"rendered":"https:\/\/shop.tampere.fi\/vapriikki\/tuote\/pelimuseon-tukiosuus-2\/"},"modified":"2026-05-08T12:36:07","modified_gmt":"2026-05-08T09:36:07","slug":"pelimuseon-tukiosuus-2","status":"publish","type":"product","link":"https:\/\/shop.tampere.fi\/vapriikki\/tuote\/pelimuseon-tukiosuus-2\/","title":{"rendered":"Pelimuseon tukipaketti L"},"content":{"rendered":"<p>Nimi n\u00e4yttelyn sis\u00e4\u00e4nk\u00e4ynnin yhteyteen ja verkkosivuille<br \/>Tue pelimuseon remonttia ja ikuista nimesi tukijana n\u00e4yttelyn sis\u00e4\u00e4nk\u00e4ynnin yhteyteen!<br \/>T\u00e4m\u00e4n tukituotteen ostaneiden nimet asetetaan n\u00e4kyviin uudistetun Suomen pelimuseon sis\u00e4\u00e4nk\u00e4ynnin yhteyteen koko uuden n\u00e4yttelyn ajaksi. Lis\u00e4ksi nimi tulee n\u00e4kyviin Suomen pelimuseon verkkosivuille n\u00e4yttelyn uudistuksen valmistuttua.<\/p>\n<p>Huomaa, ett\u00e4 t\u00e4m\u00e4 tukituote ei sis\u00e4ll\u00e4 mit\u00e4\u00e4n fyysist\u00e4 vastinetta tai p\u00e4\u00e4sy\u00e4 museoon. Varaamme oikeuden muokata sopimattomaksi katsottuja nimi\u00e4 tai j\u00e4tt\u00e4\u00e4 ne julkaisematta.<\/p>\n","protected":false},"excerpt":{"rendered":"<p>Nimi n\u00e4yttelyn sis\u00e4\u00e4nk\u00e4ynnin yhteyteen ja verkkosivuilleTue pelimuseon remonttia ja ikuista nimesi tukijana n\u00e4yttelyn sis\u00e4\u00e4nk\u00e4ynnin yhteyteen!T\u00e4m\u00e4n tukituotteen ostaneiden nimet asetetaan n\u00e4kyviin uudistetun Suomen pelimuseon sis\u00e4\u00e4nk\u00e4ynnin yhteyteen koko uuden n\u00e4yttelyn ajaksi. Lis\u00e4ksi nimi tulee n\u00e4kyviin Suomen pelimuseon verkkosivuille n\u00e4yttelyn uudistuksen valmistuttua. Huomaa, ett\u00e4 t\u00e4m\u00e4 tukituote ei sis\u00e4ll\u00e4 mit\u00e4\u00e4n fyysist\u00e4 vastinetta tai p\u00e4\u00e4sy\u00e4 museoon. Varaamme oikeuden muokata sopimattomaksi [&hellip;]<\/p>\n","protected":false},"featured_media":2375,"template":"","meta":[],"product_brand":[],"product_cat":[83],"product_tag":[],"class_list":{"0":"post-2382","1":"product","2":"type-product","3":"status-publish","4":"has-post-thumbnail","6":"product_cat-suomen-pelimuseo","8":"first","9":"instock","10":"virtual","11":"taxable","12":"purchasable","13":"product-type-simple"},"_links":{"self":[{"href":"https:\/\/shop.tampere.fi\/vapriikki\/wp-json\/wp\/v2\/product\/2382","targetHints":{"allow":["GET"]}}],"collection":[{"href":"https:\/\/shop.tampere.fi\/vapriikki\/wp-json\/wp\/v2\/product"}],"about":[{"href":"https:\/\/shop.tampere.fi\/vapriikki\/wp-json\/wp\/v2\/types\/product"}],"wp:featuredmedia":[{"embeddable":true,"href":"https:\/\/shop.tampere.fi\/vapriikki\/wp-json\/wp\/v2\/media\/2375"}],"wp:attachment":[{"href":"https:\/\/shop.tampere.fi\/vapriikki\/wp-json\/wp\/v2\/media?parent=2382"}],"wp:term":[{"taxonomy":"product_brand","embeddable":true,"href":"https:\/\/shop.tampere.fi\/vapriikki\/wp-json\/wp\/v2\/product_brand?post=2382"},{"taxonomy":"product_cat","embeddable":true,"href":"https:\/\/shop.tampere.fi\/vapriikki\/wp-json\/wp\/v2\/product_cat?post=2382"},{"taxonomy":"product_tag","embeddable":true,"href":"https:\/\/shop.tampere.fi\/vapriikki\/wp-json\/wp\/v2\/product_tag?post=2382"}],"curies":[{"name":"wp","href":"https:\/\/api.w.org\/{rel}","templated":true}]}}