{"id":2357,"date":"2026-03-24T11:44:39","date_gmt":"2026-03-24T09:44:39","guid":{"rendered":"https:\/\/shop.tampere.fi\/vapriikki\/tuote\/suomen-pelimuseo-tukituote-tarra\/"},"modified":"2026-03-25T14:52:18","modified_gmt":"2026-03-25T12:52:18","slug":"suomen-pelimuseo-tukituote-tarra","status":"publish","type":"product","link":"https:\/\/shop.tampere.fi\/vapriikki\/tuote\/suomen-pelimuseo-tukituote-tarra\/","title":{"rendered":"Pelimuseon tukituote: tarra"},"content":{"rendered":"<p>Ostamalla t\u00e4m\u00e4n tarran tuet Suomen pelimuseon remonttia vuonna 2026. Tarrassa olevan kuvituksen on suunnitellut Harri \u201dWallu\u201d Vaalio. Mikrokivikausi-sarjakuvan tutut hahmot Helka ja Guru ovat tarttuneet toimeen ja h\u00e4\u00e4riv\u00e4t pelimuseon remontin kimpussa.<br \/>Mikrokivikausi on pitk\u00e4n linjan sarjakuvantekij\u00e4n ja humoristin Harri \u201dWallu\u201d Vaalion luoma sarjakuva, jota on julkaistu Mikrobitti- ja Skrolli-lehdiss\u00e4 jo vuodesta 1985 l\u00e4htien.<\/p>\n<p>Suorakaiteen muotoinen vinyylitarra on 8 cm leve\u00e4 ja 12 cm korkea<\/p>\n<p>Valmistettu Ruotsissa<\/p>\n","protected":false},"excerpt":{"rendered":"<p>Ostamalla t\u00e4m\u00e4n tarran tuet Suomen pelimuseon remonttia vuonna 2026. Tarrassa olevan kuvituksen on suunnitellut Harri \u201dWallu\u201d Vaalio. Mikrokivikausi-sarjakuvan tutut hahmot Helka ja Guru ovat tarttuneet toimeen ja h\u00e4\u00e4riv\u00e4t pelimuseon remontin kimpussa.Mikrokivikausi on pitk\u00e4n linjan sarjakuvantekij\u00e4n ja humoristin Harri \u201dWallu\u201d Vaalion luoma sarjakuva, jota on julkaistu Mikrobitti- ja Skrolli-lehdiss\u00e4 jo vuodesta 1985 l\u00e4htien. Suorakaiteen muotoinen vinyylitarra [&hellip;]<\/p>\n","protected":false},"featured_media":2397,"template":"","meta":[],"product_brand":[],"product_cat":[83],"product_tag":[],"class_list":{"0":"post-2357","1":"product","2":"type-product","3":"status-publish","4":"has-post-thumbnail","6":"product_cat-suomen-pelimuseo","8":"first","9":"instock","10":"taxable","11":"shipping-taxable","12":"purchasable","13":"product-type-simple"},"_links":{"self":[{"href":"https:\/\/shop.tampere.fi\/vapriikki\/wp-json\/wp\/v2\/product\/2357","targetHints":{"allow":["GET"]}}],"collection":[{"href":"https:\/\/shop.tampere.fi\/vapriikki\/wp-json\/wp\/v2\/product"}],"about":[{"href":"https:\/\/shop.tampere.fi\/vapriikki\/wp-json\/wp\/v2\/types\/product"}],"wp:featuredmedia":[{"embeddable":true,"href":"https:\/\/shop.tampere.fi\/vapriikki\/wp-json\/wp\/v2\/media\/2397"}],"wp:attachment":[{"href":"https:\/\/shop.tampere.fi\/vapriikki\/wp-json\/wp\/v2\/media?parent=2357"}],"wp:term":[{"taxonomy":"product_brand","embeddable":true,"href":"https:\/\/shop.tampere.fi\/vapriikki\/wp-json\/wp\/v2\/product_brand?post=2357"},{"taxonomy":"product_cat","embeddable":true,"href":"https:\/\/shop.tampere.fi\/vapriikki\/wp-json\/wp\/v2\/product_cat?post=2357"},{"taxonomy":"product_tag","embeddable":true,"href":"https:\/\/shop.tampere.fi\/vapriikki\/wp-json\/wp\/v2\/product_tag?post=2357"}],"curies":[{"name":"wp","href":"https:\/\/api.w.org\/{rel}","templated":true}]}}