{"id":2279,"date":"2026-03-05T04:15:33","date_gmt":"2026-03-05T02:15:33","guid":{"rendered":"https:\/\/shop.tampere.fi\/vapriikki\/tuote\/muinaispuvuista-silkkimyssyihin\/"},"modified":"2026-04-16T23:35:08","modified_gmt":"2026-04-16T20:35:08","slug":"muinaispuvuista-silkkimyssyihin","status":"publish","type":"product","link":"https:\/\/shop.tampere.fi\/vapriikki\/tuote\/muinaispuvuista-silkkimyssyihin\/","title":{"rendered":"Muinaispuvuista silkkimyssyihin"},"content":{"rendered":"<p>MUINAISPUVUISTA SILKKIMYSSYIHIN<br \/>Arkeologista tekstiilitutkimusta Pirkanmaalta<\/p>\n<p>T\u00e4m\u00e4 tietokirja kokoaa yhteen uusinta tutkimusta Pirkanmaan\u00a0<br \/>rautakauden ja uuden ajan alun tekstiileist\u00e4, vaatetuksesta ja\u00a0<br \/>niiden tutkimusmenetelmist\u00e4. Arkeologiset tekstiilien, turkisten ja asusteiden j\u00e4\u00e4nn\u00f6kset tarjoavat monipuolisen aineiston, jonka avulla voidaan tarkastella menneisyyden ihmisten pukeutumista sek\u00e4 laajemmin ihmisten identiteetti\u00e4, sosiaalista asemaa,\u00a0<br \/>elinymp\u00e4rist\u00f6\u00e4, taloutta, yhteyksi\u00e4 ja rituaaleja. Kirja esittelee\u00a0<br \/>Vapriikin tutkimusten tuloksia ja samalla avaa n\u00e4kymi\u00e4 menetelmiin, joita kansainv\u00e4lisess\u00e4 tekstiilitutkimuksessa nykyisin sovelletaan \u2013 mikroskopiasta ja v\u00e4rikemiasta proteomiikkaan ja muinais-DNA:han. Pirkanmaan harjujakson varrelle sijoittuvat Tampereen Vilusenharjun ja Yl\u00f6j\u00e4rven Mikkolan ruumiskalmistot valottavat ristiretkiaikaisten (n. 1050\u20131200 jaa.) yhteis\u00f6jen el\u00e4m\u00e4\u00e4, kuolemaa ja sosiaalisia suhteita. Juuri n\u00e4iden kalmistojen hautal\u00f6yt\u00f6ihin perustuvat Vapriikin hankkeessa tutkitut ja ennallistetut Tampereen seudun muinaispuvut, joiden tekemiseen t\u00e4m\u00e4 kirja antaa kaavoja, ohjeita ja vinkkej\u00e4.<\/p>\n<p>Pehme\u00e4kantinen, 172 sivua, suomenkielinen<\/p>\n<p>Toimittajat: Ulla Nordfors, Maj Meriluoto<\/p>\n<p>Taitto: Tuija Rikala<br \/>Kannen kuva: Ulla Nordfors<\/p>\n<p>Tampereen museoiden julkaisuja 179<\/p>\n<p>\u00a9 Tampereen museot ja kirjoittajat 2026<br \/>Painopaikka: Er\u00e4salon Kirjapaino Oy<\/p>\n<p>ISBN 9789523711204<br \/>ISSN 1237-5276<\/p>\n","protected":false},"excerpt":{"rendered":"<p>MUINAISPUVUISTA SILKKIMYSSYIHINArkeologista tekstiilitutkimusta Pirkanmaalta T\u00e4m\u00e4 tietokirja kokoaa yhteen uusinta tutkimusta Pirkanmaan\u00a0rautakauden ja uuden ajan alun tekstiileist\u00e4, vaatetuksesta ja\u00a0niiden tutkimusmenetelmist\u00e4. Arkeologiset tekstiilien, turkisten ja asusteiden j\u00e4\u00e4nn\u00f6kset tarjoavat monipuolisen aineiston, jonka avulla voidaan tarkastella menneisyyden ihmisten pukeutumista sek\u00e4 laajemmin ihmisten identiteetti\u00e4, sosiaalista asemaa,\u00a0elinymp\u00e4rist\u00f6\u00e4, taloutta, yhteyksi\u00e4 ja rituaaleja. Kirja esittelee\u00a0Vapriikin tutkimusten tuloksia ja samalla avaa n\u00e4kymi\u00e4 menetelmiin, joita [&hellip;]<\/p>\n","protected":false},"featured_media":2285,"template":"","meta":[],"product_brand":[],"product_cat":[64],"product_tag":[],"class_list":{"0":"post-2279","1":"product","2":"type-product","3":"status-publish","4":"has-post-thumbnail","6":"product_cat-kirjat","8":"first","9":"instock","10":"featured","11":"taxable","12":"shipping-taxable","13":"purchasable","14":"product-type-simple"},"_links":{"self":[{"href":"https:\/\/shop.tampere.fi\/vapriikki\/wp-json\/wp\/v2\/product\/2279","targetHints":{"allow":["GET"]}}],"collection":[{"href":"https:\/\/shop.tampere.fi\/vapriikki\/wp-json\/wp\/v2\/product"}],"about":[{"href":"https:\/\/shop.tampere.fi\/vapriikki\/wp-json\/wp\/v2\/types\/product"}],"wp:featuredmedia":[{"embeddable":true,"href":"https:\/\/shop.tampere.fi\/vapriikki\/wp-json\/wp\/v2\/media\/2285"}],"wp:attachment":[{"href":"https:\/\/shop.tampere.fi\/vapriikki\/wp-json\/wp\/v2\/media?parent=2279"}],"wp:term":[{"taxonomy":"product_brand","embeddable":true,"href":"https:\/\/shop.tampere.fi\/vapriikki\/wp-json\/wp\/v2\/product_brand?post=2279"},{"taxonomy":"product_cat","embeddable":true,"href":"https:\/\/shop.tampere.fi\/vapriikki\/wp-json\/wp\/v2\/product_cat?post=2279"},{"taxonomy":"product_tag","embeddable":true,"href":"https:\/\/shop.tampere.fi\/vapriikki\/wp-json\/wp\/v2\/product_tag?post=2279"}],"curies":[{"name":"wp","href":"https:\/\/api.w.org\/{rel}","templated":true}]}}