{"id":2275,"date":"2026-03-03T13:13:58","date_gmt":"2026-03-03T11:13:58","guid":{"rendered":"https:\/\/shop.tampere.fi\/vapriikki\/tuote\/pirkan-maan-alta-18\/"},"modified":"2026-04-12T10:37:28","modified_gmt":"2026-04-12T07:37:28","slug":"pirkan-maan-alta-18","status":"publish","type":"product","link":"https:\/\/shop.tampere.fi\/vapriikki\/tuote\/pirkan-maan-alta-18\/","title":{"rendered":"Pirkan maan alta 18"},"content":{"rendered":"<p>ARKEOLOGISIA TUTKIMUKSIA<\/p>\n<p>\u00a0<\/p>\n<p>&#8211; J\u00e4\u00e4kauden perint\u00f6 ja Pirkanmaan vesist\u00f6jen arkeologiaa<\/p>\n<p>&#8211; Vasarakirveskulttuurin l\u00f6yd\u00f6t Pirkanmaalta<\/p>\n<p>&#8211; Miten viikinkiajan nainen pukeutui Vesilahdella?<\/p>\n<p>&#8211; Tampereen Messukyl\u00e4n keskiaikaisen tonttimaan kaivaukset<\/p>\n<p>&#8211; Nokian Haaviston historiallinen kyl\u00e4npaikka<\/p>\n<p>&#8211; Nokia-nimen alkuper\u00e4 sek\u00e4 alueen esi- ja varhaishistoriaa\u00a0<\/p>\n<p>&#8211; Arkeologisia inventointeja Kangasalla ja Kuhmoisissa<\/p>\n<p>\u00a0<\/p>\n<p>Tampereen museoiden julkaisuja 178<\/p>\n<p>Julkaisija: Tampereen historialliset museot &#8211; Pirkanmaan maakuntamuseo, 2025<\/p>\n<p>Toimitus: Vadim Adel, Kreetta Lesell \/ Pirkanmaan maakuntamuseo<\/p>\n<p>Graafinen suunnittelu ja taitto: Severi Suni\u00a0<\/p>\n<p>Kieli: Suomi<\/p>\n<p>Pehme\u00e4kantinen, 90 sivua<\/p>\n<p>ISBN: 978 952 371 115 0<\/p>\n","protected":false},"excerpt":{"rendered":"<p>ARKEOLOGISIA TUTKIMUKSIA \u00a0 &#8211; J\u00e4\u00e4kauden perint\u00f6 ja Pirkanmaan vesist\u00f6jen arkeologiaa &#8211; Vasarakirveskulttuurin l\u00f6yd\u00f6t Pirkanmaalta &#8211; Miten viikinkiajan nainen pukeutui Vesilahdella? &#8211; Tampereen Messukyl\u00e4n keskiaikaisen tonttimaan kaivaukset &#8211; Nokian Haaviston historiallinen kyl\u00e4npaikka &#8211; Nokia-nimen alkuper\u00e4 sek\u00e4 alueen esi- ja varhaishistoriaa\u00a0 &#8211; Arkeologisia inventointeja Kangasalla ja Kuhmoisissa \u00a0 Tampereen museoiden julkaisuja 178 Julkaisija: Tampereen historialliset museot &#8211; [&hellip;]<\/p>\n","protected":false},"featured_media":2272,"template":"","meta":[],"product_brand":[],"product_cat":[76],"product_tag":[],"class_list":{"0":"post-2275","1":"product","2":"type-product","3":"status-publish","4":"has-post-thumbnail","6":"product_cat-pirkanmaan-maakuntamuseo","8":"first","9":"instock","10":"featured","11":"taxable","12":"shipping-taxable","13":"purchasable","14":"product-type-simple"},"_links":{"self":[{"href":"https:\/\/shop.tampere.fi\/vapriikki\/wp-json\/wp\/v2\/product\/2275","targetHints":{"allow":["GET"]}}],"collection":[{"href":"https:\/\/shop.tampere.fi\/vapriikki\/wp-json\/wp\/v2\/product"}],"about":[{"href":"https:\/\/shop.tampere.fi\/vapriikki\/wp-json\/wp\/v2\/types\/product"}],"wp:featuredmedia":[{"embeddable":true,"href":"https:\/\/shop.tampere.fi\/vapriikki\/wp-json\/wp\/v2\/media\/2272"}],"wp:attachment":[{"href":"https:\/\/shop.tampere.fi\/vapriikki\/wp-json\/wp\/v2\/media?parent=2275"}],"wp:term":[{"taxonomy":"product_brand","embeddable":true,"href":"https:\/\/shop.tampere.fi\/vapriikki\/wp-json\/wp\/v2\/product_brand?post=2275"},{"taxonomy":"product_cat","embeddable":true,"href":"https:\/\/shop.tampere.fi\/vapriikki\/wp-json\/wp\/v2\/product_cat?post=2275"},{"taxonomy":"product_tag","embeddable":true,"href":"https:\/\/shop.tampere.fi\/vapriikki\/wp-json\/wp\/v2\/product_tag?post=2275"}],"curies":[{"name":"wp","href":"https:\/\/api.w.org\/{rel}","templated":true}]}}