{"id":2160,"date":"2026-02-06T13:01:06","date_gmt":"2026-02-06T11:01:06","guid":{"rendered":"https:\/\/shop.tampere.fi\/vapriikki\/tuote\/pelimuseon-tukituote-t-paita\/"},"modified":"2026-04-13T10:45:03","modified_gmt":"2026-04-13T07:45:03","slug":"pelimuseon-tukituote-t-paita","status":"publish","type":"product","link":"https:\/\/shop.tampere.fi\/vapriikki\/tuote\/pelimuseon-tukituote-t-paita\/","title":{"rendered":"Pelimuseon tukituote: T-paita"},"content":{"rendered":"<p>Ostamalla t\u00e4m\u00e4n T-paidan tuet Suomen pelimuseon remonttia vuonna 2026. Paidassa olevan kuvituksen on suunnitellut Harri \u201dWallu\u201d Vaalio. Mikrokivikausi-sarjakuvan tutut hahmot Helka ja Guru ovat tarttuneet toimeen ja h\u00e4\u00e4riv\u00e4t pelimuseon remontin kimpussa.<br \/>Mikrokivikausi on pitk\u00e4n linjan sarjakuvantekij\u00e4n ja humoristin Harri \u201dWallu\u201d Vaalion luoma sarjakuva, jota on julkaistu Mikrobitti- ja Skrolli-lehdiss\u00e4 jo vuodesta 1985 l\u00e4htien.<\/p>\n<p>Saatavilla koot S-3XL<\/p>\n<p>100% puuvilla<\/p>\n<p>Pesu 40\u00b0C<\/p>\n","protected":false},"excerpt":{"rendered":"<p>Ostamalla t\u00e4m\u00e4n T-paidan tuet Suomen pelimuseon remonttia vuonna 2026. Paidassa olevan kuvituksen on suunnitellut Harri \u201dWallu\u201d Vaalio. Mikrokivikausi-sarjakuvan tutut hahmot Helka ja Guru ovat tarttuneet toimeen ja h\u00e4\u00e4riv\u00e4t pelimuseon remontin kimpussa.Mikrokivikausi on pitk\u00e4n linjan sarjakuvantekij\u00e4n ja humoristin Harri \u201dWallu\u201d Vaalion luoma sarjakuva, jota on julkaistu Mikrobitti- ja Skrolli-lehdiss\u00e4 jo vuodesta 1985 l\u00e4htien. Saatavilla koot S-3XL [&hellip;]<\/p>\n","protected":false},"featured_media":2157,"template":"","meta":[],"product_brand":[],"product_cat":[83],"product_tag":[],"class_list":{"0":"post-2160","1":"product","2":"type-product","3":"status-publish","4":"has-post-thumbnail","6":"product_cat-suomen-pelimuseo","8":"first","9":"instock","10":"featured","11":"taxable","12":"shipping-taxable","13":"purchasable","14":"product-type-variable"},"_links":{"self":[{"href":"https:\/\/shop.tampere.fi\/vapriikki\/wp-json\/wp\/v2\/product\/2160","targetHints":{"allow":["GET"]}}],"collection":[{"href":"https:\/\/shop.tampere.fi\/vapriikki\/wp-json\/wp\/v2\/product"}],"about":[{"href":"https:\/\/shop.tampere.fi\/vapriikki\/wp-json\/wp\/v2\/types\/product"}],"wp:featuredmedia":[{"embeddable":true,"href":"https:\/\/shop.tampere.fi\/vapriikki\/wp-json\/wp\/v2\/media\/2157"}],"wp:attachment":[{"href":"https:\/\/shop.tampere.fi\/vapriikki\/wp-json\/wp\/v2\/media?parent=2160"}],"wp:term":[{"taxonomy":"product_brand","embeddable":true,"href":"https:\/\/shop.tampere.fi\/vapriikki\/wp-json\/wp\/v2\/product_brand?post=2160"},{"taxonomy":"product_cat","embeddable":true,"href":"https:\/\/shop.tampere.fi\/vapriikki\/wp-json\/wp\/v2\/product_cat?post=2160"},{"taxonomy":"product_tag","embeddable":true,"href":"https:\/\/shop.tampere.fi\/vapriikki\/wp-json\/wp\/v2\/product_tag?post=2160"}],"curies":[{"name":"wp","href":"https:\/\/api.w.org\/{rel}","templated":true}]}}