{"id":2027,"date":"2025-12-04T14:43:26","date_gmt":"2025-12-04T12:43:26","guid":{"rendered":"https:\/\/shop.tampere.fi\/vapriikki\/tuote\/ennakkotilaus-maailmantalouden-murroksessa-tampereen-historia-v\/"},"modified":"2026-03-24T15:30:07","modified_gmt":"2026-03-24T13:30:07","slug":"ennakkotilaus-maailmantalouden-murroksessa-tampereen-historia-v","status":"publish","type":"product","link":"https:\/\/shop.tampere.fi\/vapriikki\/tuote\/ennakkotilaus-maailmantalouden-murroksessa-tampereen-historia-v\/","title":{"rendered":"Maailmantalouden murroksessa \u2013 Tampereen historia V"},"content":{"rendered":"<p>Maailmantalouden murroksessa<br \/>Tampereen historia V<br \/>1990-2025<\/p>\n<p>V\u00e4kiluku kasvaa vauhdilla, rautatieaseman tienoille nouseva Tamhattan puhkoo taivaanrantaa, areena viihdytt\u00e4\u00e4 ja ratikka kuljettaa. Tampere on rakentanut mainettaan n\u00e4ytt\u00e4vill\u00e4 investoinneilla, palveluilla ja koulutuksella. Kaupunki on toistuvasti mitattu Suomen vetovoimaisimmaksi. Tampere on 2020-luvulla t\u00e4ysin toisenlainen kuin muutama vuosikymmen sitten. Savupiipputeollisuuden alasajo koetteli Suomen Manchesteria kuten muitakin vanhoja teollisuuskaupunkeja. Kun teollisuus ajautui globalisaation ja kovenevan kilpailun maailmassa vaikeuksiin, oli Tampereen p\u00e4\u00e4tt\u00e4jienkin etsitt\u00e4v\u00e4 uutta suuntaa. Kasvu-uralle p\u00e4\u00e4stiin viem\u00e4ll\u00e4 l\u00e4pi suuria kaupunkikehityshankkeita, panostamalla palveluihin, koulutukseen, tutkimukseen ja kulttuuriin tamperelaisuutta unohtamatta. P\u00e4invastoin kuin moni vanha teollisuuspaikkakunta, Tampere onnistui v\u00e4ltt\u00e4m\u00e4\u00e4n n\u00e4ivettymisen. Tampereen historian viides osa kertoo, miten se tapahtui: mit\u00e4 tekiv\u00e4t kunnalliset p\u00e4\u00e4tt\u00e4j\u00e4t, yritykset, korkeakoulut, kulttuurilaitokset ja kaikki kaupunkilaiset. Onnekkailla sattumillakin oli sijansa. Dosentti Jussi Koivuniemi on kirjoittanut lukuisia yritys- ja paikallishistorioita, mm. Rosenlewin ja Finlaysonin historiat, Porin historian ja laajoja osia Satakunnan historiaan.<\/p>\n<p>Jussi Koivuniemi<br \/>Runsaasti kuvitettu, kovakantinen, 520 sivua, 500 valokuvaa<br \/>Julkaistu: 2025<\/p>\n<p>Julkaisija: Tampereen kaupunki<br \/>ISBN 978-952-371-111-2<\/p>\n","protected":false},"excerpt":{"rendered":"<p>Maailmantalouden murroksessaTampereen historia V1990-2025 V\u00e4kiluku kasvaa vauhdilla, rautatieaseman tienoille nouseva Tamhattan puhkoo taivaanrantaa, areena viihdytt\u00e4\u00e4 ja ratikka kuljettaa. Tampere on rakentanut mainettaan n\u00e4ytt\u00e4vill\u00e4 investoinneilla, palveluilla ja koulutuksella. Kaupunki on toistuvasti mitattu Suomen vetovoimaisimmaksi. Tampere on 2020-luvulla t\u00e4ysin toisenlainen kuin muutama vuosikymmen sitten. Savupiipputeollisuuden alasajo koetteli Suomen Manchesteria kuten muitakin vanhoja teollisuuskaupunkeja. Kun teollisuus ajautui globalisaation [&hellip;]<\/p>\n","protected":false},"featured_media":2024,"template":"","meta":[],"product_brand":[],"product_cat":[64],"product_tag":[],"class_list":{"0":"post-2027","1":"product","2":"type-product","3":"status-publish","4":"has-post-thumbnail","6":"product_cat-kirjat","8":"first","9":"instock","10":"taxable","11":"shipping-taxable","12":"purchasable","13":"product-type-simple"},"_links":{"self":[{"href":"https:\/\/shop.tampere.fi\/vapriikki\/wp-json\/wp\/v2\/product\/2027","targetHints":{"allow":["GET"]}}],"collection":[{"href":"https:\/\/shop.tampere.fi\/vapriikki\/wp-json\/wp\/v2\/product"}],"about":[{"href":"https:\/\/shop.tampere.fi\/vapriikki\/wp-json\/wp\/v2\/types\/product"}],"wp:featuredmedia":[{"embeddable":true,"href":"https:\/\/shop.tampere.fi\/vapriikki\/wp-json\/wp\/v2\/media\/2024"}],"wp:attachment":[{"href":"https:\/\/shop.tampere.fi\/vapriikki\/wp-json\/wp\/v2\/media?parent=2027"}],"wp:term":[{"taxonomy":"product_brand","embeddable":true,"href":"https:\/\/shop.tampere.fi\/vapriikki\/wp-json\/wp\/v2\/product_brand?post=2027"},{"taxonomy":"product_cat","embeddable":true,"href":"https:\/\/shop.tampere.fi\/vapriikki\/wp-json\/wp\/v2\/product_cat?post=2027"},{"taxonomy":"product_tag","embeddable":true,"href":"https:\/\/shop.tampere.fi\/vapriikki\/wp-json\/wp\/v2\/product_tag?post=2027"}],"curies":[{"name":"wp","href":"https:\/\/api.w.org\/{rel}","templated":true}]}}