{"id":1957,"date":"2025-11-19T20:08:28","date_gmt":"2025-11-19T18:08:28","guid":{"rendered":"https:\/\/shop.tampere.fi\/vapriikki\/tuote\/manserock-heijastin\/"},"modified":"2026-03-24T15:31:02","modified_gmt":"2026-03-24T13:31:02","slug":"manserock-heijastin","status":"publish","type":"product","link":"https:\/\/shop.tampere.fi\/vapriikki\/tuote\/manserock-heijastin\/","title":{"rendered":"Manserock heijastin"},"content":{"rendered":"<p>N\u00e4y pime\u00e4ss\u00e4 kuin manserokkari konsanaan!<\/p>\n<p>Manserock-heijastimessa toisella puolella graafikko Kari Lahtisen suunnittelema Manserock-logo ja toisella Vapriikki-logo. Heijastimen halkaisija on 7cm, kiinnitys pienell\u00e4 papukaijalukolla.<\/p>\n<p>Heijastin lis\u00e4\u00e4 k\u00e4ytt\u00e4j\u00e4ns\u00e4 n\u00e4kyvyytt\u00e4 ulkoisen valonl\u00e4hteen valaisemana. Kiinnit\u00e4 pehmoheijastin noin 50 cm korkeudelle niin, ett\u00e4 se riippuu vapaasti n\u00e4kyen joka suuntaan.<\/p>\n<p>N\u00e4kyvyyden saavuttamiseksi on k\u00e4ytett\u00e4v\u00e4 v\u00e4hint\u00e4\u00e4n kahta heijastinta, yksi vartalon kummallakin puolella.<\/p>\n<p>SGS Fimko, ilmoitettu laitos nro 0598, Takomotie 8, 00380 Helsinki, on tyyppitarkastanut t\u00e4m\u00e4n tuotteen suojainasetuksen (EU) 2016\/425 mukaisesti. T\u00e4m\u00e4 KM-PH pehmoheijastin on standardin EN 17353:2020 tyypin B1 mukainen heijastin.<\/p>\n<p>Tuotteen on valmistanut Kuusnelonen Oy<\/p>\n","protected":false},"excerpt":{"rendered":"<p>N\u00e4y pime\u00e4ss\u00e4 kuin manserokkari konsanaan! Manserock-heijastimessa toisella puolella graafikko Kari Lahtisen suunnittelema Manserock-logo ja toisella Vapriikki-logo. Heijastimen halkaisija on 7cm, kiinnitys pienell\u00e4 papukaijalukolla. Heijastin lis\u00e4\u00e4 k\u00e4ytt\u00e4j\u00e4ns\u00e4 n\u00e4kyvyytt\u00e4 ulkoisen valonl\u00e4hteen valaisemana. Kiinnit\u00e4 pehmoheijastin noin 50 cm korkeudelle niin, ett\u00e4 se riippuu vapaasti n\u00e4kyen joka suuntaan. N\u00e4kyvyyden saavuttamiseksi on k\u00e4ytett\u00e4v\u00e4 v\u00e4hint\u00e4\u00e4n kahta heijastinta, yksi vartalon kummallakin puolella. [&hellip;]<\/p>\n","protected":false},"featured_media":1954,"template":"","meta":[],"product_brand":[],"product_cat":[67],"product_tag":[],"class_list":{"0":"post-1957","1":"product","2":"type-product","3":"status-publish","4":"has-post-thumbnail","6":"product_cat-manserock","8":"first","9":"instock","10":"taxable","11":"shipping-taxable","12":"purchasable","13":"product-type-simple"},"_links":{"self":[{"href":"https:\/\/shop.tampere.fi\/vapriikki\/wp-json\/wp\/v2\/product\/1957","targetHints":{"allow":["GET"]}}],"collection":[{"href":"https:\/\/shop.tampere.fi\/vapriikki\/wp-json\/wp\/v2\/product"}],"about":[{"href":"https:\/\/shop.tampere.fi\/vapriikki\/wp-json\/wp\/v2\/types\/product"}],"wp:featuredmedia":[{"embeddable":true,"href":"https:\/\/shop.tampere.fi\/vapriikki\/wp-json\/wp\/v2\/media\/1954"}],"wp:attachment":[{"href":"https:\/\/shop.tampere.fi\/vapriikki\/wp-json\/wp\/v2\/media?parent=1957"}],"wp:term":[{"taxonomy":"product_brand","embeddable":true,"href":"https:\/\/shop.tampere.fi\/vapriikki\/wp-json\/wp\/v2\/product_brand?post=1957"},{"taxonomy":"product_cat","embeddable":true,"href":"https:\/\/shop.tampere.fi\/vapriikki\/wp-json\/wp\/v2\/product_cat?post=1957"},{"taxonomy":"product_tag","embeddable":true,"href":"https:\/\/shop.tampere.fi\/vapriikki\/wp-json\/wp\/v2\/product_tag?post=1957"}],"curies":[{"name":"wp","href":"https:\/\/api.w.org\/{rel}","templated":true}]}}