{"id":1741,"date":"2025-05-30T11:52:16","date_gmt":"2025-05-30T08:52:16","guid":{"rendered":"https:\/\/shop.tampere.fi\/vapriikki\/tuote\/muinais-dna-avain-menneisyyteen\/"},"modified":"2026-04-08T23:01:52","modified_gmt":"2026-04-08T20:01:52","slug":"muinais-dna-avain-menneisyyteen","status":"publish","type":"product","link":"https:\/\/shop.tampere.fi\/vapriikki\/tuote\/muinais-dna-avain-menneisyyteen\/","title":{"rendered":"Muinais-DNA \u2014 Avain menneisyyteen"},"content":{"rendered":"<p>Muinais-DNA-tutkimus avaa ennenn\u00e4kem\u00e4tt\u00f6mi\u00e4 n\u00e4k\u00f6kulmia menneisyyteen. Yleistajuinen teos esittelee ensimm\u00e4ist\u00e4 kertaa suomeksi, miten DNA-tutkimus paljastaa tietoa ihmisten, el\u00e4inten ja kasvien historiasta sek\u00e4 muinaisista taudinaiheuttajista. Se yhdist\u00e4\u00e4 arkeologian, historian sek\u00e4 genetiikan ja tarjoaa ajankohtaisen katsauksen monitieteiseen menneisyydentutkimukseen.<\/p>\n<p>\u00a0<\/p>\n<p>Toimitus: Ulla Nordfors, Maj Meriluoto<\/p>\n<p>Kustantaja: Suomalaisen Kirjallisuuden Seura<\/p>\n<p>Julkaisuvuosi: 2025<\/p>\n<p>Kieli: suomi<\/p>\n<p>Kovakantinen, 335 sivua<\/p>\n<p>Mitat: 165 x 235 mm<\/p>\n<p>ISBN:\u00a09789518589610<\/p>\n<p>\u00a0<\/p>\n","protected":false},"excerpt":{"rendered":"<p>Muinais-DNA-tutkimus avaa ennenn\u00e4kem\u00e4tt\u00f6mi\u00e4 n\u00e4k\u00f6kulmia menneisyyteen. Yleistajuinen teos esittelee ensimm\u00e4ist\u00e4 kertaa suomeksi, miten DNA-tutkimus paljastaa tietoa ihmisten, el\u00e4inten ja kasvien historiasta sek\u00e4 muinaisista taudinaiheuttajista. Se yhdist\u00e4\u00e4 arkeologian, historian sek\u00e4 genetiikan ja tarjoaa ajankohtaisen katsauksen monitieteiseen menneisyydentutkimukseen. \u00a0 Toimitus: Ulla Nordfors, Maj Meriluoto Kustantaja: Suomalaisen Kirjallisuuden Seura Julkaisuvuosi: 2025 Kieli: suomi Kovakantinen, 335 sivua Mitat: 165 x [&hellip;]<\/p>\n","protected":false},"featured_media":1738,"template":"","meta":[],"product_brand":[],"product_cat":[64],"product_tag":[],"class_list":{"0":"post-1741","1":"product","2":"type-product","3":"status-publish","4":"has-post-thumbnail","6":"product_cat-kirjat","8":"first","9":"instock","10":"taxable","11":"shipping-taxable","12":"purchasable","13":"product-type-simple"},"_links":{"self":[{"href":"https:\/\/shop.tampere.fi\/vapriikki\/wp-json\/wp\/v2\/product\/1741","targetHints":{"allow":["GET"]}}],"collection":[{"href":"https:\/\/shop.tampere.fi\/vapriikki\/wp-json\/wp\/v2\/product"}],"about":[{"href":"https:\/\/shop.tampere.fi\/vapriikki\/wp-json\/wp\/v2\/types\/product"}],"wp:featuredmedia":[{"embeddable":true,"href":"https:\/\/shop.tampere.fi\/vapriikki\/wp-json\/wp\/v2\/media\/1738"}],"wp:attachment":[{"href":"https:\/\/shop.tampere.fi\/vapriikki\/wp-json\/wp\/v2\/media?parent=1741"}],"wp:term":[{"taxonomy":"product_brand","embeddable":true,"href":"https:\/\/shop.tampere.fi\/vapriikki\/wp-json\/wp\/v2\/product_brand?post=1741"},{"taxonomy":"product_cat","embeddable":true,"href":"https:\/\/shop.tampere.fi\/vapriikki\/wp-json\/wp\/v2\/product_cat?post=1741"},{"taxonomy":"product_tag","embeddable":true,"href":"https:\/\/shop.tampere.fi\/vapriikki\/wp-json\/wp\/v2\/product_tag?post=1741"}],"curies":[{"name":"wp","href":"https:\/\/api.w.org\/{rel}","templated":true}]}}