{"id":1659,"date":"2025-03-30T13:37:37","date_gmt":"2025-03-30T10:37:37","guid":{"rendered":"https:\/\/shop.tampere.fi\/vapriikki\/tuote\/songlines-portrait-of-australia-muistipeli\/"},"modified":"2026-03-24T15:30:35","modified_gmt":"2026-03-24T13:30:35","slug":"songlines-portrait-of-australia-muistipeli","status":"publish","type":"product","link":"https:\/\/shop.tampere.fi\/vapriikki\/tuote\/songlines-portrait-of-australia-muistipeli\/","title":{"rendered":"Songlines: Portrait of Australia muistipeli"},"content":{"rendered":"<p>Australian Geographic ja National Museum of Australia yhteisty\u00f6ss\u00e4 tuottama muistipeli.\u00a0<\/p>\n<p>Kaunis, v\u00e4rik\u00e4s pakkaus jossa magneettikiinnitys, Portrait of Australia vihkonen, sek\u00e4 peliohjeet.<\/p>\n<p>36 kuvaparia, sopii kaiken ik\u00e4isille<\/p>\n<p>Laatikon koko: 185x179x53mm<\/p>\n<p>\u00a0<\/p>\n","protected":false},"excerpt":{"rendered":"<p>Australian Geographic ja National Museum of Australia yhteisty\u00f6ss\u00e4 tuottama muistipeli.\u00a0 Kaunis, v\u00e4rik\u00e4s pakkaus jossa magneettikiinnitys, Portrait of Australia vihkonen, sek\u00e4 peliohjeet. 36 kuvaparia, sopii kaiken ik\u00e4isille Laatikon koko: 185x179x53mm \u00a0<\/p>\n","protected":false},"featured_media":1656,"template":"","meta":[],"product_brand":[],"product_cat":[86],"product_tag":[],"class_list":{"0":"post-1659","1":"product","2":"type-product","3":"status-publish","4":"has-post-thumbnail","6":"product_cat-songlines","8":"first","9":"instock","10":"taxable","11":"shipping-taxable","12":"purchasable","13":"product-type-simple"},"_links":{"self":[{"href":"https:\/\/shop.tampere.fi\/vapriikki\/wp-json\/wp\/v2\/product\/1659","targetHints":{"allow":["GET"]}}],"collection":[{"href":"https:\/\/shop.tampere.fi\/vapriikki\/wp-json\/wp\/v2\/product"}],"about":[{"href":"https:\/\/shop.tampere.fi\/vapriikki\/wp-json\/wp\/v2\/types\/product"}],"wp:featuredmedia":[{"embeddable":true,"href":"https:\/\/shop.tampere.fi\/vapriikki\/wp-json\/wp\/v2\/media\/1656"}],"wp:attachment":[{"href":"https:\/\/shop.tampere.fi\/vapriikki\/wp-json\/wp\/v2\/media?parent=1659"}],"wp:term":[{"taxonomy":"product_brand","embeddable":true,"href":"https:\/\/shop.tampere.fi\/vapriikki\/wp-json\/wp\/v2\/product_brand?post=1659"},{"taxonomy":"product_cat","embeddable":true,"href":"https:\/\/shop.tampere.fi\/vapriikki\/wp-json\/wp\/v2\/product_cat?post=1659"},{"taxonomy":"product_tag","embeddable":true,"href":"https:\/\/shop.tampere.fi\/vapriikki\/wp-json\/wp\/v2\/product_tag?post=1659"}],"curies":[{"name":"wp","href":"https:\/\/api.w.org\/{rel}","templated":true}]}}