{"id":1571,"date":"2025-01-23T18:24:24","date_gmt":"2025-01-23T16:24:24","guid":{"rendered":"https:\/\/shop.tampere.fi\/vapriikki\/tuote\/isanmaan-yo-vastarintaa-ja-uutiskuvia-postikorteilla-2\/"},"modified":"2026-03-24T15:31:05","modified_gmt":"2026-03-24T13:31:05","slug":"isanmaan-yo-vastarintaa-ja-uutiskuvia-postikorteilla-2","status":"publish","type":"product","link":"https:\/\/shop.tampere.fi\/vapriikki\/tuote\/isanmaan-yo-vastarintaa-ja-uutiskuvia-postikorteilla-2\/?lang=en","title":{"rendered":"Is\u00e4nmaan y\u00f6 \u2013 Vastarintaa ja uutiskuvia postikorteilla"},"content":{"rendered":"<p>Is\u00e4nmaan y\u00f6 &#8211; Vastarintaa ja uutiskuvia postikorteilla (Fatherlands Night &#8211; Resistance and News Photos on Postcards) looks at the birth of a popular photo that reached a large audience. At the end of the 1890s, millions of cheap photo postcards became available to everyone and they began to be used effectively in communication. They had a special position in the distribution of news pictures and propaganda at a time when pictures were not printed in daily newspapers.\u00a0<\/p>\n<p>The book provides an overview of the birth stages of familiar and everyday picture postcards from a new perspective. Instead of presenting landscape sites or topics related to collecting, the neglected cultural history of photo postcards and their enormous importance in the development of photography will be highlighted.\u00a0<\/p>\n<p>At the beginning of the 20th century, photo postcards showed us what the world looked like. And what Finland looked like, or how it was wanted to look like. They fuel dreams of independence and visualize the news topics of the day. With the help of picture postcards, photographs became firmly attached to our lives and began to influence our opinions.\u00a0<\/p>\n<p>The photo got us in a tight grip.<\/p>\n<p>\u00a0<\/p>\n<p><strong>Available only in Finnish<\/strong><\/p>\n<p>270 pages, soft cover, abundant four-color illustration<\/p>\n<p>Author: Olavi Hankimo<\/p>\n<p>Photo editing: Olavi Hankimo<\/p>\n<p>Editor: Mirjami Linkola and Tiina Pystynen<\/p>\n<p>Graphic design and layout: Olavi Hankimo<\/p>\n<p>Photographer: B\u00f6rje Hell\u00e9n<\/p>\n<p>Place of printing: GPS Group, Bosnia and Herzegovina 2024<\/p>\n<p>ISBN: 978-952-5249-48-4<\/p>\n<p>Publishers: Olavi Hankimo and Postimuseos\u00e4\u00e4ti\u00f6 sr<\/p>\n<p>\u00a0<\/p>\n","protected":false},"excerpt":{"rendered":"<p>Is\u00e4nmaan y\u00f6 &#8211; Vastarintaa ja uutiskuvia postikorteilla (Fatherlands Night &#8211; Resistance and News Photos on Postcards) looks at the birth of a popular photo that reached a large audience. At the end of the 1890s, millions of cheap photo postcards became available to everyone and they began to be used effectively in communication. They had [&hellip;]<\/p>\n","protected":false},"featured_media":1567,"template":"","meta":[],"product_brand":[],"product_cat":[93],"product_tag":[],"class_list":{"0":"post-1571","1":"product","2":"type-product","3":"status-publish","4":"has-post-thumbnail","6":"product_cat-postal-museum","8":"first","9":"instock","10":"taxable","11":"shipping-taxable","12":"purchasable","13":"product-type-simple"},"_links":{"self":[{"href":"https:\/\/shop.tampere.fi\/vapriikki\/wp-json\/wp\/v2\/product\/1571","targetHints":{"allow":["GET"]}}],"collection":[{"href":"https:\/\/shop.tampere.fi\/vapriikki\/wp-json\/wp\/v2\/product"}],"about":[{"href":"https:\/\/shop.tampere.fi\/vapriikki\/wp-json\/wp\/v2\/types\/product"}],"wp:featuredmedia":[{"embeddable":true,"href":"https:\/\/shop.tampere.fi\/vapriikki\/wp-json\/wp\/v2\/media\/1567"}],"wp:attachment":[{"href":"https:\/\/shop.tampere.fi\/vapriikki\/wp-json\/wp\/v2\/media?parent=1571"}],"wp:term":[{"taxonomy":"product_brand","embeddable":true,"href":"https:\/\/shop.tampere.fi\/vapriikki\/wp-json\/wp\/v2\/product_brand?post=1571"},{"taxonomy":"product_cat","embeddable":true,"href":"https:\/\/shop.tampere.fi\/vapriikki\/wp-json\/wp\/v2\/product_cat?post=1571"},{"taxonomy":"product_tag","embeddable":true,"href":"https:\/\/shop.tampere.fi\/vapriikki\/wp-json\/wp\/v2\/product_tag?post=1571"}],"curies":[{"name":"wp","href":"https:\/\/api.w.org\/{rel}","templated":true}]}}