{"id":1569,"date":"2025-01-23T18:24:24","date_gmt":"2025-01-23T16:24:24","guid":{"rendered":"https:\/\/shop.tampere.fi\/vapriikki\/tuote\/isanmaan-yo-vastarintaa-ja-uutiskuvia-postikorteilla\/"},"modified":"2026-03-24T15:31:04","modified_gmt":"2026-03-24T13:31:04","slug":"isanmaan-yo-vastarintaa-ja-uutiskuvia-postikorteilla","status":"publish","type":"product","link":"https:\/\/shop.tampere.fi\/vapriikki\/tuote\/isanmaan-yo-vastarintaa-ja-uutiskuvia-postikorteilla\/","title":{"rendered":"Is\u00e4nmaan y\u00f6 &#8211; Vastarintaa ja uutiskuvia postikorteilla"},"content":{"rendered":"<p>Is\u00e4nmaan y\u00f6 \u2013 Vastarintaa ja uutiskuvia postikorteilla tarkastelee populaarin, suuren yleis\u00f6n tavoittaneen valokuvan synty\u00e4. 1890-luvun lopulla miljoonat halvat valokuvapostikortit tulivat kaikkien ulottuville ja niit\u00e4 ryhdyttiin\u00a0tehokkaasti hy\u00f6dynt\u00e4m\u00e4\u00e4n viestinn\u00e4ss\u00e4. Erityinen asema\u00a0niill\u00e4 oli uutiskuvien ja propagandan levityksess\u00e4 aikana,\u00a0jolloin p\u00e4iv\u00e4lehtiin ei kuvia viel\u00e4 painettu.\u00a0<\/p>\n<p>Tuttujen ja arkisten kuvapostikorttien syntyvaiheisiin\u00a0luodaan kirjassa katsaus uudenlaisesta n\u00e4k\u00f6kulmasta. Maisemakohteiden esittelyn tai ker\u00e4ilyyn liittyvien aiheiden\u00a0sijasta nostetaan esille valokuvapostikorttien huomiotta\u00a0j\u00e4\u00e4nyt kulttuurihistoria ja niiden valtava merkitys valokuvan\u00a0kehitystaipaleella.\u00a0<\/p>\n<p>1900-luvun alussa valokuvapostikortit n\u00e4yttiv\u00e4t meille,\u00a0milt\u00e4 maailma n\u00e4ytti. Ja milt\u00e4 Suomi n\u00e4ytti, tai milt\u00e4 sen\u00a0haluttiin n\u00e4ytt\u00e4v\u00e4n. Ne ruokkivat unelmia itsen\u00e4isyydest\u00e4\u00a0ja visualisoivat p\u00e4iv\u00e4n uutisaiheita. Kuvapostikorttien avulla\u00a0valokuvat kiinnittyiv\u00e4t tiiviisti osaksi el\u00e4m\u00e4\u00e4mme ja alkoivat\u00a0vaikuttaa mielipiteisiimme.\u00a0<\/p>\n<p>Valokuva sai meist\u00e4 tiukan otteen.<\/p>\n<p>270 sivua, pehme\u00e4kantinen, runsas neliv\u00e4rikuvitus<\/p>\n<p>Kirjoittaja: Olavi Hankimo<\/p>\n<p>Kuvatoimitus: Olavi Hankimo<\/p>\n<p>Toimitus: Mirjami Linkola ja Tiina Pystynen<\/p>\n<p>Graafinen suunnittelu ja taitto: Olavi Hankimo<\/p>\n<p>Valokuvaaja: B\u00f6rje Hell\u00e9n<\/p>\n<p>Painopaikka: GPS Group, Bosnia and Herzegovina 2024<\/p>\n<p>ISBN: 978-952-5249-48-4<\/p>\n<p>Kustantajat: Olavi Hankimo ja Postimuseos\u00e4\u00e4ti\u00f6 sr<\/p>\n<p>\u00a0<\/p>\n","protected":false},"excerpt":{"rendered":"<p>Is\u00e4nmaan y\u00f6 \u2013 Vastarintaa ja uutiskuvia postikorteilla tarkastelee populaarin, suuren yleis\u00f6n tavoittaneen valokuvan synty\u00e4. 1890-luvun lopulla miljoonat halvat valokuvapostikortit tulivat kaikkien ulottuville ja niit\u00e4 ryhdyttiin\u00a0tehokkaasti hy\u00f6dynt\u00e4m\u00e4\u00e4n viestinn\u00e4ss\u00e4. Erityinen asema\u00a0niill\u00e4 oli uutiskuvien ja propagandan levityksess\u00e4 aikana,\u00a0jolloin p\u00e4iv\u00e4lehtiin ei kuvia viel\u00e4 painettu.\u00a0 Tuttujen ja arkisten kuvapostikorttien syntyvaiheisiin\u00a0luodaan kirjassa katsaus uudenlaisesta n\u00e4k\u00f6kulmasta. Maisemakohteiden esittelyn tai ker\u00e4ilyyn liittyvien aiheiden\u00a0sijasta [&hellip;]<\/p>\n","protected":false},"featured_media":1566,"template":"","meta":[],"product_brand":[],"product_cat":[92],"product_tag":[],"class_list":{"0":"post-1569","1":"product","2":"type-product","3":"status-publish","4":"has-post-thumbnail","6":"product_cat-postimuseo","8":"first","9":"instock","10":"taxable","11":"shipping-taxable","12":"purchasable","13":"product-type-simple"},"_links":{"self":[{"href":"https:\/\/shop.tampere.fi\/vapriikki\/wp-json\/wp\/v2\/product\/1569","targetHints":{"allow":["GET"]}}],"collection":[{"href":"https:\/\/shop.tampere.fi\/vapriikki\/wp-json\/wp\/v2\/product"}],"about":[{"href":"https:\/\/shop.tampere.fi\/vapriikki\/wp-json\/wp\/v2\/types\/product"}],"wp:featuredmedia":[{"embeddable":true,"href":"https:\/\/shop.tampere.fi\/vapriikki\/wp-json\/wp\/v2\/media\/1566"}],"wp:attachment":[{"href":"https:\/\/shop.tampere.fi\/vapriikki\/wp-json\/wp\/v2\/media?parent=1569"}],"wp:term":[{"taxonomy":"product_brand","embeddable":true,"href":"https:\/\/shop.tampere.fi\/vapriikki\/wp-json\/wp\/v2\/product_brand?post=1569"},{"taxonomy":"product_cat","embeddable":true,"href":"https:\/\/shop.tampere.fi\/vapriikki\/wp-json\/wp\/v2\/product_cat?post=1569"},{"taxonomy":"product_tag","embeddable":true,"href":"https:\/\/shop.tampere.fi\/vapriikki\/wp-json\/wp\/v2\/product_tag?post=1569"}],"curies":[{"name":"wp","href":"https:\/\/api.w.org\/{rel}","templated":true}]}}