{"id":1471,"date":"2025-01-22T12:14:59","date_gmt":"2025-01-22T10:14:59","guid":{"rendered":"https:\/\/shop.tampere.fi\/vapriikki\/tuote\/tampereen-kivimuseo-rannekoru-6mm\/"},"modified":"2026-03-24T15:36:29","modified_gmt":"2026-03-24T13:36:29","slug":"tampereen-kivimuseo-rannekoru-6mm","status":"publish","type":"product","link":"https:\/\/shop.tampere.fi\/vapriikki\/tuote\/tampereen-kivimuseo-rannekoru-6mm\/","title":{"rendered":"Tampereen kivimuseo: Rannekoru 6mm"},"content":{"rendered":"<p>Ihanat kivirannekorut saatavilla my\u00f6s verkkokaupastamme!<\/p>\n<p>Kuminauhaan pujotetut, halkaisijaltaan 6mm py\u00f6re\u00e4t kivihelmet hurmaavat useassa eri kivilajissa:<\/p>\n<p>vuorikristalli, turmaliinikvartsi, howliitti, dalmatianjaspis, tiikerinsilm\u00e4, punainen jaspis, karneoli, ruusukvartsi, kiinan jade, vihre\u00e4 aventuriini, sammalakaatti, sininen kvartsi, v\u00e4rj\u00e4tty howliitti, sodaliitti, onyx.\u00a0<\/p>\n","protected":false},"excerpt":{"rendered":"<p>Ihanat kivirannekorut saatavilla my\u00f6s verkkokaupastamme! Kuminauhaan pujotetut, halkaisijaltaan 6mm py\u00f6re\u00e4t kivihelmet hurmaavat useassa eri kivilajissa: vuorikristalli, turmaliinikvartsi, howliitti, dalmatianjaspis, tiikerinsilm\u00e4, punainen jaspis, karneoli, ruusukvartsi, kiinan jade, vihre\u00e4 aventuriini, sammalakaatti, sininen kvartsi, v\u00e4rj\u00e4tty howliitti, sodaliitti, onyx.\u00a0<\/p>\n","protected":false},"featured_media":1468,"template":"","meta":[],"product_brand":[],"product_cat":[89],"product_tag":[],"class_list":{"0":"post-1471","1":"product","2":"type-product","3":"status-publish","4":"has-post-thumbnail","6":"product_cat-tampereen-kivimuseo","8":"first","9":"instock","10":"taxable","11":"shipping-taxable","12":"purchasable","13":"product-type-variable"},"_links":{"self":[{"href":"https:\/\/shop.tampere.fi\/vapriikki\/wp-json\/wp\/v2\/product\/1471","targetHints":{"allow":["GET"]}}],"collection":[{"href":"https:\/\/shop.tampere.fi\/vapriikki\/wp-json\/wp\/v2\/product"}],"about":[{"href":"https:\/\/shop.tampere.fi\/vapriikki\/wp-json\/wp\/v2\/types\/product"}],"wp:featuredmedia":[{"embeddable":true,"href":"https:\/\/shop.tampere.fi\/vapriikki\/wp-json\/wp\/v2\/media\/1468"}],"wp:attachment":[{"href":"https:\/\/shop.tampere.fi\/vapriikki\/wp-json\/wp\/v2\/media?parent=1471"}],"wp:term":[{"taxonomy":"product_brand","embeddable":true,"href":"https:\/\/shop.tampere.fi\/vapriikki\/wp-json\/wp\/v2\/product_brand?post=1471"},{"taxonomy":"product_cat","embeddable":true,"href":"https:\/\/shop.tampere.fi\/vapriikki\/wp-json\/wp\/v2\/product_cat?post=1471"},{"taxonomy":"product_tag","embeddable":true,"href":"https:\/\/shop.tampere.fi\/vapriikki\/wp-json\/wp\/v2\/product_tag?post=1471"}],"curies":[{"name":"wp","href":"https:\/\/api.w.org\/{rel}","templated":true}]}}