{"id":1441,"date":"2025-01-14T16:02:03","date_gmt":"2025-01-14T14:02:03","guid":{"rendered":"https:\/\/shop.tampere.fi\/vapriikki\/tuote\/mustikerhon-vuosijasenyyden-uusiminen\/"},"modified":"2026-03-24T15:30:57","modified_gmt":"2026-03-24T13:30:57","slug":"mustikerhon-vuosijasenyyden-uusiminen","status":"publish","type":"product","link":"https:\/\/shop.tampere.fi\/vapriikki\/tuote\/mustikerhon-vuosijasenyyden-uusiminen\/","title":{"rendered":"Mustikerhon j\u00e4senyyden uusiminen"},"content":{"rendered":"<p><strong>Musti-kerhoj\u00e4senyyden voi uusia my\u00f6s verkkokaupassa!<\/strong><\/p>\n<p>Vuosimaksu on kalenterivuosikohtainen (tammi-joulukuu). Ajankohtaisimmat tiedot l\u00e4hetet\u00e4\u00e4n s\u00e4hk\u00f6postitse.<\/p>\n<p>Kirjoitathan kerholaisen nimen Lis\u00e4tiedot-kohtaan verkkokaupan kassalla.<\/p>\n<p>Kysytt\u00e4v\u00e4\u00e4 Musti-kerhosta?<\/p>\n<p>Museolehtori Mira Lauri<\/p>\n<p>040 772 4221<\/p>\n<p>mira.lauri@tampere.fi<\/p>\n","protected":false},"excerpt":{"rendered":"<p>Musti-kerhoj\u00e4senyyden voi uusia my\u00f6s verkkokaupassa! Vuosimaksu on kalenterivuosikohtainen (tammi-joulukuu). Ajankohtaisimmat tiedot l\u00e4hetet\u00e4\u00e4n s\u00e4hk\u00f6postitse. Kirjoitathan kerholaisen nimen Lis\u00e4tiedot-kohtaan verkkokaupan kassalla. Kysytt\u00e4v\u00e4\u00e4 Musti-kerhosta? Museolehtori Mira Lauri 040 772 4221 mira.lauri@tampere.fi<\/p>\n","protected":false},"featured_media":1444,"template":"","meta":[],"product_brand":[],"product_cat":[58],"product_tag":[],"class_list":{"0":"post-1441","1":"product","2":"type-product","3":"status-publish","4":"has-post-thumbnail","6":"product_cat-paasyliput","8":"first","9":"instock","10":"virtual","11":"taxable","12":"purchasable","13":"product-type-simple"},"_links":{"self":[{"href":"https:\/\/shop.tampere.fi\/vapriikki\/wp-json\/wp\/v2\/product\/1441","targetHints":{"allow":["GET"]}}],"collection":[{"href":"https:\/\/shop.tampere.fi\/vapriikki\/wp-json\/wp\/v2\/product"}],"about":[{"href":"https:\/\/shop.tampere.fi\/vapriikki\/wp-json\/wp\/v2\/types\/product"}],"wp:featuredmedia":[{"embeddable":true,"href":"https:\/\/shop.tampere.fi\/vapriikki\/wp-json\/wp\/v2\/media\/1444"}],"wp:attachment":[{"href":"https:\/\/shop.tampere.fi\/vapriikki\/wp-json\/wp\/v2\/media?parent=1441"}],"wp:term":[{"taxonomy":"product_brand","embeddable":true,"href":"https:\/\/shop.tampere.fi\/vapriikki\/wp-json\/wp\/v2\/product_brand?post=1441"},{"taxonomy":"product_cat","embeddable":true,"href":"https:\/\/shop.tampere.fi\/vapriikki\/wp-json\/wp\/v2\/product_cat?post=1441"},{"taxonomy":"product_tag","embeddable":true,"href":"https:\/\/shop.tampere.fi\/vapriikki\/wp-json\/wp\/v2\/product_tag?post=1441"}],"curies":[{"name":"wp","href":"https:\/\/api.w.org\/{rel}","templated":true}]}}