{"id":1086,"date":"2024-10-23T03:41:42","date_gmt":"2024-10-23T00:41:42","guid":{"rendered":"https:\/\/shop.tampere.fi\/vapriikki\/tuote\/birger-federley-jugendarkkitehti\/"},"modified":"2026-03-24T15:32:43","modified_gmt":"2026-03-24T13:32:43","slug":"birger-federley-jugendarkkitehti","status":"publish","type":"product","link":"https:\/\/shop.tampere.fi\/vapriikki\/tuote\/birger-federley-jugendarkkitehti\/","title":{"rendered":"Birger Federley \u2013 jugendarkkitehti"},"content":{"rendered":"<p class=\"MsoNormal\">Arkkitehti Birger Federley (1874\u20131935) toi Tampereelle uuden rakennustyylin, jugendin. Sen ensimm\u00e4isi\u00e4 ilmentymi\u00e4 kaupungissa oli h\u00e4nen yhdess\u00e4 Lars Sonckin kanssa suunnittelema Tirkkosen kauppapalatsi. Seuraavaksi ty\u00f6p\u00f6yd\u00e4ll\u00e4 syntyiv\u00e4t monet kaupunkikuvan kannalta t\u00e4rke\u00e4t maamerkit kuten Palanderin talo, De Gamlas Hem, Frenckellin tehdasalue, Tampereen Osake-Pankki, Laukonlinna, Kymmenenmiehentalo, Laivayhti\u00f6n talo ja Tuomisen kivimuuri. Birger Federley \u2013 jugendarkkitehti esittelee Federleyn jugend-helmien lis\u00e4ksi h\u00e4nen laajaa tuotantoaan aina 1930-luvulle saakka. Kirjan erillisartikkelit k\u00e4sittelev\u00e4t Federleyn sukupolven arkkitehtikuntaa, Tampereella j\u00e4rjestettyj\u00e4 suunnittelukilpailuja ja mukana on my\u00f6s ensimm\u00e4inen Federleyn ja Sonckin yhteisen Tampereen arkkitehtitoimiston vaiheita valottava selvitys. Runsaasti kuvitetun teoksen t\u00e4ydent\u00e4\u00e4 kattava luettelo kaikista tiedossa olevista Federleyn Suomeen suunnittelemista t\u00f6ist\u00e4.<\/p>\n<p class=\"MsoNormal\">\u00a0<\/p>\n<p class=\"MsoNormal\">Julkaisija: Tampereen historialliset museot\u00a0<\/p>\n<p class=\"MsoNormal\">Julkaisuty\u00f6ryhm\u00e4: Juha Jaakola, Antti Liuttunen, Marjo-Riitta Saloniemi, Saarni S\u00e4ilynoja<\/p>\n<p class=\"MsoNormal\">Tekstit ja kuvakohteet: Juha Jaakola\u00a0<\/p>\n<p class=\"MsoNormal\">Editointi: Marjo-Riitta Saloniemi\u00a0<\/p>\n<p class=\"MsoNormal\">Kuvatoimitus: Antti Liuttunen<\/p>\n<p class=\"MsoNormal\">Graafinen suunnittelu ja taitto: Kaarina Marttila Tmi<\/p>\n<p class=\"MsoNormal\">Kovakantinen, 293 sivua, suomenkielinen<\/p>\n<p class=\"MsoNormal\">ISSN 1237-5276<\/p>\n<p class=\"MsoNormal\">ISBN 978-952-371-092-4<\/p>\n<p>Tampereen museoiden julkaisuja 176<\/p>\n<p>\u00a0<\/p>\n","protected":false},"excerpt":{"rendered":"<p>Arkkitehti Birger Federley (1874\u20131935) toi Tampereelle uuden rakennustyylin, jugendin. Sen ensimm\u00e4isi\u00e4 ilmentymi\u00e4 kaupungissa oli h\u00e4nen yhdess\u00e4 Lars Sonckin kanssa suunnittelema Tirkkosen kauppapalatsi. Seuraavaksi ty\u00f6p\u00f6yd\u00e4ll\u00e4 syntyiv\u00e4t monet kaupunkikuvan kannalta t\u00e4rke\u00e4t maamerkit kuten Palanderin talo, De Gamlas Hem, Frenckellin tehdasalue, Tampereen Osake-Pankki, Laukonlinna, Kymmenenmiehentalo, Laivayhti\u00f6n talo ja Tuomisen kivimuuri. Birger Federley \u2013 jugendarkkitehti esittelee Federleyn jugend-helmien lis\u00e4ksi [&hellip;]<\/p>\n","protected":false},"featured_media":1083,"template":"","meta":[],"product_brand":[],"product_cat":[64],"product_tag":[],"class_list":{"0":"post-1086","1":"product","2":"type-product","3":"status-publish","4":"has-post-thumbnail","6":"product_cat-kirjat","8":"first","9":"instock","10":"taxable","11":"shipping-taxable","12":"purchasable","13":"product-type-simple"},"_links":{"self":[{"href":"https:\/\/shop.tampere.fi\/vapriikki\/wp-json\/wp\/v2\/product\/1086","targetHints":{"allow":["GET"]}}],"collection":[{"href":"https:\/\/shop.tampere.fi\/vapriikki\/wp-json\/wp\/v2\/product"}],"about":[{"href":"https:\/\/shop.tampere.fi\/vapriikki\/wp-json\/wp\/v2\/types\/product"}],"wp:featuredmedia":[{"embeddable":true,"href":"https:\/\/shop.tampere.fi\/vapriikki\/wp-json\/wp\/v2\/media\/1083"}],"wp:attachment":[{"href":"https:\/\/shop.tampere.fi\/vapriikki\/wp-json\/wp\/v2\/media?parent=1086"}],"wp:term":[{"taxonomy":"product_brand","embeddable":true,"href":"https:\/\/shop.tampere.fi\/vapriikki\/wp-json\/wp\/v2\/product_brand?post=1086"},{"taxonomy":"product_cat","embeddable":true,"href":"https:\/\/shop.tampere.fi\/vapriikki\/wp-json\/wp\/v2\/product_cat?post=1086"},{"taxonomy":"product_tag","embeddable":true,"href":"https:\/\/shop.tampere.fi\/vapriikki\/wp-json\/wp\/v2\/product_tag?post=1086"}],"curies":[{"name":"wp","href":"https:\/\/api.w.org\/{rel}","templated":true}]}}