{"id":1052,"date":"2024-10-11T22:32:41","date_gmt":"2024-10-11T19:32:41","guid":{"rendered":"https:\/\/shop.tampere.fi\/vapriikki\/tuote\/songlines-palapeli-parnngurr-rock-hole\/"},"modified":"2026-03-24T15:30:12","modified_gmt":"2026-03-24T13:30:12","slug":"songlines-palapeli-parnngurr-rock-hole","status":"publish","type":"product","link":"https:\/\/shop.tampere.fi\/vapriikki\/tuote\/songlines-palapeli-parnngurr-rock-hole\/","title":{"rendered":"Songlines: Palapeli Parnngurr Rock Hole"},"content":{"rendered":"<p>Huikaisevan v\u00e4rik\u00e4s ja visuaalisesti vaikuttava n\u00e4yttely sukeltaa syv\u00e4lle Australian alkuper\u00e4iskansojen unimaailman tarinoihin.<\/p>\n<p>1000 palan palapeli n\u00e4yttelyst\u00e4 Songlines: Australian seitsem\u00e4n sisarta.<\/p>\n<p>Parnngurr Rock Hole 2015<\/p>\n<p>Bugai Whyoulter, Martumili Artists<\/p>\n<p>National Museum of Australia<\/p>\n","protected":false},"excerpt":{"rendered":"<p>Huikaisevan v\u00e4rik\u00e4s ja visuaalisesti vaikuttava n\u00e4yttely sukeltaa syv\u00e4lle Australian alkuper\u00e4iskansojen unimaailman tarinoihin. 1000 palan palapeli n\u00e4yttelyst\u00e4 Songlines: Australian seitsem\u00e4n sisarta. Parnngurr Rock Hole 2015 Bugai Whyoulter, Martumili Artists National Museum of Australia<\/p>\n","protected":false},"featured_media":1049,"template":"","meta":[],"product_brand":[],"product_cat":[86],"product_tag":[],"class_list":{"0":"post-1052","1":"product","2":"type-product","3":"status-publish","4":"has-post-thumbnail","6":"product_cat-songlines","8":"first","9":"instock","10":"taxable","11":"shipping-taxable","12":"purchasable","13":"product-type-simple"},"_links":{"self":[{"href":"https:\/\/shop.tampere.fi\/vapriikki\/wp-json\/wp\/v2\/product\/1052","targetHints":{"allow":["GET"]}}],"collection":[{"href":"https:\/\/shop.tampere.fi\/vapriikki\/wp-json\/wp\/v2\/product"}],"about":[{"href":"https:\/\/shop.tampere.fi\/vapriikki\/wp-json\/wp\/v2\/types\/product"}],"wp:featuredmedia":[{"embeddable":true,"href":"https:\/\/shop.tampere.fi\/vapriikki\/wp-json\/wp\/v2\/media\/1049"}],"wp:attachment":[{"href":"https:\/\/shop.tampere.fi\/vapriikki\/wp-json\/wp\/v2\/media?parent=1052"}],"wp:term":[{"taxonomy":"product_brand","embeddable":true,"href":"https:\/\/shop.tampere.fi\/vapriikki\/wp-json\/wp\/v2\/product_brand?post=1052"},{"taxonomy":"product_cat","embeddable":true,"href":"https:\/\/shop.tampere.fi\/vapriikki\/wp-json\/wp\/v2\/product_cat?post=1052"},{"taxonomy":"product_tag","embeddable":true,"href":"https:\/\/shop.tampere.fi\/vapriikki\/wp-json\/wp\/v2\/product_tag?post=1052"}],"curies":[{"name":"wp","href":"https:\/\/api.w.org\/{rel}","templated":true}]}}