{"id":1046,"date":"2024-10-11T21:29:17","date_gmt":"2024-10-11T18:29:17","guid":{"rendered":"https:\/\/shop.tampere.fi\/vapriikki\/tuote\/songlines-tracking-the-seven-sisters\/"},"modified":"2026-03-24T15:32:41","modified_gmt":"2026-03-24T13:32:41","slug":"songlines-tracking-the-seven-sisters","status":"publish","type":"product","link":"https:\/\/shop.tampere.fi\/vapriikki\/tuote\/songlines-tracking-the-seven-sisters\/","title":{"rendered":"Songlines: Tracking the Seven Sisters"},"content":{"rendered":"<p><strong>LOPPUUNMYYTY<\/strong><\/p>\n<p>Huikaisevan v\u00e4rik\u00e4s ja visuaalisesti vaikuttava n\u00e4yttelyjulkaisu sukeltaa syv\u00e4lle Australian alkuper\u00e4iskansojen unimaailman tarinoihin. N\u00e4yttelyjulkaisu on saatavilla vain englanninkielisen\u00e4.<\/p>\n<p>&#8221;Created under the guidance of cultural custodians, traditional owners and artists, Songlines: Tracking the Seven Sisters explores the history and meaning of the Dreaming or creation tracks that crisscross the Australian continent, of which the Seven Sisters songlines are among the most extensive.<\/p>\n<p>Through artworks, stories and in-depth analysis, this book provides an important resource for those interested in knowing more about these complex pathways of spiritual, ecological, economic, cultural and ontological knowledge \u2014 the stories \u2018written in the land\u2019.&#8221;<\/p>\n<p>&#8211; National Museum of Australia<\/p>\n<p>\u00a0<\/p>\n<p>ISBN:\u00a0 978 1 921953 29 3<\/p>\n<p>Pehme\u00e4kantinen, 256 sivua, englanninkielinen<\/p>\n<p>Mitat:\u00a0 235 x 285mm<\/p>\n<p>Julkaisija:\u00a0 National Museum of Australia<\/p>\n<p>Julkaistu:\u00a0 2017<\/p>\n","protected":false},"excerpt":{"rendered":"<p>LOPPUUNMYYTY Huikaisevan v\u00e4rik\u00e4s ja visuaalisesti vaikuttava n\u00e4yttelyjulkaisu sukeltaa syv\u00e4lle Australian alkuper\u00e4iskansojen unimaailman tarinoihin. N\u00e4yttelyjulkaisu on saatavilla vain englanninkielisen\u00e4. &#8221;Created under the guidance of cultural custodians, traditional owners and artists, Songlines: Tracking the Seven Sisters explores the history and meaning of the Dreaming or creation tracks that crisscross the Australian continent, of which the Seven Sisters [&hellip;]<\/p>\n","protected":false},"featured_media":1043,"template":"","meta":[],"product_brand":[],"product_cat":[86],"product_tag":[],"class_list":{"0":"post-1046","1":"product","2":"type-product","3":"status-publish","4":"has-post-thumbnail","6":"product_cat-songlines","8":"first","9":"outofstock","10":"taxable","11":"shipping-taxable","12":"purchasable","13":"product-type-simple"},"_links":{"self":[{"href":"https:\/\/shop.tampere.fi\/vapriikki\/wp-json\/wp\/v2\/product\/1046","targetHints":{"allow":["GET"]}}],"collection":[{"href":"https:\/\/shop.tampere.fi\/vapriikki\/wp-json\/wp\/v2\/product"}],"about":[{"href":"https:\/\/shop.tampere.fi\/vapriikki\/wp-json\/wp\/v2\/types\/product"}],"wp:featuredmedia":[{"embeddable":true,"href":"https:\/\/shop.tampere.fi\/vapriikki\/wp-json\/wp\/v2\/media\/1043"}],"wp:attachment":[{"href":"https:\/\/shop.tampere.fi\/vapriikki\/wp-json\/wp\/v2\/media?parent=1046"}],"wp:term":[{"taxonomy":"product_brand","embeddable":true,"href":"https:\/\/shop.tampere.fi\/vapriikki\/wp-json\/wp\/v2\/product_brand?post=1046"},{"taxonomy":"product_cat","embeddable":true,"href":"https:\/\/shop.tampere.fi\/vapriikki\/wp-json\/wp\/v2\/product_cat?post=1046"},{"taxonomy":"product_tag","embeddable":true,"href":"https:\/\/shop.tampere.fi\/vapriikki\/wp-json\/wp\/v2\/product_tag?post=1046"}],"curies":[{"name":"wp","href":"https:\/\/api.w.org\/{rel}","templated":true}]}}