{"id":1012,"date":"2024-10-02T12:42:51","date_gmt":"2024-10-02T09:42:51","guid":{"rendered":"https:\/\/shop.tampere.fi\/vapriikki\/tuote\/ennakkotilaus-juhani-riekkolan-tampere\/"},"modified":"2026-03-24T15:32:36","modified_gmt":"2026-03-24T13:32:36","slug":"ennakkotilaus-juhani-riekkolan-tampere","status":"publish","type":"product","link":"https:\/\/shop.tampere.fi\/vapriikki\/tuote\/ennakkotilaus-juhani-riekkolan-tampere\/","title":{"rendered":"Juhani Riekkolan Tampere"},"content":{"rendered":"<p>Juhani Riekkola on yksi aikansa tunnetuimmista valokuvaajista Suomessa. H\u00e4n on kuvannut l\u00e4hes puoli vuosisataa kest\u00e4neen uransa aikana Tamperetta, sen kaupunkikuvaa, ihmisi\u00e4 ja kulttuuria.<\/p>\n<p>Kansainv\u00e4lisesti palkittujen taidevalokuvien lis\u00e4ksi Riekkola on tuottanut monipuolisia kuvareportaaseja, vahvoja muotokuvia, taidokkaita arkkitehtuurikuvia, tarkasti j\u00e4rjesteltyj\u00e4 teatterikuvia ja upeita mainoskuvia monille tunnetuille tamperelaisyrityksille.<\/p>\n<p>Riekkola on tunnettu dokumentaarisesta valokuvausty\u00f6st\u00e4\u00e4n, ja h\u00e4n kuuluu suomalaisen fotografiikan uranuurtajiin.<\/p>\n<p>T\u00e4m\u00e4 Tampereelle omistettu valokuvateos on koottu Juhani Riekkolan vuonna 2003 Vapriikin kuva-arkistolle lahjoittamasta tuhansien valokuvien kokoelmasta.<\/p>\n<p>\u00a0<\/p>\n<p>2. painos<\/p>\n<p>Kova kansi, 256 sivua, suomenkielinen<\/p>\n<p>Julkaisija: Tampereen historialliset museot<\/p>\n<p>Toimitus: Reetta Lepist\u00f6, Antti Liuttunen<\/p>\n<p>Teksti: Antti Liuttunen<\/p>\n<p>Haastattelut: Reetta Lepist\u00f6<\/p>\n<p>Editointi: Marjo-Riitta Saloniemi<\/p>\n<p>Graafinen suunnittelu ja taitto: Reetta Lepist\u00f6\u00a0<\/p>\n<p>Valokuvat: Juhani Riekkola, Vapriikin kuva-arkisto (ellei toisin mainita)<\/p>\n<p>Julkaisuvuosi: 2024<\/p>\n<p>ISSN: 1237-5276<\/p>\n<p>ISBN: 978-952-371-087-0<\/p>\n<p>Tampereen historiallisten museoiden julkaisuja 175\u00a0<\/p>\n<p>\u00a0<\/p>\n","protected":false},"excerpt":{"rendered":"<p>Juhani Riekkola on yksi aikansa tunnetuimmista valokuvaajista Suomessa. H\u00e4n on kuvannut l\u00e4hes puoli vuosisataa kest\u00e4neen uransa aikana Tamperetta, sen kaupunkikuvaa, ihmisi\u00e4 ja kulttuuria. Kansainv\u00e4lisesti palkittujen taidevalokuvien lis\u00e4ksi Riekkola on tuottanut monipuolisia kuvareportaaseja, vahvoja muotokuvia, taidokkaita arkkitehtuurikuvia, tarkasti j\u00e4rjesteltyj\u00e4 teatterikuvia ja upeita mainoskuvia monille tunnetuille tamperelaisyrityksille. Riekkola on tunnettu dokumentaarisesta valokuvausty\u00f6st\u00e4\u00e4n, ja h\u00e4n kuuluu suomalaisen fotografiikan [&hellip;]<\/p>\n","protected":false},"featured_media":1009,"template":"","meta":[],"product_brand":[],"product_cat":[64],"product_tag":[],"class_list":{"0":"post-1012","1":"product","2":"type-product","3":"status-publish","4":"has-post-thumbnail","6":"product_cat-kirjat","8":"first","9":"instock","10":"taxable","11":"shipping-taxable","12":"purchasable","13":"product-type-simple"},"_links":{"self":[{"href":"https:\/\/shop.tampere.fi\/vapriikki\/wp-json\/wp\/v2\/product\/1012","targetHints":{"allow":["GET"]}}],"collection":[{"href":"https:\/\/shop.tampere.fi\/vapriikki\/wp-json\/wp\/v2\/product"}],"about":[{"href":"https:\/\/shop.tampere.fi\/vapriikki\/wp-json\/wp\/v2\/types\/product"}],"wp:featuredmedia":[{"embeddable":true,"href":"https:\/\/shop.tampere.fi\/vapriikki\/wp-json\/wp\/v2\/media\/1009"}],"wp:attachment":[{"href":"https:\/\/shop.tampere.fi\/vapriikki\/wp-json\/wp\/v2\/media?parent=1012"}],"wp:term":[{"taxonomy":"product_brand","embeddable":true,"href":"https:\/\/shop.tampere.fi\/vapriikki\/wp-json\/wp\/v2\/product_brand?post=1012"},{"taxonomy":"product_cat","embeddable":true,"href":"https:\/\/shop.tampere.fi\/vapriikki\/wp-json\/wp\/v2\/product_cat?post=1012"},{"taxonomy":"product_tag","embeddable":true,"href":"https:\/\/shop.tampere.fi\/vapriikki\/wp-json\/wp\/v2\/product_tag?post=1012"}],"curies":[{"name":"wp","href":"https:\/\/api.w.org\/{rel}","templated":true}]}}