{"id":589,"date":"2026-01-29T18:39:56","date_gmt":"2026-01-29T16:39:56","guid":{"rendered":"https:\/\/shop.tampere.fi\/tampereentaidemuseo\/tuote\/kalligrafia-setti-teeripari\/"},"modified":"2026-02-16T12:02:30","modified_gmt":"2026-02-16T10:02:30","slug":"kalligrafia-setti-teeripari","status":"publish","type":"product","link":"https:\/\/shop.tampere.fi\/tampereentaidemuseo\/tuote\/kalligrafia-setti-teeripari\/","title":{"rendered":"Kalligrafia setti: Teeripari"},"content":{"rendered":"<p class=\"MsoNormal\"><span style=\"color: black\">Ferdinand von Wright 1864, \u00f6ljy kankaalle.<\/span><\/p>\n<p class=\"MsoNormal\"><span style=\"color: black\">Tampereen taidemuseo<\/span><\/p>\n<p class=\"MsoNormal\"><span style=\"color: black\">\u00a0<\/span><\/p>\n<p class=\"MsoNormal\"><span style=\"color: black\">Kalligrafia setti + mustepullo pakattuna kauniiseen rasiaan. Sulkakyn\u00e4\u00e4n kuusi vaihtoter\u00e4\u00e4 ja mukana my\u00f6s A6 pikku vihko.<\/span><\/p>\n<p class=\"MsoNormal\"><span style=\"color: black\">\u00a0<\/span><\/p>\n<p class=\"MsoNormal\"><span style=\"color: black\">110x260x40 mm rasian koko<\/span><\/p>\n<p class=\"MsoNormal\"><span style=\"color: black\">130x95x10 mm A6 vihko, 50 blanko sivua<\/span><\/p>\n","protected":false},"excerpt":{"rendered":"<p>Ferdinand von Wright 1864, \u00f6ljy kankaalle. Tampereen taidemuseo \u00a0 Kalligrafia setti + mustepullo pakattuna kauniiseen rasiaan. Sulkakyn\u00e4\u00e4n kuusi vaihtoter\u00e4\u00e4 ja mukana my\u00f6s A6 pikku vihko. \u00a0 110x260x40 mm rasian koko 130x95x10 mm A6 vihko, 50 blanko sivua<\/p>\n","protected":false},"featured_media":604,"template":"","meta":[],"product_brand":[],"product_cat":[32],"product_tag":[],"class_list":{"0":"post-589","1":"product","2":"type-product","3":"status-publish","4":"has-post-thumbnail","6":"product_cat-museokauppa","8":"first","9":"instock","10":"taxable","11":"shipping-taxable","12":"purchasable","13":"product-type-simple"},"_links":{"self":[{"href":"https:\/\/shop.tampere.fi\/tampereentaidemuseo\/wp-json\/wp\/v2\/product\/589","targetHints":{"allow":["GET"]}}],"collection":[{"href":"https:\/\/shop.tampere.fi\/tampereentaidemuseo\/wp-json\/wp\/v2\/product"}],"about":[{"href":"https:\/\/shop.tampere.fi\/tampereentaidemuseo\/wp-json\/wp\/v2\/types\/product"}],"wp:featuredmedia":[{"embeddable":true,"href":"https:\/\/shop.tampere.fi\/tampereentaidemuseo\/wp-json\/wp\/v2\/media\/604"}],"wp:attachment":[{"href":"https:\/\/shop.tampere.fi\/tampereentaidemuseo\/wp-json\/wp\/v2\/media?parent=589"}],"wp:term":[{"taxonomy":"product_brand","embeddable":true,"href":"https:\/\/shop.tampere.fi\/tampereentaidemuseo\/wp-json\/wp\/v2\/product_brand?post=589"},{"taxonomy":"product_cat","embeddable":true,"href":"https:\/\/shop.tampere.fi\/tampereentaidemuseo\/wp-json\/wp\/v2\/product_cat?post=589"},{"taxonomy":"product_tag","embeddable":true,"href":"https:\/\/shop.tampere.fi\/tampereentaidemuseo\/wp-json\/wp\/v2\/product_tag?post=589"}],"curies":[{"name":"wp","href":"https:\/\/api.w.org\/{rel}","templated":true}]}}