{"id":583,"date":"2026-01-29T18:39:53","date_gmt":"2026-01-29T16:39:53","guid":{"rendered":"https:\/\/shop.tampere.fi\/tampereentaidemuseo\/tuote\/lasinaluset\/"},"modified":"2026-02-07T01:12:12","modified_gmt":"2026-02-06T23:12:12","slug":"lasinaluset","status":"publish","type":"product","link":"https:\/\/shop.tampere.fi\/tampereentaidemuseo\/tuote\/lasinaluset\/","title":{"rendered":"Lasinaluset"},"content":{"rendered":"<p class=\"MsoNormal\"><span style=\"color: black\">Berndt Lindholm Merimaisema 1911, \u00f6ljy kankaalle.<\/span><\/p>\n<p class=\"MsoNormal\"><span style=\"color: black\">Hjalmar Munsterhjelm Kuutamo 1885, \u00f6ljy kankaalle.<\/span><\/p>\n<p class=\"MsoNormal\"><span style=\"color: black\">Berndt Lindholm Satama kuutamossa 1875, \u00f6ljy kankaalle.<\/span><\/p>\n<p class=\"MsoNormal\"><span style=\"color: black\">Tampereen taidemuseo<\/span><\/p>\n<p class=\"MsoNormal\"><span style=\"color: black\">\u00a0<\/span><\/p>\n<p class=\"MsoNormal\"><span style=\"color: black\">6 kpl 9,5 x 9.5 cm korkkipohjaista lasinalusta, pinta helppo puhdistaa kostealla liinalla, ei saa upottaa veteen.<\/span><\/p>\n","protected":false},"excerpt":{"rendered":"<p>Berndt Lindholm Merimaisema 1911, \u00f6ljy kankaalle. Hjalmar Munsterhjelm Kuutamo 1885, \u00f6ljy kankaalle. Berndt Lindholm Satama kuutamossa 1875, \u00f6ljy kankaalle. Tampereen taidemuseo \u00a0 6 kpl 9,5 x 9.5 cm korkkipohjaista lasinalusta, pinta helppo puhdistaa kostealla liinalla, ei saa upottaa veteen.<\/p>\n","protected":false},"featured_media":598,"template":"","meta":[],"product_brand":[],"product_cat":[32],"product_tag":[],"class_list":{"0":"post-583","1":"product","2":"type-product","3":"status-publish","4":"has-post-thumbnail","6":"product_cat-museokauppa","8":"first","9":"instock","10":"taxable","11":"shipping-taxable","12":"purchasable","13":"product-type-simple"},"_links":{"self":[{"href":"https:\/\/shop.tampere.fi\/tampereentaidemuseo\/wp-json\/wp\/v2\/product\/583","targetHints":{"allow":["GET"]}}],"collection":[{"href":"https:\/\/shop.tampere.fi\/tampereentaidemuseo\/wp-json\/wp\/v2\/product"}],"about":[{"href":"https:\/\/shop.tampere.fi\/tampereentaidemuseo\/wp-json\/wp\/v2\/types\/product"}],"wp:featuredmedia":[{"embeddable":true,"href":"https:\/\/shop.tampere.fi\/tampereentaidemuseo\/wp-json\/wp\/v2\/media\/598"}],"wp:attachment":[{"href":"https:\/\/shop.tampere.fi\/tampereentaidemuseo\/wp-json\/wp\/v2\/media?parent=583"}],"wp:term":[{"taxonomy":"product_brand","embeddable":true,"href":"https:\/\/shop.tampere.fi\/tampereentaidemuseo\/wp-json\/wp\/v2\/product_brand?post=583"},{"taxonomy":"product_cat","embeddable":true,"href":"https:\/\/shop.tampere.fi\/tampereentaidemuseo\/wp-json\/wp\/v2\/product_cat?post=583"},{"taxonomy":"product_tag","embeddable":true,"href":"https:\/\/shop.tampere.fi\/tampereentaidemuseo\/wp-json\/wp\/v2\/product_tag?post=583"}],"curies":[{"name":"wp","href":"https:\/\/api.w.org\/{rel}","templated":true}]}}