{"id":459,"date":"2024-11-18T22:23:28","date_gmt":"2024-11-18T20:23:28","guid":{"rendered":"https:\/\/shop.tampere.fi\/tampereentaidemuseo\/tuote\/suvi-sysi-young-artist-of-the-year-2024\/"},"modified":"2026-01-01T05:13:28","modified_gmt":"2026-01-01T03:13:28","slug":"suvi-sysi-young-artist-of-the-year-2024","status":"publish","type":"product","link":"https:\/\/shop.tampere.fi\/tampereentaidemuseo\/tuote\/suvi-sysi-young-artist-of-the-year-2024\/?lang=en","title":{"rendered":"Suvi Sysi \u2013 Young Artist of the Year 2024"},"content":{"rendered":"<p>Exhibition catalogue<\/p>\n<p>Hardback, woven, 140 pages<\/p>\n<p>Widht: 29,6 cm<\/p>\n<p>Height: 31,4 cm<\/p>\n<p>Editor: Aino Nurmesj\u00e4rvi<\/p>\n<p>Authors: Selma Green, Leevi Haapala, Jussi Juurinen, Tarja Pitk\u00e4nen-Walter ja Suvi Sysi<\/p>\n<p>Translations: Gerard McAlester<\/p>\n<p>Graphic design: Mako Niemel\u00e4<\/p>\n<p>Publisher: Tampere Art Museum<\/p>\n<p>Tampere Art Museum Publications 197<\/p>\n<p>Grano, 2024<\/p>\n<p>ISBN 978-952-371-091-7<\/p>\n<p>ISSN 0782-3746<\/p>\n<p>\u00a0<\/p>\n","protected":false},"excerpt":{"rendered":"<p>Exhibition catalogue Hardback, woven, 140 pages Widht: 29,6 cm Height: 31,4 cm Editor: Aino Nurmesj\u00e4rvi Authors: Selma Green, Leevi Haapala, Jussi Juurinen, Tarja Pitk\u00e4nen-Walter ja Suvi Sysi Translations: Gerard McAlester Graphic design: Mako Niemel\u00e4 Publisher: Tampere Art Museum Tampere Art Museum Publications 197 Grano, 2024 ISBN 978-952-371-091-7 ISSN 0782-3746 \u00a0<\/p>\n","protected":false},"featured_media":455,"template":"","meta":[],"product_brand":[],"product_cat":[38],"product_tag":[],"class_list":{"0":"post-459","1":"product","2":"type-product","3":"status-publish","4":"has-post-thumbnail","6":"product_cat-books","8":"first","9":"instock","10":"taxable","11":"shipping-taxable","12":"purchasable","13":"product-type-simple"},"_links":{"self":[{"href":"https:\/\/shop.tampere.fi\/tampereentaidemuseo\/wp-json\/wp\/v2\/product\/459","targetHints":{"allow":["GET"]}}],"collection":[{"href":"https:\/\/shop.tampere.fi\/tampereentaidemuseo\/wp-json\/wp\/v2\/product"}],"about":[{"href":"https:\/\/shop.tampere.fi\/tampereentaidemuseo\/wp-json\/wp\/v2\/types\/product"}],"wp:featuredmedia":[{"embeddable":true,"href":"https:\/\/shop.tampere.fi\/tampereentaidemuseo\/wp-json\/wp\/v2\/media\/455"}],"wp:attachment":[{"href":"https:\/\/shop.tampere.fi\/tampereentaidemuseo\/wp-json\/wp\/v2\/media?parent=459"}],"wp:term":[{"taxonomy":"product_brand","embeddable":true,"href":"https:\/\/shop.tampere.fi\/tampereentaidemuseo\/wp-json\/wp\/v2\/product_brand?post=459"},{"taxonomy":"product_cat","embeddable":true,"href":"https:\/\/shop.tampere.fi\/tampereentaidemuseo\/wp-json\/wp\/v2\/product_cat?post=459"},{"taxonomy":"product_tag","embeddable":true,"href":"https:\/\/shop.tampere.fi\/tampereentaidemuseo\/wp-json\/wp\/v2\/product_tag?post=459"}],"curies":[{"name":"wp","href":"https:\/\/api.w.org\/{rel}","templated":true}]}}