{"id":457,"date":"2024-11-18T22:23:28","date_gmt":"2024-11-18T20:23:28","guid":{"rendered":"https:\/\/shop.tampere.fi\/tampereentaidemuseo\/tuote\/suvi-sysi-vuoden-nuori-taiteilija-2024\/"},"modified":"2026-01-01T05:13:27","modified_gmt":"2026-01-01T03:13:27","slug":"suvi-sysi-vuoden-nuori-taiteilija-2024","status":"publish","type":"product","link":"https:\/\/shop.tampere.fi\/tampereentaidemuseo\/tuote\/suvi-sysi-vuoden-nuori-taiteilija-2024\/","title":{"rendered":"Suvi Sysi \u2013 Vuoden nuori taiteilija 2024"},"content":{"rendered":"<p>N\u00e4yttelykatalogi<\/p>\n<p>\u00a0<\/p>\n<p>ISBN 978-952-371-091-7<\/p>\n<p>ISSN 0782-3746<\/p>\n<p>Kovakantinen, ommeltu, 140 sivua<\/p>\n<p>Leveys 29,6 cm<\/p>\n<p>Korkeus 31,4 cm<\/p>\n<p>Toimittaja: Aino Nurmesj\u00e4rvi<\/p>\n<p>Kirjoittajat: Selma Green, Leevi Haapala, Jussi Juurinen, Tarja Pitk\u00e4nen-Walter ja Suvi Sysi<\/p>\n<p>K\u00e4\u00e4nn\u00f6kset: Gerard McAlester<\/p>\n<p>Graafinen suunnittelu: Mako Niemel\u00e4<\/p>\n<p>Kustantaja: Tampereen taidemuseo, Tampere Art Museum<\/p>\n<p>Tampereen taidemuseon julkaisuja 197<\/p>\n<p>Grano, 2024<\/p>\n<p>ISBN 978-952-371-091-7<\/p>\n<p>ISSN 0782-3746<\/p>\n","protected":false},"excerpt":{"rendered":"<p>N\u00e4yttelykatalogi \u00a0 ISBN 978-952-371-091-7 ISSN 0782-3746 Kovakantinen, ommeltu, 140 sivua Leveys 29,6 cm Korkeus 31,4 cm Toimittaja: Aino Nurmesj\u00e4rvi Kirjoittajat: Selma Green, Leevi Haapala, Jussi Juurinen, Tarja Pitk\u00e4nen-Walter ja Suvi Sysi K\u00e4\u00e4nn\u00f6kset: Gerard McAlester Graafinen suunnittelu: Mako Niemel\u00e4 Kustantaja: Tampereen taidemuseo, Tampere Art Museum Tampereen taidemuseon julkaisuja 197 Grano, 2024 ISBN 978-952-371-091-7 ISSN 0782-3746<\/p>\n","protected":false},"featured_media":454,"template":"","meta":[],"product_brand":[],"product_cat":[37],"product_tag":[],"class_list":{"0":"post-457","1":"product","2":"type-product","3":"status-publish","4":"has-post-thumbnail","6":"product_cat-kirjat","8":"first","9":"instock","10":"taxable","11":"shipping-taxable","12":"purchasable","13":"product-type-simple"},"_links":{"self":[{"href":"https:\/\/shop.tampere.fi\/tampereentaidemuseo\/wp-json\/wp\/v2\/product\/457","targetHints":{"allow":["GET"]}}],"collection":[{"href":"https:\/\/shop.tampere.fi\/tampereentaidemuseo\/wp-json\/wp\/v2\/product"}],"about":[{"href":"https:\/\/shop.tampere.fi\/tampereentaidemuseo\/wp-json\/wp\/v2\/types\/product"}],"wp:featuredmedia":[{"embeddable":true,"href":"https:\/\/shop.tampere.fi\/tampereentaidemuseo\/wp-json\/wp\/v2\/media\/454"}],"wp:attachment":[{"href":"https:\/\/shop.tampere.fi\/tampereentaidemuseo\/wp-json\/wp\/v2\/media?parent=457"}],"wp:term":[{"taxonomy":"product_brand","embeddable":true,"href":"https:\/\/shop.tampere.fi\/tampereentaidemuseo\/wp-json\/wp\/v2\/product_brand?post=457"},{"taxonomy":"product_cat","embeddable":true,"href":"https:\/\/shop.tampere.fi\/tampereentaidemuseo\/wp-json\/wp\/v2\/product_cat?post=457"},{"taxonomy":"product_tag","embeddable":true,"href":"https:\/\/shop.tampere.fi\/tampereentaidemuseo\/wp-json\/wp\/v2\/product_tag?post=457"}],"curies":[{"name":"wp","href":"https:\/\/api.w.org\/{rel}","templated":true}]}}